{"id":9129,"date":"2023-03-16T16:24:53","date_gmt":"2023-03-16T14:24:53","guid":{"rendered":"https:\/\/www.masperotech.it\/ottone\/"},"modified":"2025-09-02T17:06:07","modified_gmt":"2025-09-02T15:06:07","slug":"ottone","status":"publish","type":"page","link":"https:\/\/www.masperotech.it\/it\/ottone\/","title":{"rendered":"Ottone"},"content":{"rendered":"\t\t<div data-elementor-type=\"wp-page\" data-elementor-id=\"9129\" class=\"elementor elementor-9129 elementor-5814\" data-elementor-post-type=\"page\">\n\t\t\t\t\t\t<section class=\"elementor-section elementor-top-section elementor-element elementor-element-85cbba8 blacktxt elementor-section-boxed elementor-section-height-default elementor-section-height-default\" data-id=\"85cbba8\" data-element_type=\"section\">\n\t\t\t\t\t\t<div class=\"elementor-container elementor-column-gap-default\">\n\t\t\t\t\t<div class=\"elementor-column elementor-col-100 elementor-top-column elementor-element elementor-element-4b3c201\" data-id=\"4b3c201\" data-element_type=\"column\">\n\t\t\t<div class=\"elementor-widget-wrap elementor-element-populated\">\n\t\t\t\t\t\t<div class=\"elementor-element elementor-element-ba993d1 elementor-widget elementor-widget-text-editor\" data-id=\"ba993d1\" data-element_type=\"widget\" data-widget_type=\"text-editor.default\">\n\t\t\t\t<div class=\"elementor-widget-container\">\n\t\t\t\t\t\t\t<p><strong>L\u2019ottone<\/strong>\u00a0\u00e8 una lega formata da rame e zinco, le cui propriet\u00e0 sono numerose: riciclabilit\u00e0, convenienza e spesa energetica contenuta sono fattori fondamentali in svariati ambiti di applicazione.<\/p>\n<p>Possiamo eseguire trattamenti termici interni per tutte le leghe di ottone.<\/p>\n\t\t\t\t\t\t<\/div>\n\t\t\t\t<\/div>\n\t\t\t\t<div class=\"elementor-element elementor-element-aa609ad elementor-widget elementor-widget-heading\" data-id=\"aa609ad\" data-element_type=\"widget\" data-widget_type=\"heading.default\">\n\t\t\t\t<div class=\"elementor-widget-container\">\n\t\t\t<h4 class=\"elementor-heading-title elementor-size-default\">leghe<\/h4>\t\t<\/div>\n\t\t\t\t<\/div>\n\t\t\t\t<section class=\"elementor-section elementor-inner-section elementor-element elementor-element-fbba5bd elementor-section-boxed elementor-section-height-default elementor-section-height-default\" data-id=\"fbba5bd\" data-element_type=\"section\">\n\t\t\t\t\t\t<div class=\"elementor-container elementor-column-gap-default\">\n\t\t\t\t\t<div class=\"elementor-column elementor-col-100 elementor-inner-column elementor-element elementor-element-5c91c01\" data-id=\"5c91c01\" data-element_type=\"column\">\n\t\t\t<div class=\"elementor-widget-wrap elementor-element-populated\">\n\t\t\t\t\t\t<div class=\"elementor-element elementor-element-9802be7 elementor-widget elementor-widget-text-editor\" data-id=\"9802be7\" data-element_type=\"widget\" data-widget_type=\"text-editor.default\">\n\t\t\t\t<div class=\"elementor-widget-container\">\n\t\t\t\t\t\t\t<ul>\r\n \t<li>Cu Zn39 Sn1 CW 719N<\/li>\r\n \t<li>Cu Zn36 Pb2 As CW 602N<\/li>\r\n \t<li>Cu Zn38 As CW 511L<\/li>\r\n \t<li>Cu Zn35 Pb1 CW 625N<\/li>\r\n \t<li>Cu Zn33 Pb1 CW 626N<\/li>\r\n \t<li>Cu Zn40 Pb2 CW 617N<\/li>\r\n \t<li>Cu Zn42 CW 510L<\/li>\r\n \t<li>Cu Zn42 CW 510L<\/li>\r\n \t<li>Cu Zn39 Pb2 CW 612N<\/li>\r\n \t<li>Cu Zn33 Pb1 CW 725R<\/li>\r\n \t<li>Cu Zn21 Si3 CW 724R ECOBRASS <sup>\u00ae<\/sup><\/li>\r\n<\/ul>\t\t\t\t\t\t<\/div>\n\t\t\t\t<\/div>\n\t\t\t\t\t<\/div>\n\t\t<\/div>\n\t\t\t\t\t<\/div>\n\t\t<\/section>\n\t\t\t\t\t<\/div>\n\t\t<\/div>\n\t\t\t\t\t<\/div>\n\t\t<\/section>\n\t\t\t\t<section class=\"elementor-section elementor-top-section elementor-element elementor-element-045543a blacktxt elementor-section-boxed elementor-section-height-default elementor-section-height-default\" data-id=\"045543a\" data-element_type=\"section\" data-settings=\"{&quot;background_background&quot;:&quot;classic&quot;}\">\n\t\t\t\t\t\t<div class=\"elementor-container elementor-column-gap-default\">\n\t\t\t\t\t<div class=\"elementor-column elementor-col-100 elementor-top-column elementor-element elementor-element-fa8f68b\" data-id=\"fa8f68b\" data-element_type=\"column\">\n\t\t\t<div class=\"elementor-widget-wrap elementor-element-populated\">\n\t\t\t\t\t\t<div class=\"elementor-element elementor-element-23ec37b txt3 elementor-widget elementor-widget-heading\" data-id=\"23ec37b\" data-element_type=\"widget\" data-widget_type=\"heading.default\">\n\t\t\t\t<div class=\"elementor-widget-container\">\n\t\t\t<h4 class=\"elementor-heading-title elementor-size-default\">Caratteristiche<\/h4>\t\t<\/div>\n\t\t\t\t<\/div>\n\t\t\t\t<div class=\"elementor-element elementor-element-b27a80d elementor-widget elementor-widget-text-editor\" data-id=\"b27a80d\" data-element_type=\"widget\" data-widget_type=\"text-editor.default\">\n\t\t\t\t<div class=\"elementor-widget-container\">\n\t\t\t\t\t\t\t<p>Di seguito le principali caratteristiche dei forgiati in ottone:<\/p>\t\t\t\t\t\t<\/div>\n\t\t\t\t<\/div>\n\t\t\t\t<section class=\"elementor-section elementor-inner-section elementor-element elementor-element-62c2dde pad icon-box2 elementor-section-boxed elementor-section-height-default elementor-section-height-default\" data-id=\"62c2dde\" data-element_type=\"section\">\n\t\t\t\t\t\t<div class=\"elementor-container elementor-column-gap-default\">\n\t\t\t\t\t<div class=\"elementor-column elementor-col-50 elementor-inner-column elementor-element elementor-element-b3a322c\" data-id=\"b3a322c\" data-element_type=\"column\">\n\t\t\t<div class=\"elementor-widget-wrap elementor-element-populated\">\n\t\t\t\t\t\t<div class=\"elementor-element elementor-element-5b7b291 elementor-position-left elementor-vertical-align-top elementor-widget elementor-widget-image-box\" data-id=\"5b7b291\" data-element_type=\"widget\" data-widget_type=\"image-box.default\">\n\t\t\t\t<div class=\"elementor-widget-container\">\n\t\t\t<div class=\"elementor-image-box-wrapper\"><figure class=\"elementor-image-box-img\"><img decoding=\"async\" width=\"69\" height=\"66\" src=\"https:\/\/www.masperotech.it\/wp-content\/uploads\/2025\/09\/mechan-1-1.png\" class=\"attachment-full size-full wp-image-35165\" alt=\"\" \/><\/figure><div class=\"elementor-image-box-content\"><h6 class=\"elementor-image-box-title\">DUREZZA<\/h6><\/div><\/div>\t\t<\/div>\n\t\t\t\t<\/div>\n\t\t\t\t<div class=\"elementor-element elementor-element-3ce419a elementor-position-left elementor-vertical-align-top elementor-widget elementor-widget-image-box\" data-id=\"3ce419a\" data-element_type=\"widget\" data-widget_type=\"image-box.default\">\n\t\t\t\t<div class=\"elementor-widget-container\">\n\t\t\t<div class=\"elementor-image-box-wrapper\"><figure class=\"elementor-image-box-img\"><img decoding=\"async\" width=\"63\" height=\"63\" src=\"https:\/\/www.masperotech.it\/wp-content\/uploads\/2025\/09\/durability-1-1.png\" class=\"attachment-full size-full wp-image-35255\" alt=\"\" \/><\/figure><div class=\"elementor-image-box-content\"><h6 class=\"elementor-image-box-title\">RESISTENZA MECCANICA<\/h6><\/div><\/div>\t\t<\/div>\n\t\t\t\t<\/div>\n\t\t\t\t<div class=\"elementor-element elementor-element-89ca47d elementor-position-left elementor-vertical-align-top elementor-widget elementor-widget-image-box\" data-id=\"89ca47d\" data-element_type=\"widget\" data-widget_type=\"image-box.default\">\n\t\t\t\t<div class=\"elementor-widget-container\">\n\t\t\t<div class=\"elementor-image-box-wrapper\"><figure class=\"elementor-image-box-img\"><img decoding=\"async\" width=\"71\" height=\"65\" src=\"https:\/\/www.masperotech.it\/wp-content\/uploads\/2025\/09\/resistence-1-1.png\" class=\"attachment-full size-full wp-image-35051\" alt=\"\" \/><\/figure><div class=\"elementor-image-box-content\"><h6 class=\"elementor-image-box-title\">RESISTENZA ALLA CORROSIONE<\/h6><\/div><\/div>\t\t<\/div>\n\t\t\t\t<\/div>\n\t\t\t\t<div class=\"elementor-element elementor-element-cc01def elementor-position-left elementor-vertical-align-top elementor-widget elementor-widget-image-box\" data-id=\"cc01def\" data-element_type=\"widget\" data-widget_type=\"image-box.default\">\n\t\t\t\t<div class=\"elementor-widget-container\">\n\t\t\t<div class=\"elementor-image-box-wrapper\"><figure class=\"elementor-image-box-img\"><img loading=\"lazy\" decoding=\"async\" width=\"63\" height=\"53\" src=\"https:\/\/www.masperotech.it\/wp-content\/uploads\/2025\/09\/weight-1-1.png\" class=\"attachment-full size-full wp-image-35173\" alt=\"\" \/><\/figure><div class=\"elementor-image-box-content\"><h6 class=\"elementor-image-box-title\">PESO SPECIFICO<\/h6><p class=\"elementor-image-box-description\">Il peso specifico \u00e8 di circa 8,45 kg \/ dm3<\/p><\/div><\/div>\t\t<\/div>\n\t\t\t\t<\/div>\n\t\t\t\t\t<\/div>\n\t\t<\/div>\n\t\t\t\t<div class=\"elementor-column elementor-col-50 elementor-inner-column elementor-element elementor-element-1a3da0b\" data-id=\"1a3da0b\" data-element_type=\"column\">\n\t\t\t<div class=\"elementor-widget-wrap elementor-element-populated\">\n\t\t\t\t\t\t<div class=\"elementor-element elementor-element-6b8d357 elementor-position-left elementor-vertical-align-top elementor-widget elementor-widget-image-box\" data-id=\"6b8d357\" data-element_type=\"widget\" data-widget_type=\"image-box.default\">\n\t\t\t\t<div class=\"elementor-widget-container\">\n\t\t\t<div class=\"elementor-image-box-wrapper\"><figure class=\"elementor-image-box-img\"><img loading=\"lazy\" decoding=\"async\" width=\"73\" height=\"73\" src=\"https:\/\/www.masperotech.it\/wp-content\/uploads\/2025\/09\/Group-2-1.png\" class=\"attachment-full size-full wp-image-35259\" alt=\"\" \/><\/figure><div class=\"elementor-image-box-content\"><h6 class=\"elementor-image-box-title\">ANTIBATTERICO<\/h6><\/div><\/div>\t\t<\/div>\n\t\t\t\t<\/div>\n\t\t\t\t<div class=\"elementor-element elementor-element-d6a4314 elementor-position-left elementor-vertical-align-top elementor-widget elementor-widget-image-box\" data-id=\"d6a4314\" data-element_type=\"widget\" data-widget_type=\"image-box.default\">\n\t\t\t\t<div class=\"elementor-widget-container\">\n\t\t\t<div class=\"elementor-image-box-wrapper\"><figure class=\"elementor-image-box-img\"><img loading=\"lazy\" decoding=\"async\" width=\"60\" height=\"63\" src=\"https:\/\/www.masperotech.it\/wp-content\/uploads\/2025\/09\/Group-3-1.png\" class=\"attachment-full size-full wp-image-35263\" alt=\"\" \/><\/figure><div class=\"elementor-image-box-content\"><h6 class=\"elementor-image-box-title\">SCAMBIO TERMICO<\/h6><\/div><\/div>\t\t<\/div>\n\t\t\t\t<\/div>\n\t\t\t\t<div class=\"elementor-element elementor-element-5928c5c elementor-position-left elementor-vertical-align-top elementor-widget elementor-widget-image-box\" data-id=\"5928c5c\" data-element_type=\"widget\" data-widget_type=\"image-box.default\">\n\t\t\t\t<div class=\"elementor-widget-container\">\n\t\t\t<div class=\"elementor-image-box-wrapper\"><figure class=\"elementor-image-box-img\"><img loading=\"lazy\" decoding=\"async\" width=\"66\" height=\"66\" src=\"https:\/\/www.masperotech.it\/wp-content\/uploads\/2025\/09\/workability-1-1.png\" class=\"attachment-full size-full wp-image-35267\" alt=\"\" \/><\/figure><div class=\"elementor-image-box-content\"><h6 class=\"elementor-image-box-title\">ALTISSIMA LAVORABILIT\u00c0<\/h6><\/div><\/div>\t\t<\/div>\n\t\t\t\t<\/div>\n\t\t\t\t\t<\/div>\n\t\t<\/div>\n\t\t\t\t\t<\/div>\n\t\t<\/section>\n\t\t\t\t\t<\/div>\n\t\t<\/div>\n\t\t\t\t\t<\/div>\n\t\t<\/section>\n\t\t\t\t<section class=\"elementor-section elementor-top-section elementor-element elementor-element-1916a0e elementor-section-boxed elementor-section-height-default elementor-section-height-default\" data-id=\"1916a0e\" data-element_type=\"section\">\n\t\t\t\t\t\t<div class=\"elementor-container elementor-column-gap-default\">\n\t\t\t\t\t<div class=\"elementor-column elementor-col-100 elementor-top-column elementor-element elementor-element-59875ae\" data-id=\"59875ae\" data-element_type=\"column\">\n\t\t\t<div class=\"elementor-widget-wrap elementor-element-populated\">\n\t\t\t\t\t\t<div class=\"elementor-element elementor-element-a03599c blacktxt txt4 elementor-widget elementor-widget-heading\" data-id=\"a03599c\" data-element_type=\"widget\" data-widget_type=\"heading.default\">\n\t\t\t\t<div class=\"elementor-widget-container\">\n\t\t\t<h4 class=\"elementor-heading-title elementor-size-default\">SETTORI DI APPLICAZIONE<\/h4>\t\t<\/div>\n\t\t\t\t<\/div>\n\t\t\t\t<div class=\"elementor-element elementor-element-9ce1a8c elementor-widget elementor-widget-text-editor\" data-id=\"9ce1a8c\" data-element_type=\"widget\" data-widget_type=\"text-editor.default\">\n\t\t\t\t<div class=\"elementor-widget-container\">\n\t\t\t\t\t\t\t<ul><li>Nautico<\/li><li>Separatori di liquidi<\/li><li>Ferroviario &#8211; Alta velocit\u00e0<\/li><li>Apparecchi idrotermosanitari<\/li><li>Design<\/li><\/ul>\t\t\t\t\t\t<\/div>\n\t\t\t\t<\/div>\n\t\t\t\t\t<\/div>\n\t\t<\/div>\n\t\t\t\t\t<\/div>\n\t\t<\/section>\n\t\t\t\t<\/div>\n\t\t","protected":false},"excerpt":{"rendered":"<p>L\u2019ottone\u00a0\u00e8 una lega formata da rame e zinco, le cui propriet\u00e0 sono numerose: riciclabilit\u00e0, convenienza e spesa energetica contenuta sono fattori fondamentali in svariati ambiti di applicazione. Possiamo eseguire trattamenti termici interni per tutte le leghe di ottone. leghe Cu Zn39 Sn1 CW 719N Cu Zn36 Pb2 As CW 602N Cu Zn38 As CW 511L [&hellip;]<\/p>\n","protected":false},"author":2,"featured_media":8871,"parent":0,"menu_order":0,"comment_status":"closed","ping_status":"closed","template":"","meta":{"_acf_changed":false,"footnotes":""},"class_list":["post-9129","page","type-page","status-publish","has-post-thumbnail","hentry"],"acf":[],"_links":{"self":[{"href":"https:\/\/www.masperotech.it\/it\/wp-json\/wp\/v2\/pages\/9129","targetHints":{"allow":["GET"]}}],"collection":[{"href":"https:\/\/www.masperotech.it\/it\/wp-json\/wp\/v2\/pages"}],"about":[{"href":"https:\/\/www.masperotech.it\/it\/wp-json\/wp\/v2\/types\/page"}],"author":[{"embeddable":true,"href":"https:\/\/www.masperotech.it\/it\/wp-json\/wp\/v2\/users\/2"}],"replies":[{"embeddable":true,"href":"https:\/\/www.masperotech.it\/it\/wp-json\/wp\/v2\/comments?post=9129"}],"version-history":[{"count":3,"href":"https:\/\/www.masperotech.it\/it\/wp-json\/wp\/v2\/pages\/9129\/revisions"}],"predecessor-version":[{"id":35309,"href":"https:\/\/www.masperotech.it\/it\/wp-json\/wp\/v2\/pages\/9129\/revisions\/35309"}],"wp:featuredmedia":[{"embeddable":true,"href":"https:\/\/www.masperotech.it\/it\/wp-json\/wp\/v2\/media\/8871"}],"wp:attachment":[{"href":"https:\/\/www.masperotech.it\/it\/wp-json\/wp\/v2\/media?parent=9129"}],"curies":[{"name":"wp","href":"https:\/\/api.w.org\/{rel}","templated":true}]}}