{"id":9125,"date":"2023-03-16T16:05:01","date_gmt":"2023-03-16T14:05:01","guid":{"rendered":"https:\/\/www.masperotech.it\/titanio\/"},"modified":"2025-09-02T16:58:01","modified_gmt":"2025-09-02T14:58:01","slug":"titanio","status":"publish","type":"page","link":"https:\/\/www.masperotech.it\/it\/titanio\/","title":{"rendered":"Titanio"},"content":{"rendered":"\t\t<div data-elementor-type=\"wp-page\" data-elementor-id=\"9125\" class=\"elementor elementor-9125 elementor-5757\" data-elementor-post-type=\"page\">\n\t\t\t\t\t\t<section class=\"elementor-section elementor-top-section elementor-element elementor-element-b8a8eb3 blacktxt elementor-section-boxed elementor-section-height-default elementor-section-height-default\" data-id=\"b8a8eb3\" data-element_type=\"section\">\n\t\t\t\t\t\t<div class=\"elementor-container elementor-column-gap-default\">\n\t\t\t\t\t<div class=\"elementor-column elementor-col-100 elementor-top-column elementor-element elementor-element-4b38845\" data-id=\"4b38845\" data-element_type=\"column\">\n\t\t\t<div class=\"elementor-widget-wrap elementor-element-populated\">\n\t\t\t\t\t\t<div class=\"elementor-element elementor-element-a60914f elementor-widget elementor-widget-text-editor\" data-id=\"a60914f\" data-element_type=\"widget\" data-widget_type=\"text-editor.default\">\n\t\t\t\t<div class=\"elementor-widget-container\">\n\t\t\t\t\t\t\t<p>Grazie alle loro propriet\u00e0 e al loro costo, le leghe di titanio sono la scelta ideale per tutte quelle applicazioni in cui il costo pi\u00f9 elevato \u00e8 giustificato da prestazioni elevate, come i processi chimici e aerospaziali e le protesi.<\/p>\n\t\t\t\t\t\t<\/div>\n\t\t\t\t<\/div>\n\t\t\t\t<div class=\"elementor-element elementor-element-85969b6 elementor-widget elementor-widget-heading\" data-id=\"85969b6\" data-element_type=\"widget\" data-widget_type=\"heading.default\">\n\t\t\t\t<div class=\"elementor-widget-container\">\n\t\t\t<h4 class=\"elementor-heading-title elementor-size-default\">leghe<\/h4>\t\t<\/div>\n\t\t\t\t<\/div>\n\t\t\t\t<div class=\"elementor-element elementor-element-0575f84 elementor-widget elementor-widget-text-editor\" data-id=\"0575f84\" data-element_type=\"widget\" data-widget_type=\"text-editor.default\">\n\t\t\t\t<div class=\"elementor-widget-container\">\n\t\t\t\t\t\t\t<ul>\n<li>ASTM B 348 Gr5<\/li>\n<li>ASTM B 381 Gr5<\/li>\n<li>ASTM B 348 Gr2<\/li>\n<\/ul>\n\t\t\t\t\t\t<\/div>\n\t\t\t\t<\/div>\n\t\t\t\t\t<\/div>\n\t\t<\/div>\n\t\t\t\t\t<\/div>\n\t\t<\/section>\n\t\t\t\t<section class=\"elementor-section elementor-top-section elementor-element elementor-element-f48e406 blacktxt elementor-section-boxed elementor-section-height-default elementor-section-height-default\" data-id=\"f48e406\" data-element_type=\"section\" data-settings=\"{&quot;background_background&quot;:&quot;classic&quot;}\">\n\t\t\t\t\t\t<div class=\"elementor-container elementor-column-gap-default\">\n\t\t\t\t\t<div class=\"elementor-column elementor-col-100 elementor-top-column elementor-element elementor-element-c738c04\" data-id=\"c738c04\" data-element_type=\"column\">\n\t\t\t<div class=\"elementor-widget-wrap elementor-element-populated\">\n\t\t\t\t\t\t<div class=\"elementor-element elementor-element-74f5328 elementor-widget elementor-widget-heading\" data-id=\"74f5328\" data-element_type=\"widget\" data-widget_type=\"heading.default\">\n\t\t\t\t<div class=\"elementor-widget-container\">\n\t\t\t<h4 class=\"elementor-heading-title elementor-size-default\">Caratteristiche<\/h4>\t\t<\/div>\n\t\t\t\t<\/div>\n\t\t\t\t<div class=\"elementor-element elementor-element-5e2d2dd elementor-widget elementor-widget-text-editor\" data-id=\"5e2d2dd\" data-element_type=\"widget\" data-widget_type=\"text-editor.default\">\n\t\t\t\t<div class=\"elementor-widget-container\">\n\t\t\t\t\t\t\t<p>Le leghe di titanio vengono scelte per applicazioni che richiedono:<\/p>\t\t\t\t\t\t<\/div>\n\t\t\t\t<\/div>\n\t\t\t\t<section class=\"elementor-section elementor-inner-section elementor-element elementor-element-ee9c098 pad icon-box2 elementor-section-boxed elementor-section-height-default elementor-section-height-default\" data-id=\"ee9c098\" data-element_type=\"section\">\n\t\t\t\t\t\t<div class=\"elementor-container elementor-column-gap-default\">\n\t\t\t\t\t<div class=\"elementor-column elementor-col-50 elementor-inner-column elementor-element elementor-element-9d92345\" data-id=\"9d92345\" data-element_type=\"column\">\n\t\t\t<div class=\"elementor-widget-wrap elementor-element-populated\">\n\t\t\t\t\t\t<div class=\"elementor-element elementor-element-bcd1559 elementor-position-left elementor-vertical-align-top elementor-widget elementor-widget-image-box\" data-id=\"bcd1559\" data-element_type=\"widget\" data-widget_type=\"image-box.default\">\n\t\t\t\t<div class=\"elementor-widget-container\">\n\t\t\t<div class=\"elementor-image-box-wrapper\"><figure class=\"elementor-image-box-img\"><img decoding=\"async\" width=\"69\" height=\"66\" src=\"https:\/\/www.masperotech.it\/wp-content\/uploads\/2025\/09\/mechan-1-1.png\" class=\"attachment-full size-full wp-image-35165\" alt=\"\" \/><\/figure><div class=\"elementor-image-box-content\"><h6 class=\"elementor-image-box-title\">ALTA RESISTENZA<\/h6><p class=\"elementor-image-box-description\">Superiore a quella dell\u2019acciaio<\/p><\/div><\/div>\t\t<\/div>\n\t\t\t\t<\/div>\n\t\t\t\t<div class=\"elementor-element elementor-element-701a90a elementor-position-left elementor-vertical-align-top elementor-widget elementor-widget-image-box\" data-id=\"701a90a\" data-element_type=\"widget\" data-widget_type=\"image-box.default\">\n\t\t\t\t<div class=\"elementor-widget-container\">\n\t\t\t<div class=\"elementor-image-box-wrapper\"><figure class=\"elementor-image-box-img\"><img decoding=\"async\" width=\"71\" height=\"65\" src=\"https:\/\/www.masperotech.it\/wp-content\/uploads\/2025\/09\/resistence-1-1.png\" class=\"attachment-full size-full wp-image-35051\" alt=\"\" \/><\/figure><div class=\"elementor-image-box-content\"><h6 class=\"elementor-image-box-title\">ELEVATA RESISTENZA ALLA CORROSIONE<\/h6><\/div><\/div>\t\t<\/div>\n\t\t\t\t<\/div>\n\t\t\t\t\t<\/div>\n\t\t<\/div>\n\t\t\t\t<div class=\"elementor-column elementor-col-50 elementor-inner-column elementor-element elementor-element-fda9906\" data-id=\"fda9906\" data-element_type=\"column\">\n\t\t\t<div class=\"elementor-widget-wrap elementor-element-populated\">\n\t\t\t\t\t\t<div class=\"elementor-element elementor-element-28f6af4 elementor-position-left elementor-vertical-align-top elementor-widget elementor-widget-image-box\" data-id=\"28f6af4\" data-element_type=\"widget\" data-widget_type=\"image-box.default\">\n\t\t\t\t<div class=\"elementor-widget-container\">\n\t\t\t<div class=\"elementor-image-box-wrapper\"><figure class=\"elementor-image-box-img\"><img decoding=\"async\" width=\"77\" height=\"58\" src=\"https:\/\/www.masperotech.it\/wp-content\/uploads\/2025\/09\/light-1-1.png\" class=\"attachment-full size-full wp-image-35169\" alt=\"\" \/><\/figure><div class=\"elementor-image-box-content\"><h6 class=\"elementor-image-box-title\">PESO RIDOTTO<\/h6><\/div><\/div>\t\t<\/div>\n\t\t\t\t<\/div>\n\t\t\t\t<div class=\"elementor-element elementor-element-7915395 elementor-position-left elementor-vertical-align-top elementor-widget elementor-widget-image-box\" data-id=\"7915395\" data-element_type=\"widget\" data-widget_type=\"image-box.default\">\n\t\t\t\t<div class=\"elementor-widget-container\">\n\t\t\t<div class=\"elementor-image-box-wrapper\"><figure class=\"elementor-image-box-img\"><img loading=\"lazy\" decoding=\"async\" width=\"63\" height=\"53\" src=\"https:\/\/www.masperotech.it\/wp-content\/uploads\/2025\/09\/weight-1-1.png\" class=\"attachment-full size-full wp-image-35173\" alt=\"\" \/><\/figure><div class=\"elementor-image-box-content\"><h6 class=\"elementor-image-box-title\">PESO SPECIFICO<\/h6><p class=\"elementor-image-box-description\">Il peso specifico \u00e8 di circa 4.5 kg\/dm3<\/p><\/div><\/div>\t\t<\/div>\n\t\t\t\t<\/div>\n\t\t\t\t\t<\/div>\n\t\t<\/div>\n\t\t\t\t\t<\/div>\n\t\t<\/section>\n\t\t\t\t\t<\/div>\n\t\t<\/div>\n\t\t\t\t\t<\/div>\n\t\t<\/section>\n\t\t\t\t<section class=\"elementor-section elementor-top-section elementor-element elementor-element-cbdd64c elementor-section-boxed elementor-section-height-default elementor-section-height-default\" data-id=\"cbdd64c\" data-element_type=\"section\">\n\t\t\t\t\t\t<div class=\"elementor-container elementor-column-gap-default\">\n\t\t\t\t\t<div class=\"elementor-column elementor-col-100 elementor-top-column elementor-element elementor-element-cd0781a\" data-id=\"cd0781a\" data-element_type=\"column\">\n\t\t\t<div class=\"elementor-widget-wrap elementor-element-populated\">\n\t\t\t\t\t\t<div class=\"elementor-element elementor-element-08b4ba1 blacktxt txt4 elementor-widget elementor-widget-heading\" data-id=\"08b4ba1\" data-element_type=\"widget\" data-widget_type=\"heading.default\">\n\t\t\t\t<div class=\"elementor-widget-container\">\n\t\t\t<h4 class=\"elementor-heading-title elementor-size-default\">SETTORI DI APPLICAZIONE<\/h4>\t\t<\/div>\n\t\t\t\t<\/div>\n\t\t\t\t<div class=\"elementor-element elementor-element-42a1030 elementor-widget elementor-widget-text-editor\" data-id=\"42a1030\" data-element_type=\"widget\" data-widget_type=\"text-editor.default\">\n\t\t\t\t<div class=\"elementor-widget-container\">\n\t\t\t\t\t\t\t<ul><li>Aerospace<\/li><li>Medicale<\/li><li>Ingegneria generale<\/li><li>Bassa e Media tensione<\/li><li>Alta tensione<\/li><\/ul>\t\t\t\t\t\t<\/div>\n\t\t\t\t<\/div>\n\t\t\t\t\t<\/div>\n\t\t<\/div>\n\t\t\t\t\t<\/div>\n\t\t<\/section>\n\t\t\t\t<\/div>\n\t\t","protected":false},"excerpt":{"rendered":"<p>Grazie alle loro propriet\u00e0 e al loro costo, le leghe di titanio sono la scelta ideale per tutte quelle applicazioni in cui il costo pi\u00f9 elevato \u00e8 giustificato da prestazioni elevate, come i processi chimici e aerospaziali e le protesi. leghe ASTM B 348 Gr5 ASTM B 381 Gr5 ASTM B 348 Gr2 Caratteristiche Le [&hellip;]<\/p>\n","protected":false},"author":2,"featured_media":9033,"parent":0,"menu_order":0,"comment_status":"closed","ping_status":"closed","template":"","meta":{"_acf_changed":false,"footnotes":""},"class_list":["post-9125","page","type-page","status-publish","has-post-thumbnail","hentry"],"acf":[],"_links":{"self":[{"href":"https:\/\/www.masperotech.it\/it\/wp-json\/wp\/v2\/pages\/9125","targetHints":{"allow":["GET"]}}],"collection":[{"href":"https:\/\/www.masperotech.it\/it\/wp-json\/wp\/v2\/pages"}],"about":[{"href":"https:\/\/www.masperotech.it\/it\/wp-json\/wp\/v2\/types\/page"}],"author":[{"embeddable":true,"href":"https:\/\/www.masperotech.it\/it\/wp-json\/wp\/v2\/users\/2"}],"replies":[{"embeddable":true,"href":"https:\/\/www.masperotech.it\/it\/wp-json\/wp\/v2\/comments?post=9125"}],"version-history":[{"count":3,"href":"https:\/\/www.masperotech.it\/it\/wp-json\/wp\/v2\/pages\/9125\/revisions"}],"predecessor-version":[{"id":35215,"href":"https:\/\/www.masperotech.it\/it\/wp-json\/wp\/v2\/pages\/9125\/revisions\/35215"}],"wp:featuredmedia":[{"embeddable":true,"href":"https:\/\/www.masperotech.it\/it\/wp-json\/wp\/v2\/media\/9033"}],"wp:attachment":[{"href":"https:\/\/www.masperotech.it\/it\/wp-json\/wp\/v2\/media?parent=9125"}],"curies":[{"name":"wp","href":"https:\/\/api.w.org\/{rel}","templated":true}]}}