{"id":9123,"date":"2023-03-16T15:20:07","date_gmt":"2023-03-16T13:20:07","guid":{"rendered":"https:\/\/www.masperotech.it\/rame\/"},"modified":"2025-09-02T16:54:47","modified_gmt":"2025-09-02T14:54:47","slug":"rame","status":"publish","type":"page","link":"https:\/\/www.masperotech.it\/it\/rame\/","title":{"rendered":"Rame"},"content":{"rendered":"\t\t<div data-elementor-type=\"wp-page\" data-elementor-id=\"9123\" class=\"elementor elementor-9123 elementor-5674\" data-elementor-post-type=\"page\">\n\t\t\t\t\t\t<section class=\"elementor-section elementor-top-section elementor-element elementor-element-a09103e blacktxt elementor-section-boxed elementor-section-height-default elementor-section-height-default\" data-id=\"a09103e\" data-element_type=\"section\">\n\t\t\t\t\t\t<div class=\"elementor-container elementor-column-gap-default\">\n\t\t\t\t\t<div class=\"elementor-column elementor-col-100 elementor-top-column elementor-element elementor-element-e2dc8a9\" data-id=\"e2dc8a9\" data-element_type=\"column\">\n\t\t\t<div class=\"elementor-widget-wrap elementor-element-populated\">\n\t\t\t\t\t\t<div class=\"elementor-element elementor-element-43314fd elementor-widget elementor-widget-text-editor\" data-id=\"43314fd\" data-element_type=\"widget\" data-widget_type=\"text-editor.default\">\n\t\t\t\t<div class=\"elementor-widget-container\">\n\t\t\t\t\t\t\t<p>Esistono 400 diverse leghe di rame. Ognuna di esse si distingue per una serie di propriet\u00e0 che possono essere adattate a un\u2019applicazione specifica o a un processo di produzione.<\/p>\n<p>Il <strong>rame \u201cpuro\u201d<\/strong> \u00e8 la lega con la maggiore capacit\u00e0 di condurre elettricit\u00e0 e scambiare calore tra vari metalli, oltre ad essere resistente alla corrosione.<\/p>\n\t\t\t\t\t\t<\/div>\n\t\t\t\t<\/div>\n\t\t\t\t<div class=\"elementor-element elementor-element-fd8b0de elementor-widget elementor-widget-heading\" data-id=\"fd8b0de\" data-element_type=\"widget\" data-widget_type=\"heading.default\">\n\t\t\t\t<div class=\"elementor-widget-container\">\n\t\t\t<h4 class=\"elementor-heading-title elementor-size-default\">leghe<\/h4>\t\t<\/div>\n\t\t\t\t<\/div>\n\t\t\t\t<section class=\"elementor-section elementor-inner-section elementor-element elementor-element-96f73c5 elementor-section-boxed elementor-section-height-default elementor-section-height-default\" data-id=\"96f73c5\" data-element_type=\"section\">\n\t\t\t\t\t\t<div class=\"elementor-container elementor-column-gap-default\">\n\t\t\t\t\t<div class=\"elementor-column elementor-col-100 elementor-inner-column elementor-element elementor-element-207de49\" data-id=\"207de49\" data-element_type=\"column\">\n\t\t\t<div class=\"elementor-widget-wrap elementor-element-populated\">\n\t\t\t\t\t\t<div class=\"elementor-element elementor-element-9b851c5 elementor-widget elementor-widget-text-editor\" data-id=\"9b851c5\" data-element_type=\"widget\" data-widget_type=\"text-editor.default\">\n\t\t\t\t<div class=\"elementor-widget-container\">\n\t\t\t\t\t\t\t<ul>\r\n \t<li>Cu ETP CW004A<\/li>\r\n \t<li>Cu Be2 CW101C<\/li>\r\n \t<li>Cu Cr1 Zr CW106C<\/li>\r\n \t<li>Cu Ni2 Si CW111C<\/li>\r\n \t<li>Cu-OF CW008A<\/li>\r\n<\/ul>\t\t\t\t\t\t<\/div>\n\t\t\t\t<\/div>\n\t\t\t\t\t<\/div>\n\t\t<\/div>\n\t\t\t\t\t<\/div>\n\t\t<\/section>\n\t\t\t\t\t<\/div>\n\t\t<\/div>\n\t\t\t\t\t<\/div>\n\t\t<\/section>\n\t\t\t\t<section class=\"elementor-section elementor-top-section elementor-element elementor-element-faa42be icon-box1 elementor-section-boxed elementor-section-height-default elementor-section-height-default\" data-id=\"faa42be\" data-element_type=\"section\" data-settings=\"{&quot;background_background&quot;:&quot;classic&quot;}\">\n\t\t\t\t\t\t<div class=\"elementor-container elementor-column-gap-default\">\n\t\t\t\t\t<div class=\"elementor-column elementor-col-100 elementor-top-column elementor-element elementor-element-07fee7b\" data-id=\"07fee7b\" data-element_type=\"column\">\n\t\t\t<div class=\"elementor-widget-wrap elementor-element-populated\">\n\t\t\t\t\t\t<div class=\"elementor-element elementor-element-dabc304 blacktxt elementor-widget elementor-widget-heading\" data-id=\"dabc304\" data-element_type=\"widget\" data-widget_type=\"heading.default\">\n\t\t\t\t<div class=\"elementor-widget-container\">\n\t\t\t<h4 class=\"elementor-heading-title elementor-size-default\">Caratteristiche<\/h4>\t\t<\/div>\n\t\t\t\t<\/div>\n\t\t\t\t<div class=\"elementor-element elementor-element-d595de1 elementor-widget elementor-widget-text-editor\" data-id=\"d595de1\" data-element_type=\"widget\" data-widget_type=\"text-editor.default\">\n\t\t\t\t<div class=\"elementor-widget-container\">\n\t\t\t\t\t\t\t<p>Di seguito le principali caratteristiche dei forgiati in rame:<\/p>\t\t\t\t\t\t<\/div>\n\t\t\t\t<\/div>\n\t\t\t\t<section class=\"elementor-section elementor-inner-section elementor-element elementor-element-0999880 pad icon-box2 elementor-section-boxed elementor-section-height-default elementor-section-height-default\" data-id=\"0999880\" data-element_type=\"section\">\n\t\t\t\t\t\t<div class=\"elementor-container elementor-column-gap-default\">\n\t\t\t\t\t<div class=\"elementor-column elementor-col-50 elementor-inner-column elementor-element elementor-element-052c09b\" data-id=\"052c09b\" data-element_type=\"column\">\n\t\t\t<div class=\"elementor-widget-wrap elementor-element-populated\">\n\t\t\t\t\t\t<div class=\"elementor-element elementor-element-dcfcefa elementor-position-left elementor-vertical-align-top elementor-widget elementor-widget-image-box\" data-id=\"dcfcefa\" data-element_type=\"widget\" data-widget_type=\"image-box.default\">\n\t\t\t\t<div class=\"elementor-widget-container\">\n\t\t\t<div class=\"elementor-image-box-wrapper\"><figure class=\"elementor-image-box-img\"><img decoding=\"async\" width=\"115\" height=\"172\" src=\"https:\/\/www.masperotech.it\/wp-content\/uploads\/2025\/09\/conductivity-1.png\" class=\"attachment-full size-full wp-image-35118\" alt=\"\" \/><\/figure><div class=\"elementor-image-box-content\"><h6 class=\"elementor-image-box-title\">Conduttivit\u00e0<\/h6><p class=\"elementor-image-box-description\">Il rame \u201cpuro\u201d \u00e8 la lega con la maggiore capacit\u00e0 di condurre elettricit\u00e0 e scambiare calore tra vari metalli.<\/p><\/div><\/div>\t\t<\/div>\n\t\t\t\t<\/div>\n\t\t\t\t<div class=\"elementor-element elementor-element-07777db elementor-position-left elementor-vertical-align-top elementor-widget elementor-widget-image-box\" data-id=\"07777db\" data-element_type=\"widget\" data-widget_type=\"image-box.default\">\n\t\t\t\t<div class=\"elementor-widget-container\">\n\t\t\t<div class=\"elementor-image-box-wrapper\"><figure class=\"elementor-image-box-img\"><img decoding=\"async\" width=\"63\" height=\"53\" src=\"https:\/\/www.masperotech.it\/wp-content\/uploads\/2025\/09\/weight-2.png\" class=\"attachment-full size-full wp-image-35059\" alt=\"\" \/><\/figure><div class=\"elementor-image-box-content\"><h6 class=\"elementor-image-box-title\">Il peso specifico \u00e8 di circa 8,94 kg\/dm3.<\/h6><p class=\"elementor-image-box-description\">Il peso specifico \u00e8 di circa 8,94 kg\/dm3.<\/p><\/div><\/div>\t\t<\/div>\n\t\t\t\t<\/div>\n\t\t\t\t\t<\/div>\n\t\t<\/div>\n\t\t\t\t<div class=\"elementor-column elementor-col-50 elementor-inner-column elementor-element elementor-element-492ff92\" data-id=\"492ff92\" data-element_type=\"column\">\n\t\t\t<div class=\"elementor-widget-wrap elementor-element-populated\">\n\t\t\t\t\t\t<div class=\"elementor-element elementor-element-0a93048 elementor-position-left elementor-vertical-align-top elementor-widget elementor-widget-image-box\" data-id=\"0a93048\" data-element_type=\"widget\" data-widget_type=\"image-box.default\">\n\t\t\t\t<div class=\"elementor-widget-container\">\n\t\t\t<div class=\"elementor-image-box-wrapper\"><figure class=\"elementor-image-box-img\"><img decoding=\"async\" width=\"71\" height=\"65\" src=\"https:\/\/www.masperotech.it\/wp-content\/uploads\/2025\/09\/resistence-2.png\" class=\"attachment-full size-full wp-image-35122\" alt=\"\" \/><\/figure><div class=\"elementor-image-box-content\"><h6 class=\"elementor-image-box-title\">RESISTENZA ALLA CORROSIONE<\/h6><\/div><\/div>\t\t<\/div>\n\t\t\t\t<\/div>\n\t\t\t\t\t<\/div>\n\t\t<\/div>\n\t\t\t\t\t<\/div>\n\t\t<\/section>\n\t\t\t\t\t<\/div>\n\t\t<\/div>\n\t\t\t\t\t<\/div>\n\t\t<\/section>\n\t\t\t\t<section class=\"elementor-section elementor-top-section elementor-element elementor-element-d219be0 elementor-section-boxed elementor-section-height-default elementor-section-height-default\" data-id=\"d219be0\" data-element_type=\"section\">\n\t\t\t\t\t\t<div class=\"elementor-container elementor-column-gap-default\">\n\t\t\t\t\t<div class=\"elementor-column elementor-col-100 elementor-top-column elementor-element elementor-element-846d011\" data-id=\"846d011\" data-element_type=\"column\">\n\t\t\t<div class=\"elementor-widget-wrap elementor-element-populated\">\n\t\t\t\t\t\t<div class=\"elementor-element elementor-element-78119c5 blacktxt txt4 elementor-widget elementor-widget-heading\" data-id=\"78119c5\" data-element_type=\"widget\" data-widget_type=\"heading.default\">\n\t\t\t\t<div class=\"elementor-widget-container\">\n\t\t\t<h4 class=\"elementor-heading-title elementor-size-default\">Sectors of application<\/h4>\t\t<\/div>\n\t\t\t\t<\/div>\n\t\t\t\t<div class=\"elementor-element elementor-element-2711fbb elementor-widget elementor-widget-text-editor\" data-id=\"2711fbb\" data-element_type=\"widget\" data-widget_type=\"text-editor.default\">\n\t\t\t\t<div class=\"elementor-widget-container\">\n\t\t\t\t\t\t\t<ul><li>Bassa e Media tensione<\/li><li>Alta tensione<\/li><li>Auto elettriche<\/li><\/ul>\t\t\t\t\t\t<\/div>\n\t\t\t\t<\/div>\n\t\t\t\t\t<\/div>\n\t\t<\/div>\n\t\t\t\t\t<\/div>\n\t\t<\/section>\n\t\t\t\t<\/div>\n\t\t","protected":false},"excerpt":{"rendered":"<p>Esistono 400 diverse leghe di rame. Ognuna di esse si distingue per una serie di propriet\u00e0 che possono essere adattate a un\u2019applicazione specifica o a un processo di produzione. Il rame \u201cpuro\u201d \u00e8 la lega con la maggiore capacit\u00e0 di condurre elettricit\u00e0 e scambiare calore tra vari metalli, oltre ad essere resistente alla corrosione. leghe [&hellip;]<\/p>\n","protected":false},"author":2,"featured_media":9034,"parent":0,"menu_order":0,"comment_status":"closed","ping_status":"closed","template":"","meta":{"_acf_changed":false,"footnotes":""},"class_list":["post-9123","page","type-page","status-publish","has-post-thumbnail","hentry"],"acf":[],"_links":{"self":[{"href":"https:\/\/www.masperotech.it\/it\/wp-json\/wp\/v2\/pages\/9123","targetHints":{"allow":["GET"]}}],"collection":[{"href":"https:\/\/www.masperotech.it\/it\/wp-json\/wp\/v2\/pages"}],"about":[{"href":"https:\/\/www.masperotech.it\/it\/wp-json\/wp\/v2\/types\/page"}],"author":[{"embeddable":true,"href":"https:\/\/www.masperotech.it\/it\/wp-json\/wp\/v2\/users\/2"}],"replies":[{"embeddable":true,"href":"https:\/\/www.masperotech.it\/it\/wp-json\/wp\/v2\/comments?post=9123"}],"version-history":[{"count":3,"href":"https:\/\/www.masperotech.it\/it\/wp-json\/wp\/v2\/pages\/9123\/revisions"}],"predecessor-version":[{"id":35164,"href":"https:\/\/www.masperotech.it\/it\/wp-json\/wp\/v2\/pages\/9123\/revisions\/35164"}],"wp:featuredmedia":[{"embeddable":true,"href":"https:\/\/www.masperotech.it\/it\/wp-json\/wp\/v2\/media\/9034"}],"wp:attachment":[{"href":"https:\/\/www.masperotech.it\/it\/wp-json\/wp\/v2\/media?parent=9123"}],"curies":[{"name":"wp","href":"https:\/\/api.w.org\/{rel}","templated":true}]}}