{"id":9121,"date":"2023-03-10T16:18:09","date_gmt":"2023-03-10T14:18:09","guid":{"rendered":"https:\/\/www.masperotech.it\/alluminio\/"},"modified":"2025-09-02T16:51:13","modified_gmt":"2025-09-02T14:51:13","slug":"alluminio","status":"publish","type":"page","link":"https:\/\/www.masperotech.it\/it\/alluminio\/","title":{"rendered":"Alluminio"},"content":{"rendered":"\t\t<div data-elementor-type=\"wp-page\" data-elementor-id=\"9121\" class=\"elementor elementor-9121 elementor-5130\" data-elementor-post-type=\"page\">\n\t\t\t\t\t\t<section class=\"elementor-section elementor-top-section elementor-element elementor-element-55fb2a4 blacktxt elementor-section-boxed elementor-section-height-default elementor-section-height-default\" data-id=\"55fb2a4\" data-element_type=\"section\">\n\t\t\t\t\t\t<div class=\"elementor-container elementor-column-gap-default\">\n\t\t\t\t\t<div class=\"elementor-column elementor-col-100 elementor-top-column elementor-element elementor-element-7fb4f1f\" data-id=\"7fb4f1f\" data-element_type=\"column\">\n\t\t\t<div class=\"elementor-widget-wrap elementor-element-populated\">\n\t\t\t\t\t\t<div class=\"elementor-element elementor-element-7fa77b7 elementor-widget elementor-widget-text-editor\" data-id=\"7fa77b7\" data-element_type=\"widget\" data-widget_type=\"text-editor.default\">\n\t\t\t\t<div class=\"elementor-widget-container\">\n\t\t\t\t\t\t\t<p>Le leghe di alluminio sono caratterizzate da una serie di propriet\u00e0 vantaggiose che gli permettono di essere utilizzate per una vasta gamma di applicazioni.<\/p>\n<p>L\u2019alluminio \u00e8, inoltre, riciclabile al 100%. Il nostro obiettivo \u00e8 contribuire a ridurre l\u2019impatto sul clima sfruttando appieno il potenziale dell\u2019alluminio come soluzione a basse emissioni di carbonio.<\/p>\n\t\t\t\t\t\t<\/div>\n\t\t\t\t<\/div>\n\t\t\t\t<div class=\"elementor-element elementor-element-2c9ecbd elementor-widget elementor-widget-heading\" data-id=\"2c9ecbd\" data-element_type=\"widget\" data-widget_type=\"heading.default\">\n\t\t\t\t<div class=\"elementor-widget-container\">\n\t\t\t<h4 class=\"elementor-heading-title elementor-size-default\">leghe<\/h4>\t\t<\/div>\n\t\t\t\t<\/div>\n\t\t\t\t<section class=\"elementor-section elementor-inner-section elementor-element elementor-element-4e81f63 elementor-section-boxed elementor-section-height-default elementor-section-height-default\" data-id=\"4e81f63\" data-element_type=\"section\">\n\t\t\t\t\t\t<div class=\"elementor-container elementor-column-gap-default\">\n\t\t\t\t\t<div class=\"elementor-column elementor-col-100 elementor-inner-column elementor-element elementor-element-ffa5b53\" data-id=\"ffa5b53\" data-element_type=\"column\">\n\t\t\t<div class=\"elementor-widget-wrap elementor-element-populated\">\n\t\t\t\t\t\t<div class=\"elementor-element elementor-element-ebd9d0b elementor-widget elementor-widget-text-editor\" data-id=\"ebd9d0b\" data-element_type=\"widget\" data-widget_type=\"text-editor.default\">\n\t\t\t\t<div class=\"elementor-widget-container\">\n\t\t\t\t\t\t\t<ul>\r\n \t<li>EN AW &#8211; AI Cu4 Si Mg ENAW2014<\/li>\r\n \t<li>EN AW &#8211; AI Cu4 Mg Si ENAW2017<\/li>\r\n \t<li>EN AW &#8211; AI Cu4 Mg1 ENAW2024<\/li>\r\n \t<li>EN AW &#8211; AI Mg3 ENAW5754<\/li>\r\n \t<li>EN AW &#8211; AI Mg Si ENAW6060<\/li>\r\n \t<li>EN AW &#8211; AI Mg1 Si Cu ENAW6061<\/li>\r\n \t<li>EN AW &#8211; AI Si1 Mg Mn ENAW6082<\/li>\r\n \t<li>EN AW &#8211; AI Zn6 Mg0,8 Zr ENAW7003<\/li>\r\n \t<li>EN AW &#8211; AI Zn4,5 Mg1 ENAW7020<\/li>\r\n \t<li>EN AW &#8211; AI Zn5,5 Mg Cu ENAW7075<\/li>\r\n<\/ul>\t\t\t\t\t\t<\/div>\n\t\t\t\t<\/div>\n\t\t\t\t\t<\/div>\n\t\t<\/div>\n\t\t\t\t\t<\/div>\n\t\t<\/section>\n\t\t\t\t\t<\/div>\n\t\t<\/div>\n\t\t\t\t\t<\/div>\n\t\t<\/section>\n\t\t\t\t<section class=\"elementor-section elementor-top-section elementor-element elementor-element-8a0c1d0 blacktxt icon-box2 elementor-section-boxed elementor-section-height-default elementor-section-height-default\" data-id=\"8a0c1d0\" data-element_type=\"section\" data-settings=\"{&quot;background_background&quot;:&quot;classic&quot;}\">\n\t\t\t\t\t\t<div class=\"elementor-container elementor-column-gap-default\">\n\t\t\t\t\t<div class=\"elementor-column elementor-col-100 elementor-top-column elementor-element elementor-element-18e8174\" data-id=\"18e8174\" data-element_type=\"column\">\n\t\t\t<div class=\"elementor-widget-wrap elementor-element-populated\">\n\t\t\t\t\t\t<div class=\"elementor-element elementor-element-9641d80 txt4 elementor-widget elementor-widget-heading\" data-id=\"9641d80\" data-element_type=\"widget\" data-settings=\"{&quot;motion_fx_motion_fx_scrolling&quot;:&quot;yes&quot;,&quot;motion_fx_translateX_effect&quot;:&quot;yes&quot;,&quot;motion_fx_translateX_speed&quot;:{&quot;unit&quot;:&quot;px&quot;,&quot;size&quot;:2,&quot;sizes&quot;:[]},&quot;motion_fx_devices&quot;:[&quot;desktop&quot;],&quot;motion_fx_translateX_affectedRange&quot;:{&quot;unit&quot;:&quot;%&quot;,&quot;size&quot;:&quot;&quot;,&quot;sizes&quot;:{&quot;start&quot;:0,&quot;end&quot;:100}}}\" data-widget_type=\"heading.default\">\n\t\t\t\t<div class=\"elementor-widget-container\">\n\t\t\t<h2 class=\"elementor-heading-title elementor-size-default\">caratteristiche<\/h2>\t\t<\/div>\n\t\t\t\t<\/div>\n\t\t\t\t<div class=\"elementor-element elementor-element-672195d elementor-widget elementor-widget-text-editor\" data-id=\"672195d\" data-element_type=\"widget\" data-widget_type=\"text-editor.default\">\n\t\t\t\t<div class=\"elementor-widget-container\">\n\t\t\t\t\t\t\t<p>Di seguito le principali caratteristiche dei forgiati in alluminio:<\/p>\t\t\t\t\t\t<\/div>\n\t\t\t\t<\/div>\n\t\t\t\t<section class=\"elementor-section elementor-inner-section elementor-element elementor-element-0c5b9df pad  elementor-section-boxed elementor-section-height-default elementor-section-height-default\" data-id=\"0c5b9df\" data-element_type=\"section\">\n\t\t\t\t\t\t<div class=\"elementor-container elementor-column-gap-default\">\n\t\t\t\t\t<div class=\"elementor-column elementor-col-50 elementor-inner-column elementor-element elementor-element-25f49e9\" data-id=\"25f49e9\" data-element_type=\"column\">\n\t\t\t<div class=\"elementor-widget-wrap elementor-element-populated\">\n\t\t\t\t\t\t<div class=\"elementor-element elementor-element-eeeb618 elementor-position-left elementor-vertical-align-top elementor-widget elementor-widget-image-box\" data-id=\"eeeb618\" data-element_type=\"widget\" data-widget_type=\"image-box.default\">\n\t\t\t\t<div class=\"elementor-widget-container\">\n\t\t\t<div class=\"elementor-image-box-wrapper\"><figure class=\"elementor-image-box-img\"><img decoding=\"async\" width=\"77\" height=\"58\" src=\"https:\/\/www.masperotech.it\/wp-content\/uploads\/2025\/09\/light-2.png\" class=\"attachment-full size-full wp-image-35039\" alt=\"\" \/><\/figure><div class=\"elementor-image-box-content\"><h6 class=\"elementor-image-box-title\">LEGGEREZZA<\/h6><p class=\"elementor-image-box-description\">L\u2019alluminio pesa solamente un terzo dell\u2019acciaio<\/p><\/div><\/div>\t\t<\/div>\n\t\t\t\t<\/div>\n\t\t\t\t<div class=\"elementor-element elementor-element-e2f10a5 elementor-position-left elementor-vertical-align-top elementor-widget elementor-widget-image-box\" data-id=\"e2f10a5\" data-element_type=\"widget\" data-widget_type=\"image-box.default\">\n\t\t\t\t<div class=\"elementor-widget-container\">\n\t\t\t<div class=\"elementor-image-box-wrapper\"><figure class=\"elementor-image-box-img\"><img decoding=\"async\" width=\"65\" height=\"66\" src=\"https:\/\/www.masperotech.it\/wp-content\/uploads\/2025\/09\/Group-1-2.png\" class=\"attachment-full size-full wp-image-35043\" alt=\"\" \/><\/figure><div class=\"elementor-image-box-content\"><h6 class=\"elementor-image-box-title\">VERSATILIT\u00c0<\/h6><p class=\"elementor-image-box-description\">Considerando i vari trattamenti termici applicabili su di esse e le diverse possibilit\u00e0 di alligazione si possono adattare le leghe ad una vasta gamma di esigenze<\/p><\/div><\/div>\t\t<\/div>\n\t\t\t\t<\/div>\n\t\t\t\t<div class=\"elementor-element elementor-element-2732d05 elementor-position-left elementor-vertical-align-top elementor-widget elementor-widget-image-box\" data-id=\"2732d05\" data-element_type=\"widget\" data-widget_type=\"image-box.default\">\n\t\t\t\t<div class=\"elementor-widget-container\">\n\t\t\t<div class=\"elementor-image-box-wrapper\"><figure class=\"elementor-image-box-img\"><img decoding=\"async\" width=\"66\" height=\"66\" src=\"https:\/\/www.masperotech.it\/wp-content\/uploads\/2025\/09\/workability-2.png\" class=\"attachment-full size-full wp-image-35047\" alt=\"\" \/><\/figure><div class=\"elementor-image-box-content\"><h6 class=\"elementor-image-box-title\">LAVORABILIT\u00c0<\/h6><p class=\"elementor-image-box-description\">L\u2019elevata truciolabilit\u00e0 consente una facilit\u00e0 di lavorazione dello stesso metallo<\/p><\/div><\/div>\t\t<\/div>\n\t\t\t\t<\/div>\n\t\t\t\t<div class=\"elementor-element elementor-element-a0a374c elementor-position-left elementor-vertical-align-top elementor-widget elementor-widget-image-box\" data-id=\"a0a374c\" data-element_type=\"widget\" data-widget_type=\"image-box.default\">\n\t\t\t\t<div class=\"elementor-widget-container\">\n\t\t\t<div class=\"elementor-image-box-wrapper\"><figure class=\"elementor-image-box-img\"><img decoding=\"async\" width=\"77\" height=\"58\" src=\"https:\/\/www.masperotech.it\/wp-content\/uploads\/2025\/09\/light-2.png\" class=\"attachment-full size-full wp-image-35039\" alt=\"\" \/><\/figure><div class=\"elementor-image-box-content\"><h6 class=\"elementor-image-box-title\">OTTIMA CONDUCIBILIT\u00c0 ELETTRICA<\/h6><p class=\"elementor-image-box-description\">A parit\u00e0 di costo e di peso l\u2019alluminio conduce molto pi\u00f9 calore di qualsiasi altro metallo e la sua conducibilit\u00e0 elettrica \u00e8 circa doppia di quella del rame<\/p><\/div><\/div>\t\t<\/div>\n\t\t\t\t<\/div>\n\t\t\t\t\t<\/div>\n\t\t<\/div>\n\t\t\t\t<div class=\"elementor-column elementor-col-50 elementor-inner-column elementor-element elementor-element-3081a76\" data-id=\"3081a76\" data-element_type=\"column\">\n\t\t\t<div class=\"elementor-widget-wrap elementor-element-populated\">\n\t\t\t\t\t\t<div class=\"elementor-element elementor-element-11084d0 elementor-position-left elementor-vertical-align-top elementor-widget elementor-widget-image-box\" data-id=\"11084d0\" data-element_type=\"widget\" data-widget_type=\"image-box.default\">\n\t\t\t\t<div class=\"elementor-widget-container\">\n\t\t\t<div class=\"elementor-image-box-wrapper\"><figure class=\"elementor-image-box-img\"><img loading=\"lazy\" decoding=\"async\" width=\"71\" height=\"65\" src=\"https:\/\/www.masperotech.it\/wp-content\/uploads\/2025\/09\/resistence-1-1.png\" class=\"attachment-full size-full wp-image-35051\" alt=\"\" \/><\/figure><div class=\"elementor-image-box-content\"><h6 class=\"elementor-image-box-title\">DUREVOLEZZA<\/h6><p class=\"elementor-image-box-description\">Resistente alla corrosione atmosferica<\/p><\/div><\/div>\t\t<\/div>\n\t\t\t\t<\/div>\n\t\t\t\t<div class=\"elementor-element elementor-element-6a5d8e9 elementor-position-left elementor-vertical-align-top elementor-widget elementor-widget-image-box\" data-id=\"6a5d8e9\" data-element_type=\"widget\" data-widget_type=\"image-box.default\">\n\t\t\t\t<div class=\"elementor-widget-container\">\n\t\t\t<div class=\"elementor-image-box-wrapper\"><figure class=\"elementor-image-box-img\"><img loading=\"lazy\" decoding=\"async\" width=\"69\" height=\"66\" src=\"https:\/\/www.masperotech.it\/wp-content\/uploads\/2025\/09\/mechan-2.png\" class=\"attachment-full size-full wp-image-35055\" alt=\"\" \/><\/figure><div class=\"elementor-image-box-content\"><h6 class=\"elementor-image-box-title\">CARATTERISTICHE MECCANICHE MEDIO-ALTE<\/h6><p class=\"elementor-image-box-description\">Le leghe di alluminio possono raggiungere resistenze meccaniche fino a oltre 560 Mpa; il limite di snervamento per le leghe di pi\u00f9 elevata resistenza \u00e8 di circa l\u201985% della resistenza a rottura<\/p><\/div><\/div>\t\t<\/div>\n\t\t\t\t<\/div>\n\t\t\t\t<div class=\"elementor-element elementor-element-721ea41 elementor-position-left elementor-vertical-align-top elementor-widget elementor-widget-image-box\" data-id=\"721ea41\" data-element_type=\"widget\" data-widget_type=\"image-box.default\">\n\t\t\t\t<div class=\"elementor-widget-container\">\n\t\t\t<div class=\"elementor-image-box-wrapper\"><figure class=\"elementor-image-box-img\"><img loading=\"lazy\" decoding=\"async\" width=\"63\" height=\"53\" src=\"https:\/\/www.masperotech.it\/wp-content\/uploads\/2025\/09\/weight-2.png\" class=\"attachment-full size-full wp-image-35059\" alt=\"\" \/><\/figure><div class=\"elementor-image-box-content\"><h6 class=\"elementor-image-box-title\">PESO SPECIFICO<\/h6><p class=\"elementor-image-box-description\">Il peso specifico \u00e8 di circa 2,7 kg \/ dm3<\/p><\/div><\/div>\t\t<\/div>\n\t\t\t\t<\/div>\n\t\t\t\t<div class=\"elementor-element elementor-element-061ab23 elementor-position-left elementor-vertical-align-top elementor-widget elementor-widget-image-box\" data-id=\"061ab23\" data-element_type=\"widget\" data-widget_type=\"image-box.default\">\n\t\t\t\t<div class=\"elementor-widget-container\">\n\t\t\t<div class=\"elementor-image-box-wrapper\"><figure class=\"elementor-image-box-img\"><img loading=\"lazy\" decoding=\"async\" width=\"86\" height=\"62\" src=\"https:\/\/www.masperotech.it\/wp-content\/uploads\/2025\/09\/braze-2.png\" class=\"attachment-full size-full wp-image-35063\" alt=\"\" \/><\/figure><div class=\"elementor-image-box-content\"><h6 class=\"elementor-image-box-title\">FACILIT\u00c0 DI ASSEMBLAGGIO<\/h6><p class=\"elementor-image-box-description\">Le varie leghe di alluminio possono essere assemblate con keenserts, viti ecc. ed inoltre si possono realizzare assemblaggi strutturali. Esistono anche leghe saldabili per fusione e brasabili<\/p><\/div><\/div>\t\t<\/div>\n\t\t\t\t<\/div>\n\t\t\t\t\t<\/div>\n\t\t<\/div>\n\t\t\t\t\t<\/div>\n\t\t<\/section>\n\t\t\t\t\t<\/div>\n\t\t<\/div>\n\t\t\t\t\t<\/div>\n\t\t<\/section>\n\t\t\t\t<section class=\"elementor-section elementor-top-section elementor-element elementor-element-0784b55 elementor-section-boxed elementor-section-height-default elementor-section-height-default\" data-id=\"0784b55\" data-element_type=\"section\">\n\t\t\t\t\t\t<div class=\"elementor-container elementor-column-gap-default\">\n\t\t\t\t\t<div class=\"elementor-column elementor-col-100 elementor-top-column elementor-element elementor-element-8f1a724\" data-id=\"8f1a724\" data-element_type=\"column\">\n\t\t\t<div class=\"elementor-widget-wrap elementor-element-populated\">\n\t\t\t\t\t\t<div class=\"elementor-element elementor-element-89d0520 blacktxt txt4 elementor-widget elementor-widget-heading\" data-id=\"89d0520\" data-element_type=\"widget\" data-widget_type=\"heading.default\">\n\t\t\t\t<div class=\"elementor-widget-container\">\n\t\t\t<h4 class=\"elementor-heading-title elementor-size-default\">SETTORI DI APPLICAZIONE<\/h4>\t\t<\/div>\n\t\t\t\t<\/div>\n\t\t\t\t<div class=\"elementor-element elementor-element-36e2566 elementor-widget elementor-widget-text-editor\" data-id=\"36e2566\" data-element_type=\"widget\" data-widget_type=\"text-editor.default\">\n\t\t\t\t<div class=\"elementor-widget-container\">\n\t\t\t\t\t\t\t<ul><li>Mobility<\/li><li>Sicurezza<\/li><li>Nautico<\/li><li>Valvole a idrogeno<\/li><li>Auto elettriche<\/li><li>Valvole<\/li><li>Medicale<\/li><li>Petrolio e Gas<\/li><li>Chimico<\/li><li>Sport<\/li><li>Bassa e media tensione<\/li><li>Alta tensione<\/li><\/ul>\t\t\t\t\t\t<\/div>\n\t\t\t\t<\/div>\n\t\t\t\t\t<\/div>\n\t\t<\/div>\n\t\t\t\t\t<\/div>\n\t\t<\/section>\n\t\t\t\t<\/div>\n\t\t","protected":false},"excerpt":{"rendered":"<p>Le leghe di alluminio sono caratterizzate da una serie di propriet\u00e0 vantaggiose che gli permettono di essere utilizzate per una vasta gamma di applicazioni. L\u2019alluminio \u00e8, inoltre, riciclabile al 100%. Il nostro obiettivo \u00e8 contribuire a ridurre l\u2019impatto sul clima sfruttando appieno il potenziale dell\u2019alluminio come soluzione a basse emissioni di carbonio. leghe EN AW [&hellip;]<\/p>\n","protected":false},"author":2,"featured_media":8812,"parent":0,"menu_order":0,"comment_status":"closed","ping_status":"closed","template":"","meta":{"_acf_changed":false,"footnotes":""},"class_list":["post-9121","page","type-page","status-publish","has-post-thumbnail","hentry"],"acf":[],"_links":{"self":[{"href":"https:\/\/www.masperotech.it\/it\/wp-json\/wp\/v2\/pages\/9121","targetHints":{"allow":["GET"]}}],"collection":[{"href":"https:\/\/www.masperotech.it\/it\/wp-json\/wp\/v2\/pages"}],"about":[{"href":"https:\/\/www.masperotech.it\/it\/wp-json\/wp\/v2\/types\/page"}],"author":[{"embeddable":true,"href":"https:\/\/www.masperotech.it\/it\/wp-json\/wp\/v2\/users\/2"}],"replies":[{"embeddable":true,"href":"https:\/\/www.masperotech.it\/it\/wp-json\/wp\/v2\/comments?post=9121"}],"version-history":[{"count":3,"href":"https:\/\/www.masperotech.it\/it\/wp-json\/wp\/v2\/pages\/9121\/revisions"}],"predecessor-version":[{"id":35114,"href":"https:\/\/www.masperotech.it\/it\/wp-json\/wp\/v2\/pages\/9121\/revisions\/35114"}],"wp:featuredmedia":[{"embeddable":true,"href":"https:\/\/www.masperotech.it\/it\/wp-json\/wp\/v2\/media\/8812"}],"wp:attachment":[{"href":"https:\/\/www.masperotech.it\/it\/wp-json\/wp\/v2\/media?parent=9121"}],"curies":[{"name":"wp","href":"https:\/\/api.w.org\/{rel}","templated":true}]}}