{"id":11848,"date":"2023-07-17T08:46:40","date_gmt":"2023-07-17T06:46:40","guid":{"rendered":"https:\/\/www.masperotech.it\/co-design\/"},"modified":"2025-09-02T14:02:10","modified_gmt":"2025-09-02T12:02:10","slug":"co-design","status":"publish","type":"page","link":"https:\/\/www.masperotech.it\/it\/co-design\/","title":{"rendered":"Co-Design"},"content":{"rendered":"\t\t<div data-elementor-type=\"wp-page\" data-elementor-id=\"11848\" class=\"elementor elementor-11848 elementor-10629\" data-elementor-post-type=\"page\">\n\t\t\t\t\t\t<section data-dce-background-color=\"#274C69\" class=\"elementor-section elementor-top-section elementor-element elementor-element-6c41751 blacktxt elementor-section-boxed elementor-section-height-default elementor-section-height-default\" data-id=\"6c41751\" data-element_type=\"section\" data-settings=\"{&quot;background_background&quot;:&quot;classic&quot;}\">\n\t\t\t\t\t\t<div class=\"elementor-container elementor-column-gap-default\">\n\t\t\t\t\t<div class=\"elementor-column elementor-col-100 elementor-top-column elementor-element elementor-element-fd2f7e2\" data-id=\"fd2f7e2\" data-element_type=\"column\">\n\t\t\t<div class=\"elementor-widget-wrap elementor-element-populated\">\n\t\t\t\t\t\t<div class=\"elementor-element elementor-element-9fa86a1 txt2 elementor-widget elementor-widget-heading\" data-id=\"9fa86a1\" data-element_type=\"widget\" data-widget_type=\"heading.default\">\n\t\t\t\t<div class=\"elementor-widget-container\">\n\t\t\t<h3 class=\"elementor-heading-title elementor-size-default\">masperotech<\/h3>\t\t<\/div>\n\t\t\t\t<\/div>\n\t\t\t\t<div class=\"elementor-element elementor-element-24d1808 txt2 btxt elementor-widget elementor-widget-heading\" data-id=\"24d1808\" data-element_type=\"widget\" data-settings=\"{&quot;motion_fx_motion_fx_scrolling&quot;:&quot;yes&quot;,&quot;motion_fx_translateX_effect&quot;:&quot;yes&quot;,&quot;motion_fx_translateX_speed&quot;:{&quot;unit&quot;:&quot;px&quot;,&quot;size&quot;:2,&quot;sizes&quot;:[]},&quot;motion_fx_devices&quot;:[&quot;desktop&quot;],&quot;motion_fx_translateX_affectedRange&quot;:{&quot;unit&quot;:&quot;%&quot;,&quot;size&quot;:&quot;&quot;,&quot;sizes&quot;:{&quot;start&quot;:0,&quot;end&quot;:100}}}\" data-widget_type=\"heading.default\">\n\t\t\t\t<div class=\"elementor-widget-container\">\n\t\t\t<h2 class=\"elementor-heading-title elementor-size-default\">offre di pi\u00f9<\/h2>\t\t<\/div>\n\t\t\t\t<\/div>\n\t\t\t\t<div class=\"elementor-element elementor-element-8160827 elementor-widget elementor-widget-text-editor\" data-id=\"8160827\" data-element_type=\"widget\" data-widget_type=\"text-editor.default\">\n\t\t\t\t<div class=\"elementor-widget-container\">\n\t\t\t\t\t\t\t<p>Il nostro ufficio tecnico pu\u00f2 aiutarvi nella fase di definizione del componente da realizzare e a definire la forma pi\u00f9 congeniale al processo di stampaggio a caldo.<\/p>\n<p><em><strong>Bring solutions and be a partner:<\/strong><\/em><\/p>\n<p>Suggerire soluzioni per migliorare i componenti, per ridurre i costi di produzione e migliorare il rendimento, ma anche proporre soluzioni alternative pi\u00f9 aderenti al processo di stampaggio, sono i nostri principali obiettivi aziendali.<\/p>\n\t\t\t\t\t\t<\/div>\n\t\t\t\t<\/div>\n\t\t\t\t<div class=\"elementor-element elementor-element-cc7790d elementor-absolute elementor-widget__width-auto animated-slow elementor-view-default elementor-invisible elementor-widget elementor-widget-icon\" data-id=\"cc7790d\" data-element_type=\"widget\" data-settings=\"{&quot;_position&quot;:&quot;absolute&quot;,&quot;_animation&quot;:&quot;fadeIn&quot;}\" data-widget_type=\"icon.default\">\n\t\t\t\t<div class=\"elementor-widget-container\">\n\t\t\t\t\t<div class=\"elementor-icon-wrapper\">\n\t\t\t<div class=\"elementor-icon\">\n\t\t\t\t\t\t<\/div>\n\t\t<\/div>\n\t\t\t\t<\/div>\n\t\t\t\t<\/div>\n\t\t\t\t\t<\/div>\n\t\t<\/div>\n\t\t\t\t\t<\/div>\n\t\t<\/section>\n\t\t\t\t<section class=\"elementor-section elementor-top-section elementor-element elementor-element-304a212 elementor-section-full_width elementor-section-height-min-height elementor-section-items-stretch norad elementor-section-height-default\" data-id=\"304a212\" data-element_type=\"section\">\n\t\t\t\t\t\t<div class=\"elementor-container elementor-column-gap-default\">\n\t\t\t\t\t<div data-dce-background-image-url=\"https:\/\/www.masperotech.it\/wp-content\/uploads\/2023\/11\/engineering-department-2-1536x1152-1.jpg\" class=\"elementor-column elementor-col-50 elementor-top-column elementor-element elementor-element-aa835fe\" data-id=\"aa835fe\" data-element_type=\"column\" data-settings=\"{&quot;background_background&quot;:&quot;classic&quot;}\">\n\t\t\t<div class=\"elementor-widget-wrap elementor-element-populated\">\n\t\t\t\t\t<div class=\"elementor-background-overlay\"><\/div>\n\t\t\t\t\t\t<div class=\"elementor-element elementor-element-413f49b elementor-widget elementor-widget-spacer\" data-id=\"413f49b\" data-element_type=\"widget\" data-widget_type=\"spacer.default\">\n\t\t\t\t<div class=\"elementor-widget-container\">\n\t\t\t\t\t<div class=\"elementor-spacer\">\n\t\t\t<div class=\"elementor-spacer-inner\"><\/div>\n\t\t<\/div>\n\t\t\t\t<\/div>\n\t\t\t\t<\/div>\n\t\t\t\t<div class=\"elementor-element elementor-element-73bcf13 elementor-widget elementor-widget-heading\" data-id=\"73bcf13\" data-element_type=\"widget\" data-widget_type=\"heading.default\">\n\t\t\t\t<div class=\"elementor-widget-container\">\n\t\t\t<h5 class=\"elementor-heading-title elementor-size-default\">Ufficio Tecnico di Masperotech<\/h5>\t\t<\/div>\n\t\t\t\t<\/div>\n\t\t\t\t\t<\/div>\n\t\t<\/div>\n\t\t\t\t<div data-dce-background-image-url=\"https:\/\/www.masperotech.it\/wp-content\/uploads\/2023\/11\/22-09-2023-15-57-50.jpg\" class=\"elementor-column elementor-col-50 elementor-top-column elementor-element elementor-element-db88a1d\" data-id=\"db88a1d\" data-element_type=\"column\" data-settings=\"{&quot;background_background&quot;:&quot;classic&quot;}\">\n\t\t\t<div class=\"elementor-widget-wrap elementor-element-populated\">\n\t\t\t\t\t<div class=\"elementor-background-overlay\"><\/div>\n\t\t\t\t\t\t<div class=\"elementor-element elementor-element-5fddf1e elementor-widget elementor-widget-spacer\" data-id=\"5fddf1e\" data-element_type=\"widget\" data-widget_type=\"spacer.default\">\n\t\t\t\t<div class=\"elementor-widget-container\">\n\t\t\t\t\t<div class=\"elementor-spacer\">\n\t\t\t<div class=\"elementor-spacer-inner\"><\/div>\n\t\t<\/div>\n\t\t\t\t<\/div>\n\t\t\t\t<\/div>\n\t\t\t\t<div class=\"elementor-element elementor-element-1977593 elementor-widget elementor-widget-heading\" data-id=\"1977593\" data-element_type=\"widget\" data-widget_type=\"heading.default\">\n\t\t\t\t<div class=\"elementor-widget-container\">\n\t\t\t<h5 class=\"elementor-heading-title elementor-size-default\">Simulazione di uno dei nostri pezzi forgiati - 2,6 metri di lunghezza<\/h5>\t\t<\/div>\n\t\t\t\t<\/div>\n\t\t\t\t\t<\/div>\n\t\t<\/div>\n\t\t\t\t\t<\/div>\n\t\t<\/section>\n\t\t\t\t<\/div>\n\t\t","protected":false},"excerpt":{"rendered":"<p>masperotech offre di pi\u00f9 Il nostro ufficio tecnico pu\u00f2 aiutarvi nella fase di definizione del componente da realizzare e a definire la forma pi\u00f9 congeniale al processo di stampaggio a caldo. Bring solutions and be a partner: Suggerire soluzioni per migliorare i componenti, per ridurre i costi di produzione e migliorare il rendimento, ma anche [&hellip;]<\/p>\n","protected":false},"author":2,"featured_media":20186,"parent":0,"menu_order":0,"comment_status":"closed","ping_status":"closed","template":"elementor_header_footer","meta":{"_acf_changed":false,"footnotes":""},"class_list":["post-11848","page","type-page","status-publish","has-post-thumbnail","hentry"],"acf":[],"_links":{"self":[{"href":"https:\/\/www.masperotech.it\/it\/wp-json\/wp\/v2\/pages\/11848","targetHints":{"allow":["GET"]}}],"collection":[{"href":"https:\/\/www.masperotech.it\/it\/wp-json\/wp\/v2\/pages"}],"about":[{"href":"https:\/\/www.masperotech.it\/it\/wp-json\/wp\/v2\/types\/page"}],"author":[{"embeddable":true,"href":"https:\/\/www.masperotech.it\/it\/wp-json\/wp\/v2\/users\/2"}],"replies":[{"embeddable":true,"href":"https:\/\/www.masperotech.it\/it\/wp-json\/wp\/v2\/comments?post=11848"}],"version-history":[{"count":3,"href":"https:\/\/www.masperotech.it\/it\/wp-json\/wp\/v2\/pages\/11848\/revisions"}],"predecessor-version":[{"id":34387,"href":"https:\/\/www.masperotech.it\/it\/wp-json\/wp\/v2\/pages\/11848\/revisions\/34387"}],"wp:featuredmedia":[{"embeddable":true,"href":"https:\/\/www.masperotech.it\/it\/wp-json\/wp\/v2\/media\/20186"}],"wp:attachment":[{"href":"https:\/\/www.masperotech.it\/it\/wp-json\/wp\/v2\/media?parent=11848"}],"curies":[{"name":"wp","href":"https:\/\/api.w.org\/{rel}","templated":true}]}}