{"id":29874,"date":"2023-03-16T16:55:21","date_gmt":"2023-03-16T14:55:21","guid":{"rendered":"https:\/\/www.masperotech.it\/monel\/"},"modified":"2025-09-03T17:16:10","modified_gmt":"2025-09-03T15:16:10","slug":"monel","status":"publish","type":"page","link":"https:\/\/www.masperotech.it\/fr\/monel\/","title":{"rendered":"Monel"},"content":{"rendered":"\t\t<div data-elementor-type=\"wp-page\" data-elementor-id=\"29874\" class=\"elementor elementor-29874 elementor-5853\" data-elementor-post-type=\"page\">\n\t\t\t\t\t\t<section class=\"elementor-section elementor-top-section elementor-element elementor-element-4590149 elementor-section-boxed elementor-section-height-default elementor-section-height-default\" data-id=\"4590149\" data-element_type=\"section\">\n\t\t\t\t\t\t<div class=\"elementor-container elementor-column-gap-default\">\n\t\t\t\t\t\t<\/div>\n\t\t<\/section>\n\t\t\t\t<section class=\"elementor-section elementor-top-section elementor-element elementor-element-79c9061 blacktxt elementor-section-boxed elementor-section-height-default elementor-section-height-default\" data-id=\"79c9061\" data-element_type=\"section\">\n\t\t\t\t\t\t<div class=\"elementor-container elementor-column-gap-default\">\n\t\t\t\t\t<div class=\"elementor-column elementor-col-100 elementor-top-column elementor-element elementor-element-4f3f9e0\" data-id=\"4f3f9e0\" data-element_type=\"column\">\n\t\t\t<div class=\"elementor-widget-wrap elementor-element-populated\">\n\t\t\t\t\t\t<div class=\"elementor-element elementor-element-25b583d elementor-widget elementor-widget-text-editor\" data-id=\"25b583d\" data-element_type=\"widget\" data-widget_type=\"text-editor.default\">\n\t\t\t\t<div class=\"elementor-widget-container\">\n\t\t\t\t\t\t\t<p>Alliage m\u00e9tallique compos\u00e9 de nickel (jusqu&rsquo;\u00e0 67 %) et de cuivre (jusqu&rsquo;\u00e0 32 %).<br \/>\n<strong>Le Monel 400<\/strong> est caract\u00e9ris\u00e9 par une excellente r\u00e9sistance aux chocs et \u00e0 la corrosion.<\/p>\n\t\t\t\t\t\t<\/div>\n\t\t\t\t<\/div>\n\t\t\t\t\t<\/div>\n\t\t<\/div>\n\t\t\t\t\t<\/div>\n\t\t<\/section>\n\t\t\t\t<section class=\"elementor-section elementor-top-section elementor-element elementor-element-0a23cfb blacktxt elementor-section-boxed elementor-section-height-default elementor-section-height-default\" data-id=\"0a23cfb\" data-element_type=\"section\" data-settings=\"{&quot;background_background&quot;:&quot;classic&quot;}\">\n\t\t\t\t\t\t<div class=\"elementor-container elementor-column-gap-default\">\n\t\t\t\t\t<div class=\"elementor-column elementor-col-100 elementor-top-column elementor-element elementor-element-89657bb\" data-id=\"89657bb\" data-element_type=\"column\">\n\t\t\t<div class=\"elementor-widget-wrap elementor-element-populated\">\n\t\t\t\t\t\t<div class=\"elementor-element elementor-element-d2929aa elementor-widget elementor-widget-heading\" data-id=\"d2929aa\" data-element_type=\"widget\" data-widget_type=\"heading.default\">\n\t\t\t\t<div class=\"elementor-widget-container\">\n\t\t\t<h4 class=\"elementor-heading-title elementor-size-default\">Caract\u00e9ristiques<\/h4>\t\t<\/div>\n\t\t\t\t<\/div>\n\t\t\t\t<div class=\"elementor-element elementor-element-1e98ac8 elementor-widget elementor-widget-text-editor\" data-id=\"1e98ac8\" data-element_type=\"widget\" data-widget_type=\"text-editor.default\">\n\t\t\t\t<div class=\"elementor-widget-container\">\n\t\t\t\t\t\t\t<p>Les principales caract\u00e9ristiques des pi\u00e8ces forg\u00e9es en Monel sont indiqu\u00e9es ci-dessous:<\/p>\t\t\t\t\t\t<\/div>\n\t\t\t\t<\/div>\n\t\t\t\t<section class=\"elementor-section elementor-inner-section elementor-element elementor-element-d29bc03 pad icon-box2 elementor-section-boxed elementor-section-height-default elementor-section-height-default\" data-id=\"d29bc03\" data-element_type=\"section\">\n\t\t\t\t\t\t<div class=\"elementor-container elementor-column-gap-default\">\n\t\t\t\t\t<div class=\"elementor-column elementor-col-50 elementor-inner-column elementor-element elementor-element-f324e27\" data-id=\"f324e27\" data-element_type=\"column\">\n\t\t\t<div class=\"elementor-widget-wrap elementor-element-populated\">\n\t\t\t\t\t\t<div class=\"elementor-element elementor-element-24f3fe0 elementor-position-left elementor-vertical-align-top elementor-widget elementor-widget-image-box\" data-id=\"24f3fe0\" data-element_type=\"widget\" data-widget_type=\"image-box.default\">\n\t\t\t\t<div class=\"elementor-widget-container\">\n\t\t\t<div class=\"elementor-image-box-wrapper\"><figure class=\"elementor-image-box-img\"><img decoding=\"async\" width=\"69\" height=\"66\" src=\"https:\/\/www.masperotech.it\/wp-content\/uploads\/2025\/09\/mechan-1-1.png\" class=\"attachment-full size-full wp-image-35165\" alt=\"\" \/><\/figure><div class=\"elementor-image-box-content\"><h6 class=\"elementor-image-box-title\">EXCELLENTE R\u00c9SISTANCE<\/h6><\/div><\/div>\t\t<\/div>\n\t\t\t\t<\/div>\n\t\t\t\t<div class=\"elementor-element elementor-element-1d63899 elementor-position-left elementor-vertical-align-top elementor-widget elementor-widget-image-box\" data-id=\"1d63899\" data-element_type=\"widget\" data-widget_type=\"image-box.default\">\n\t\t\t\t<div class=\"elementor-widget-container\">\n\t\t\t<div class=\"elementor-image-box-wrapper\"><figure class=\"elementor-image-box-img\"><img decoding=\"async\" width=\"71\" height=\"65\" src=\"https:\/\/www.masperotech.it\/wp-content\/uploads\/2025\/09\/resistence-1-1.png\" class=\"attachment-full size-full wp-image-35051\" alt=\"\" \/><\/figure><div class=\"elementor-image-box-content\"><h6 class=\"elementor-image-box-title\">R\u00c9SISTANCE \u00c0 LA CORROSION<\/h6><\/div><\/div>\t\t<\/div>\n\t\t\t\t<\/div>\n\t\t\t\t\t<\/div>\n\t\t<\/div>\n\t\t\t\t<div class=\"elementor-column elementor-col-50 elementor-inner-column elementor-element elementor-element-4fe37ce\" data-id=\"4fe37ce\" data-element_type=\"column\">\n\t\t\t<div class=\"elementor-widget-wrap elementor-element-populated\">\n\t\t\t\t\t\t<div class=\"elementor-element elementor-element-15c0d08 elementor-position-left elementor-vertical-align-top elementor-widget elementor-widget-image-box\" data-id=\"15c0d08\" data-element_type=\"widget\" data-widget_type=\"image-box.default\">\n\t\t\t\t<div class=\"elementor-widget-container\">\n\t\t\t<div class=\"elementor-image-box-wrapper\"><figure class=\"elementor-image-box-img\"><img decoding=\"async\" width=\"63\" height=\"53\" src=\"https:\/\/www.masperotech.it\/wp-content\/uploads\/2025\/09\/weight-1-1.png\" class=\"attachment-full size-full wp-image-35173\" alt=\"\" \/><\/figure><div class=\"elementor-image-box-content\"><h6 class=\"elementor-image-box-title\">POIDS SP\u00c9CIFIQUES<\/h6><p class=\"elementor-image-box-description\">Le poids sp\u00e9cifique est d'environ 7,8 kg\/dm3.<\/p><\/div><\/div>\t\t<\/div>\n\t\t\t\t<\/div>\n\t\t\t\t\t<\/div>\n\t\t<\/div>\n\t\t\t\t\t<\/div>\n\t\t<\/section>\n\t\t\t\t\t<\/div>\n\t\t<\/div>\n\t\t\t\t\t<\/div>\n\t\t<\/section>\n\t\t\t\t<section class=\"elementor-section elementor-top-section elementor-element elementor-element-7a9191a elementor-section-boxed elementor-section-height-default elementor-section-height-default\" data-id=\"7a9191a\" data-element_type=\"section\">\n\t\t\t\t\t\t<div class=\"elementor-container elementor-column-gap-default\">\n\t\t\t\t\t<div class=\"elementor-column elementor-col-100 elementor-top-column elementor-element elementor-element-f0bea66\" data-id=\"f0bea66\" data-element_type=\"column\">\n\t\t\t<div class=\"elementor-widget-wrap elementor-element-populated\">\n\t\t\t\t\t\t<div class=\"elementor-element elementor-element-0ff2df0 blacktxt txt4 elementor-widget elementor-widget-heading\" data-id=\"0ff2df0\" data-element_type=\"widget\" data-widget_type=\"heading.default\">\n\t\t\t\t<div class=\"elementor-widget-container\">\n\t\t\t<h4 class=\"elementor-heading-title elementor-size-default\">SECTEURS D'APPLICATION<\/h4>\t\t<\/div>\n\t\t\t\t<\/div>\n\t\t\t\t<div class=\"elementor-element elementor-element-70a5891 elementor-widget elementor-widget-text-editor\" data-id=\"70a5891\" data-element_type=\"widget\" data-widget_type=\"text-editor.default\">\n\t\t\t\t<div class=\"elementor-widget-container\">\n\t\t\t\t\t\t\t<ul><li>NAUTIQUE<\/li><li>S\u00c9CURIT\u00c9<\/li><li>VANNES<\/li><li>ALIMENTATION<\/li><li>CHIMIE<\/li><\/ul>\t\t\t\t\t\t<\/div>\n\t\t\t\t<\/div>\n\t\t\t\t\t<\/div>\n\t\t<\/div>\n\t\t\t\t\t<\/div>\n\t\t<\/section>\n\t\t\t\t<\/div>\n\t\t","protected":false},"excerpt":{"rendered":"<p>Alliage m\u00e9tallique compos\u00e9 de nickel (jusqu&rsquo;\u00e0 67 %) et de cuivre (jusqu&rsquo;\u00e0 32 %). Le Monel 400 est caract\u00e9ris\u00e9 par une excellente r\u00e9sistance aux chocs et \u00e0 la corrosion. Caract\u00e9ristiques Les principales caract\u00e9ristiques des pi\u00e8ces forg\u00e9es en Monel sont indiqu\u00e9es ci-dessous: EXCELLENTE R\u00c9SISTANCE R\u00c9SISTANCE \u00c0 LA CORROSION POIDS SP\u00c9CIFIQUES Le poids sp\u00e9cifique est d&rsquo;environ 7,8 [&hellip;]<\/p>\n","protected":false},"author":2,"featured_media":29875,"parent":0,"menu_order":0,"comment_status":"closed","ping_status":"closed","template":"","meta":{"_acf_changed":false,"footnotes":""},"class_list":["post-29874","page","type-page","status-publish","has-post-thumbnail","hentry"],"acf":[],"_links":{"self":[{"href":"https:\/\/www.masperotech.it\/fr\/wp-json\/wp\/v2\/pages\/29874","targetHints":{"allow":["GET"]}}],"collection":[{"href":"https:\/\/www.masperotech.it\/fr\/wp-json\/wp\/v2\/pages"}],"about":[{"href":"https:\/\/www.masperotech.it\/fr\/wp-json\/wp\/v2\/types\/page"}],"author":[{"embeddable":true,"href":"https:\/\/www.masperotech.it\/fr\/wp-json\/wp\/v2\/users\/2"}],"replies":[{"embeddable":true,"href":"https:\/\/www.masperotech.it\/fr\/wp-json\/wp\/v2\/comments?post=29874"}],"version-history":[{"count":3,"href":"https:\/\/www.masperotech.it\/fr\/wp-json\/wp\/v2\/pages\/29874\/revisions"}],"predecessor-version":[{"id":36309,"href":"https:\/\/www.masperotech.it\/fr\/wp-json\/wp\/v2\/pages\/29874\/revisions\/36309"}],"wp:featuredmedia":[{"embeddable":true,"href":"https:\/\/www.masperotech.it\/fr\/wp-json\/wp\/v2\/media\/29875"}],"wp:attachment":[{"href":"https:\/\/www.masperotech.it\/fr\/wp-json\/wp\/v2\/media?parent=29874"}],"curies":[{"name":"wp","href":"https:\/\/api.w.org\/{rel}","templated":true}]}}