{"id":29868,"date":"2023-03-16T16:24:53","date_gmt":"2023-03-16T14:24:53","guid":{"rendered":"https:\/\/www.masperotech.it\/laiton\/"},"modified":"2025-09-03T16:59:02","modified_gmt":"2025-09-03T14:59:02","slug":"laiton","status":"publish","type":"page","link":"https:\/\/www.masperotech.it\/fr\/laiton\/","title":{"rendered":"Laiton"},"content":{"rendered":"\t\t<div data-elementor-type=\"wp-page\" data-elementor-id=\"29868\" class=\"elementor elementor-29868 elementor-5814\" data-elementor-post-type=\"page\">\n\t\t\t\t\t\t<section class=\"elementor-section elementor-top-section elementor-element elementor-element-85cbba8 blacktxt elementor-section-boxed elementor-section-height-default elementor-section-height-default\" data-id=\"85cbba8\" data-element_type=\"section\">\n\t\t\t\t\t\t<div class=\"elementor-container elementor-column-gap-default\">\n\t\t\t\t\t<div class=\"elementor-column elementor-col-100 elementor-top-column elementor-element elementor-element-4b3c201\" data-id=\"4b3c201\" data-element_type=\"column\">\n\t\t\t<div class=\"elementor-widget-wrap elementor-element-populated\">\n\t\t\t\t\t\t<div class=\"elementor-element elementor-element-ba993d1 elementor-widget elementor-widget-text-editor\" data-id=\"ba993d1\" data-element_type=\"widget\" data-widget_type=\"text-editor.default\">\n\t\t\t\t<div class=\"elementor-widget-container\">\n\t\t\t\t\t\t\t<p><strong>Le laiton<\/strong> est un alliage de cuivre et de zinc dont les propri\u00e9t\u00e9s sont nombreuses : recyclabilit\u00e9, commodit\u00e9 et faible co\u00fbt d&rsquo;\u00e9nergie sont des facteurs essentiels dans diff\u00e9rentes applications.<\/p>\n<p>Nous pouvons effectuer des traitements thermiques en interne pour tous les alliages de laiton.<\/p>\n\t\t\t\t\t\t<\/div>\n\t\t\t\t<\/div>\n\t\t\t\t<div class=\"elementor-element elementor-element-aa609ad elementor-widget elementor-widget-heading\" data-id=\"aa609ad\" data-element_type=\"widget\" data-widget_type=\"heading.default\">\n\t\t\t\t<div class=\"elementor-widget-container\">\n\t\t\t<h4 class=\"elementor-heading-title elementor-size-default\">alliages<\/h4>\t\t<\/div>\n\t\t\t\t<\/div>\n\t\t\t\t<section class=\"elementor-section elementor-inner-section elementor-element elementor-element-fbba5bd elementor-section-boxed elementor-section-height-default elementor-section-height-default\" data-id=\"fbba5bd\" data-element_type=\"section\">\n\t\t\t\t\t\t<div class=\"elementor-container elementor-column-gap-default\">\n\t\t\t\t\t<div class=\"elementor-column elementor-col-100 elementor-inner-column elementor-element elementor-element-5c91c01\" data-id=\"5c91c01\" data-element_type=\"column\">\n\t\t\t<div class=\"elementor-widget-wrap elementor-element-populated\">\n\t\t\t\t\t\t<div class=\"elementor-element elementor-element-9802be7 elementor-widget elementor-widget-text-editor\" data-id=\"9802be7\" data-element_type=\"widget\" data-widget_type=\"text-editor.default\">\n\t\t\t\t<div class=\"elementor-widget-container\">\n\t\t\t\t\t\t\t<ul>\r\n <li>Cu Zn39 Sn1 CW 719N<\/li>\r\n <li>Cu Zn36 Pb2 As CW 602N<\/li>\r\n <li>Cu Zn38 As CW 511L<\/li>\r\n <li>Cu Zn35 Pb1 CW 625N<\/li>\r\n <li>Cu Zn33 Pb1 CW 626N<\/li>\r\n <li>Cu Zn40 Pb2 CW 617N<\/li>\r\n <li>Cu Zn42 CW 510L<\/li>\r\n <li>Cu Zn42 CW 510L<\/li>\r\n <li>Cu Zn39 Pb2 CW 612N<\/li>\r\n <li>Cu Zn33 Pb1 CW 725R<\/li>\r\n <li>Cu Zn21 Si3 CW 724R ECOBRASS \u00ae<\/li>\r\n<\/ul>\t\t\t\t\t\t<\/div>\n\t\t\t\t<\/div>\n\t\t\t\t\t<\/div>\n\t\t<\/div>\n\t\t\t\t\t<\/div>\n\t\t<\/section>\n\t\t\t\t\t<\/div>\n\t\t<\/div>\n\t\t\t\t\t<\/div>\n\t\t<\/section>\n\t\t\t\t<section class=\"elementor-section elementor-top-section elementor-element elementor-element-a82e28c blacktxt elementor-section-boxed elementor-section-height-default elementor-section-height-default\" data-id=\"a82e28c\" data-element_type=\"section\" data-settings=\"{&quot;background_background&quot;:&quot;classic&quot;}\">\n\t\t\t\t\t\t<div class=\"elementor-container elementor-column-gap-default\">\n\t\t\t\t\t<div class=\"elementor-column elementor-col-100 elementor-top-column elementor-element elementor-element-5def981\" data-id=\"5def981\" data-element_type=\"column\">\n\t\t\t<div class=\"elementor-widget-wrap elementor-element-populated\">\n\t\t\t\t\t\t<div class=\"elementor-element elementor-element-55af134 txt3 elementor-widget elementor-widget-heading\" data-id=\"55af134\" data-element_type=\"widget\" data-widget_type=\"heading.default\">\n\t\t\t\t<div class=\"elementor-widget-container\">\n\t\t\t<h4 class=\"elementor-heading-title elementor-size-default\">Caract\u00e9ristiques<\/h4>\t\t<\/div>\n\t\t\t\t<\/div>\n\t\t\t\t<div class=\"elementor-element elementor-element-1d0a0c2 elementor-widget elementor-widget-text-editor\" data-id=\"1d0a0c2\" data-element_type=\"widget\" data-widget_type=\"text-editor.default\">\n\t\t\t\t<div class=\"elementor-widget-container\">\n\t\t\t\t\t\t\t<p>Les principales caract\u00e9ristiques des pi\u00e8ces forg\u00e9es en laiton sont indiqu\u00e9es ci-dessous:<\/p>\t\t\t\t\t\t<\/div>\n\t\t\t\t<\/div>\n\t\t\t\t<section class=\"elementor-section elementor-inner-section elementor-element elementor-element-f5c76f7 pad icon-box2 elementor-section-boxed elementor-section-height-default elementor-section-height-default\" data-id=\"f5c76f7\" data-element_type=\"section\">\n\t\t\t\t\t\t<div class=\"elementor-container elementor-column-gap-default\">\n\t\t\t\t\t<div class=\"elementor-column elementor-col-50 elementor-inner-column elementor-element elementor-element-6facef0\" data-id=\"6facef0\" data-element_type=\"column\">\n\t\t\t<div class=\"elementor-widget-wrap elementor-element-populated\">\n\t\t\t\t\t\t<div class=\"elementor-element elementor-element-a6c6ea7 elementor-position-left elementor-vertical-align-top elementor-widget elementor-widget-image-box\" data-id=\"a6c6ea7\" data-element_type=\"widget\" data-widget_type=\"image-box.default\">\n\t\t\t\t<div class=\"elementor-widget-container\">\n\t\t\t<div class=\"elementor-image-box-wrapper\"><figure class=\"elementor-image-box-img\"><img decoding=\"async\" width=\"69\" height=\"66\" src=\"https:\/\/www.masperotech.it\/wp-content\/uploads\/2025\/09\/mechan-1-1.png\" class=\"attachment-full size-full wp-image-35165\" alt=\"\" \/><\/figure><div class=\"elementor-image-box-content\"><h6 class=\"elementor-image-box-title\">DURET\u00c9<\/h6><\/div><\/div>\t\t<\/div>\n\t\t\t\t<\/div>\n\t\t\t\t<div class=\"elementor-element elementor-element-6b71d94 elementor-position-left elementor-vertical-align-top elementor-widget elementor-widget-image-box\" data-id=\"6b71d94\" data-element_type=\"widget\" data-widget_type=\"image-box.default\">\n\t\t\t\t<div class=\"elementor-widget-container\">\n\t\t\t<div class=\"elementor-image-box-wrapper\"><figure class=\"elementor-image-box-img\"><img decoding=\"async\" width=\"63\" height=\"63\" src=\"https:\/\/www.masperotech.it\/wp-content\/uploads\/2025\/09\/durability-1-1.png\" class=\"attachment-full size-full wp-image-35255\" alt=\"\" \/><\/figure><div class=\"elementor-image-box-content\"><h6 class=\"elementor-image-box-title\">R\u00c9SISTANCE M\u00c9CANIQUE<\/h6><\/div><\/div>\t\t<\/div>\n\t\t\t\t<\/div>\n\t\t\t\t<div class=\"elementor-element elementor-element-e2b08e5 elementor-position-left elementor-vertical-align-top elementor-widget elementor-widget-image-box\" data-id=\"e2b08e5\" data-element_type=\"widget\" data-widget_type=\"image-box.default\">\n\t\t\t\t<div class=\"elementor-widget-container\">\n\t\t\t<div class=\"elementor-image-box-wrapper\"><figure class=\"elementor-image-box-img\"><img decoding=\"async\" width=\"71\" height=\"65\" src=\"https:\/\/www.masperotech.it\/wp-content\/uploads\/2025\/09\/resistence-1-1.png\" class=\"attachment-full size-full wp-image-35051\" alt=\"\" \/><\/figure><div class=\"elementor-image-box-content\"><h6 class=\"elementor-image-box-title\">R\u00c9SISTANCE \u00c0 LA CORROSION<\/h6><\/div><\/div>\t\t<\/div>\n\t\t\t\t<\/div>\n\t\t\t\t<div class=\"elementor-element elementor-element-4812118 elementor-position-left elementor-vertical-align-top elementor-widget elementor-widget-image-box\" data-id=\"4812118\" data-element_type=\"widget\" data-widget_type=\"image-box.default\">\n\t\t\t\t<div class=\"elementor-widget-container\">\n\t\t\t<div class=\"elementor-image-box-wrapper\"><figure class=\"elementor-image-box-img\"><img loading=\"lazy\" decoding=\"async\" width=\"63\" height=\"53\" src=\"https:\/\/www.masperotech.it\/wp-content\/uploads\/2025\/09\/weight-1-1.png\" class=\"attachment-full size-full wp-image-35173\" alt=\"\" \/><\/figure><div class=\"elementor-image-box-content\"><h6 class=\"elementor-image-box-title\">POIDS SP\u00c9CIFIQUES<\/h6><p class=\"elementor-image-box-description\">Le poids sp\u00e9cifique est d'environ 8,45 kg\/dm3<\/p><\/div><\/div>\t\t<\/div>\n\t\t\t\t<\/div>\n\t\t\t\t\t<\/div>\n\t\t<\/div>\n\t\t\t\t<div class=\"elementor-column elementor-col-50 elementor-inner-column elementor-element elementor-element-d52436f\" data-id=\"d52436f\" data-element_type=\"column\">\n\t\t\t<div class=\"elementor-widget-wrap elementor-element-populated\">\n\t\t\t\t\t\t<div class=\"elementor-element elementor-element-5151e59 elementor-position-left elementor-vertical-align-top elementor-widget elementor-widget-image-box\" data-id=\"5151e59\" data-element_type=\"widget\" data-widget_type=\"image-box.default\">\n\t\t\t\t<div class=\"elementor-widget-container\">\n\t\t\t<div class=\"elementor-image-box-wrapper\"><figure class=\"elementor-image-box-img\"><img loading=\"lazy\" decoding=\"async\" width=\"73\" height=\"73\" src=\"https:\/\/www.masperotech.it\/wp-content\/uploads\/2025\/09\/Group-2-1.png\" class=\"attachment-full size-full wp-image-35259\" alt=\"\" \/><\/figure><div class=\"elementor-image-box-content\"><h6 class=\"elementor-image-box-title\">ANTIBACT\u00c9RIEN<\/h6><\/div><\/div>\t\t<\/div>\n\t\t\t\t<\/div>\n\t\t\t\t<div class=\"elementor-element elementor-element-477f8f8 elementor-position-left elementor-vertical-align-top elementor-widget elementor-widget-image-box\" data-id=\"477f8f8\" data-element_type=\"widget\" data-widget_type=\"image-box.default\">\n\t\t\t\t<div class=\"elementor-widget-container\">\n\t\t\t<div class=\"elementor-image-box-wrapper\"><figure class=\"elementor-image-box-img\"><img loading=\"lazy\" decoding=\"async\" width=\"60\" height=\"63\" src=\"https:\/\/www.masperotech.it\/wp-content\/uploads\/2025\/09\/Group-3-1.png\" class=\"attachment-full size-full wp-image-35263\" alt=\"\" \/><\/figure><div class=\"elementor-image-box-content\"><h6 class=\"elementor-image-box-title\">\u00c9CHANGE DE CHALEUR<\/h6><\/div><\/div>\t\t<\/div>\n\t\t\t\t<\/div>\n\t\t\t\t<div class=\"elementor-element elementor-element-2675c46 elementor-position-left elementor-vertical-align-top elementor-widget elementor-widget-image-box\" data-id=\"2675c46\" data-element_type=\"widget\" data-widget_type=\"image-box.default\">\n\t\t\t\t<div class=\"elementor-widget-container\">\n\t\t\t<div class=\"elementor-image-box-wrapper\"><figure class=\"elementor-image-box-img\"><img loading=\"lazy\" decoding=\"async\" width=\"66\" height=\"66\" src=\"https:\/\/www.masperotech.it\/wp-content\/uploads\/2025\/09\/workability-1-1.png\" class=\"attachment-full size-full wp-image-35267\" alt=\"\" \/><\/figure><div class=\"elementor-image-box-content\"><h6 class=\"elementor-image-box-title\">TR\u00c8S HAUTE MANIABILIT\u00c9<\/h6><\/div><\/div>\t\t<\/div>\n\t\t\t\t<\/div>\n\t\t\t\t\t<\/div>\n\t\t<\/div>\n\t\t\t\t\t<\/div>\n\t\t<\/section>\n\t\t\t\t\t<\/div>\n\t\t<\/div>\n\t\t\t\t\t<\/div>\n\t\t<\/section>\n\t\t\t\t<section class=\"elementor-section elementor-top-section elementor-element elementor-element-a274522 elementor-section-boxed elementor-section-height-default elementor-section-height-default\" data-id=\"a274522\" data-element_type=\"section\">\n\t\t\t\t\t\t<div class=\"elementor-container elementor-column-gap-default\">\n\t\t\t\t\t<div class=\"elementor-column elementor-col-100 elementor-top-column elementor-element elementor-element-04b23ba\" data-id=\"04b23ba\" data-element_type=\"column\">\n\t\t\t<div class=\"elementor-widget-wrap elementor-element-populated\">\n\t\t\t\t\t\t<div class=\"elementor-element elementor-element-b819143 blacktxt txt4 elementor-widget elementor-widget-heading\" data-id=\"b819143\" data-element_type=\"widget\" data-widget_type=\"heading.default\">\n\t\t\t\t<div class=\"elementor-widget-container\">\n\t\t\t<h4 class=\"elementor-heading-title elementor-size-default\">SECTEURS D'APPLICATION<\/h4>\t\t<\/div>\n\t\t\t\t<\/div>\n\t\t\t\t<div class=\"elementor-element elementor-element-e4653cb elementor-widget elementor-widget-text-editor\" data-id=\"e4653cb\" data-element_type=\"widget\" data-widget_type=\"text-editor.default\">\n\t\t\t\t<div class=\"elementor-widget-container\">\n\t\t\t\t\t\t\t<ul><li>NAUTIQUE<\/li><li>S\u00c9PARATEURS DE LIQUIDES<\/li><li>FERROVIAIRE &#8211; GRANDE VITESSE<\/li><li>\u00a0\u00c9QUIPEMENTS DE PLOMBERIE<\/li><li>DESIGN<\/li><\/ul>\t\t\t\t\t\t<\/div>\n\t\t\t\t<\/div>\n\t\t\t\t\t<\/div>\n\t\t<\/div>\n\t\t\t\t\t<\/div>\n\t\t<\/section>\n\t\t\t\t<\/div>\n\t\t","protected":false},"excerpt":{"rendered":"<p>Le laiton est un alliage de cuivre et de zinc dont les propri\u00e9t\u00e9s sont nombreuses : recyclabilit\u00e9, commodit\u00e9 et faible co\u00fbt d&rsquo;\u00e9nergie sont des facteurs essentiels dans diff\u00e9rentes applications. Nous pouvons effectuer des traitements thermiques en interne pour tous les alliages de laiton. alliages Cu Zn39 Sn1 CW 719N Cu Zn36 Pb2 As CW 602N [&hellip;]<\/p>\n","protected":false},"author":2,"featured_media":29869,"parent":0,"menu_order":0,"comment_status":"closed","ping_status":"closed","template":"","meta":{"_acf_changed":false,"footnotes":""},"class_list":["post-29868","page","type-page","status-publish","has-post-thumbnail","hentry"],"acf":[],"_links":{"self":[{"href":"https:\/\/www.masperotech.it\/fr\/wp-json\/wp\/v2\/pages\/29868","targetHints":{"allow":["GET"]}}],"collection":[{"href":"https:\/\/www.masperotech.it\/fr\/wp-json\/wp\/v2\/pages"}],"about":[{"href":"https:\/\/www.masperotech.it\/fr\/wp-json\/wp\/v2\/types\/page"}],"author":[{"embeddable":true,"href":"https:\/\/www.masperotech.it\/fr\/wp-json\/wp\/v2\/users\/2"}],"replies":[{"embeddable":true,"href":"https:\/\/www.masperotech.it\/fr\/wp-json\/wp\/v2\/comments?post=29868"}],"version-history":[{"count":3,"href":"https:\/\/www.masperotech.it\/fr\/wp-json\/wp\/v2\/pages\/29868\/revisions"}],"predecessor-version":[{"id":36294,"href":"https:\/\/www.masperotech.it\/fr\/wp-json\/wp\/v2\/pages\/29868\/revisions\/36294"}],"wp:featuredmedia":[{"embeddable":true,"href":"https:\/\/www.masperotech.it\/fr\/wp-json\/wp\/v2\/media\/29869"}],"wp:attachment":[{"href":"https:\/\/www.masperotech.it\/fr\/wp-json\/wp\/v2\/media?parent=29868"}],"curies":[{"name":"wp","href":"https:\/\/api.w.org\/{rel}","templated":true}]}}