{"id":29862,"date":"2023-03-16T16:05:01","date_gmt":"2023-03-16T14:05:01","guid":{"rendered":"https:\/\/www.masperotech.it\/titane\/"},"modified":"2025-09-03T16:45:08","modified_gmt":"2025-09-03T14:45:08","slug":"titane","status":"publish","type":"page","link":"https:\/\/www.masperotech.it\/fr\/titane\/","title":{"rendered":"Titane"},"content":{"rendered":"\t\t<div data-elementor-type=\"wp-page\" data-elementor-id=\"29862\" class=\"elementor elementor-29862 elementor-5757\" data-elementor-post-type=\"page\">\n\t\t\t\t\t\t<section class=\"elementor-section elementor-top-section elementor-element elementor-element-b8a8eb3 elementor-section-boxed elementor-section-height-default elementor-section-height-default\" data-id=\"b8a8eb3\" data-element_type=\"section\">\n\t\t\t\t\t\t<div class=\"elementor-container elementor-column-gap-default\">\n\t\t\t\t\t<div class=\"elementor-column elementor-col-100 elementor-top-column elementor-element elementor-element-4b38845\" data-id=\"4b38845\" data-element_type=\"column\">\n\t\t\t<div class=\"elementor-widget-wrap elementor-element-populated\">\n\t\t\t\t\t\t<div class=\"elementor-element elementor-element-978ae8c animated-slow elementor-invisible elementor-widget elementor-widget-heading\" data-id=\"978ae8c\" data-element_type=\"widget\" data-settings=\"{&quot;motion_fx_motion_fx_scrolling&quot;:&quot;yes&quot;,&quot;motion_fx_translateX_effect&quot;:&quot;yes&quot;,&quot;motion_fx_translateX_direction&quot;:&quot;negative&quot;,&quot;motion_fx_translateX_speed&quot;:{&quot;unit&quot;:&quot;px&quot;,&quot;size&quot;:1,&quot;sizes&quot;:[]},&quot;_animation&quot;:&quot;fadeIn&quot;,&quot;motion_fx_devices&quot;:[&quot;desktop&quot;],&quot;motion_fx_translateX_affectedRange&quot;:{&quot;unit&quot;:&quot;%&quot;,&quot;size&quot;:&quot;&quot;,&quot;sizes&quot;:{&quot;start&quot;:0,&quot;end&quot;:100}}}\" data-widget_type=\"heading.default\">\n\t\t\t\t<div class=\"elementor-widget-container\">\n\t\t\t<h2 class=\"elementor-heading-title elementor-size-default\">Titane<\/h2>\t\t<\/div>\n\t\t\t\t<\/div>\n\t\t\t\t<div class=\"elementor-element elementor-element-a60914f elementor-widget elementor-widget-text-editor\" data-id=\"a60914f\" data-element_type=\"widget\" data-widget_type=\"text-editor.default\">\n\t\t\t\t<div class=\"elementor-widget-container\">\n\t\t\t\t\t\t\t<p>En raison de leurs propri\u00e9t\u00e9s et de leur co\u00fbt, les alliages de titane constituent le choix id\u00e9al pour toutes les applications o\u00f9 le co\u00fbt plus \u00e9lev\u00e9 est justifi\u00e9 par des performances \u00e9lev\u00e9es, telles que les proc\u00e9d\u00e9s chimiques et a\u00e9rospatiaux et les proth\u00e8ses.<\/p>\n\t\t\t\t\t\t<\/div>\n\t\t\t\t<\/div>\n\t\t\t\t<div class=\"elementor-element elementor-element-85969b6 elementor-widget elementor-widget-heading\" data-id=\"85969b6\" data-element_type=\"widget\" data-widget_type=\"heading.default\">\n\t\t\t\t<div class=\"elementor-widget-container\">\n\t\t\t<h4 class=\"elementor-heading-title elementor-size-default\">alliages<\/h4>\t\t<\/div>\n\t\t\t\t<\/div>\n\t\t\t\t<div class=\"elementor-element elementor-element-0575f84 elementor-widget elementor-widget-text-editor\" data-id=\"0575f84\" data-element_type=\"widget\" data-widget_type=\"text-editor.default\">\n\t\t\t\t<div class=\"elementor-widget-container\">\n\t\t\t\t\t\t\t<ul>\n<li>ASTM B 348 Gr5<\/li>\n<li>ASTM B 381 Gr5<\/li>\n<li>ASTM B 348 Gr2<\/li>\n<\/ul>\n\t\t\t\t\t\t<\/div>\n\t\t\t\t<\/div>\n\t\t\t\t\t<\/div>\n\t\t<\/div>\n\t\t\t\t\t<\/div>\n\t\t<\/section>\n\t\t\t\t<section class=\"elementor-section elementor-top-section elementor-element elementor-element-8a90fb0 blacktxt elementor-section-boxed elementor-section-height-default elementor-section-height-default\" data-id=\"8a90fb0\" data-element_type=\"section\" data-settings=\"{&quot;background_background&quot;:&quot;classic&quot;}\">\n\t\t\t\t\t\t<div class=\"elementor-container elementor-column-gap-default\">\n\t\t\t\t\t<div class=\"elementor-column elementor-col-100 elementor-top-column elementor-element elementor-element-2a59d87\" data-id=\"2a59d87\" data-element_type=\"column\">\n\t\t\t<div class=\"elementor-widget-wrap elementor-element-populated\">\n\t\t\t\t\t\t<div class=\"elementor-element elementor-element-8baac45 elementor-widget elementor-widget-heading\" data-id=\"8baac45\" data-element_type=\"widget\" data-widget_type=\"heading.default\">\n\t\t\t\t<div class=\"elementor-widget-container\">\n\t\t\t<h4 class=\"elementor-heading-title elementor-size-default\">Caract\u00e9ristiques<\/h4>\t\t<\/div>\n\t\t\t\t<\/div>\n\t\t\t\t<div class=\"elementor-element elementor-element-704f87a elementor-widget elementor-widget-text-editor\" data-id=\"704f87a\" data-element_type=\"widget\" data-widget_type=\"text-editor.default\">\n\t\t\t\t<div class=\"elementor-widget-container\">\n\t\t\t\t\t\t\t<p>Les alliages de titane sont choisis pour des applications n\u00e9cessitant\u00a0:<\/p>\t\t\t\t\t\t<\/div>\n\t\t\t\t<\/div>\n\t\t\t\t<section class=\"elementor-section elementor-inner-section elementor-element elementor-element-e45d343 pad icon-box2 elementor-section-boxed elementor-section-height-default elementor-section-height-default\" data-id=\"e45d343\" data-element_type=\"section\">\n\t\t\t\t\t\t<div class=\"elementor-container elementor-column-gap-default\">\n\t\t\t\t\t<div class=\"elementor-column elementor-col-50 elementor-inner-column elementor-element elementor-element-3543b54\" data-id=\"3543b54\" data-element_type=\"column\">\n\t\t\t<div class=\"elementor-widget-wrap elementor-element-populated\">\n\t\t\t\t\t\t<div class=\"elementor-element elementor-element-e15d266 elementor-position-left elementor-vertical-align-top elementor-widget elementor-widget-image-box\" data-id=\"e15d266\" data-element_type=\"widget\" data-widget_type=\"image-box.default\">\n\t\t\t\t<div class=\"elementor-widget-container\">\n\t\t\t<div class=\"elementor-image-box-wrapper\"><figure class=\"elementor-image-box-img\"><img decoding=\"async\" width=\"69\" height=\"66\" src=\"https:\/\/www.masperotech.it\/wp-content\/uploads\/2025\/09\/mechan-1-1.png\" class=\"attachment-full size-full wp-image-35165\" alt=\"\" \/><\/figure><div class=\"elementor-image-box-content\"><h6 class=\"elementor-image-box-title\">HAUTE R\u00c9SISTANCE<\/h6><p class=\"elementor-image-box-description\">Sup\u00e9rieure \u00e0 celle de l\u2019acier<\/p><\/div><\/div>\t\t<\/div>\n\t\t\t\t<\/div>\n\t\t\t\t<div class=\"elementor-element elementor-element-21919be elementor-position-left elementor-vertical-align-top elementor-widget elementor-widget-image-box\" data-id=\"21919be\" data-element_type=\"widget\" data-widget_type=\"image-box.default\">\n\t\t\t\t<div class=\"elementor-widget-container\">\n\t\t\t<div class=\"elementor-image-box-wrapper\"><figure class=\"elementor-image-box-img\"><img decoding=\"async\" width=\"71\" height=\"65\" src=\"https:\/\/www.masperotech.it\/wp-content\/uploads\/2025\/09\/resistence-1-1.png\" class=\"attachment-full size-full wp-image-35051\" alt=\"\" \/><\/figure><div class=\"elementor-image-box-content\"><h6 class=\"elementor-image-box-title\">R\u00c9SISTANCE \u00c9LEV\u00c9E \u00c0 LA CORROSION<\/h6><\/div><\/div>\t\t<\/div>\n\t\t\t\t<\/div>\n\t\t\t\t\t<\/div>\n\t\t<\/div>\n\t\t\t\t<div class=\"elementor-column elementor-col-50 elementor-inner-column elementor-element elementor-element-8e7dba9\" data-id=\"8e7dba9\" data-element_type=\"column\">\n\t\t\t<div class=\"elementor-widget-wrap elementor-element-populated\">\n\t\t\t\t\t\t<div class=\"elementor-element elementor-element-efa06c8 elementor-position-left elementor-vertical-align-top elementor-widget elementor-widget-image-box\" data-id=\"efa06c8\" data-element_type=\"widget\" data-widget_type=\"image-box.default\">\n\t\t\t\t<div class=\"elementor-widget-container\">\n\t\t\t<div class=\"elementor-image-box-wrapper\"><figure class=\"elementor-image-box-img\"><img decoding=\"async\" width=\"77\" height=\"58\" src=\"https:\/\/www.masperotech.it\/wp-content\/uploads\/2025\/09\/light-1-1.png\" class=\"attachment-full size-full wp-image-35169\" alt=\"\" \/><\/figure><div class=\"elementor-image-box-content\"><h6 class=\"elementor-image-box-title\">POIDS R\u00c9DUIT<\/h6><\/div><\/div>\t\t<\/div>\n\t\t\t\t<\/div>\n\t\t\t\t<div class=\"elementor-element elementor-element-7c4ca43 elementor-position-left elementor-vertical-align-top elementor-widget elementor-widget-image-box\" data-id=\"7c4ca43\" data-element_type=\"widget\" data-widget_type=\"image-box.default\">\n\t\t\t\t<div class=\"elementor-widget-container\">\n\t\t\t<div class=\"elementor-image-box-wrapper\"><figure class=\"elementor-image-box-img\"><img loading=\"lazy\" decoding=\"async\" width=\"63\" height=\"53\" src=\"https:\/\/www.masperotech.it\/wp-content\/uploads\/2025\/09\/weight-1-1.png\" class=\"attachment-full size-full wp-image-35173\" alt=\"\" \/><\/figure><div class=\"elementor-image-box-content\"><h6 class=\"elementor-image-box-title\">POIDS SP\u00c9CIFIQUES<\/h6><p class=\"elementor-image-box-description\">Le poids sp\u00e9cifique est d\u2019environ 4.5 kg\/dm3.<\/p><\/div><\/div>\t\t<\/div>\n\t\t\t\t<\/div>\n\t\t\t\t\t<\/div>\n\t\t<\/div>\n\t\t\t\t\t<\/div>\n\t\t<\/section>\n\t\t\t\t\t<\/div>\n\t\t<\/div>\n\t\t\t\t\t<\/div>\n\t\t<\/section>\n\t\t\t\t<section class=\"elementor-section elementor-top-section elementor-element elementor-element-9312a94 elementor-section-boxed elementor-section-height-default elementor-section-height-default\" data-id=\"9312a94\" data-element_type=\"section\">\n\t\t\t\t\t\t<div class=\"elementor-container elementor-column-gap-default\">\n\t\t\t\t\t<div class=\"elementor-column elementor-col-100 elementor-top-column elementor-element elementor-element-adcbc2e\" data-id=\"adcbc2e\" data-element_type=\"column\">\n\t\t\t<div class=\"elementor-widget-wrap elementor-element-populated\">\n\t\t\t\t\t\t<div class=\"elementor-element elementor-element-594c24c blacktxt txt4 elementor-widget elementor-widget-heading\" data-id=\"594c24c\" data-element_type=\"widget\" data-widget_type=\"heading.default\">\n\t\t\t\t<div class=\"elementor-widget-container\">\n\t\t\t<h4 class=\"elementor-heading-title elementor-size-default\">SECTEURS D\u2019APPLICATION<\/h4>\t\t<\/div>\n\t\t\t\t<\/div>\n\t\t\t\t<div class=\"elementor-element elementor-element-aa0a4ab elementor-widget elementor-widget-text-editor\" data-id=\"aa0a4ab\" data-element_type=\"widget\" data-widget_type=\"text-editor.default\">\n\t\t\t\t<div class=\"elementor-widget-container\">\n\t\t\t\t\t\t\t<ul><li>A\u00e9rospatiale<\/li><li>M\u00e9decine<\/li><li>Ing\u00e9nierie g\u00e9n\u00e9rale<\/li><li>Basse et moyenne tension<\/li><li>Houte tension<\/li><\/ul>\t\t\t\t\t\t<\/div>\n\t\t\t\t<\/div>\n\t\t\t\t\t<\/div>\n\t\t<\/div>\n\t\t\t\t\t<\/div>\n\t\t<\/section>\n\t\t\t\t<\/div>\n\t\t","protected":false},"excerpt":{"rendered":"<p>Titane En raison de leurs propri\u00e9t\u00e9s et de leur co\u00fbt, les alliages de titane constituent le choix id\u00e9al pour toutes les applications o\u00f9 le co\u00fbt plus \u00e9lev\u00e9 est justifi\u00e9 par des performances \u00e9lev\u00e9es, telles que les proc\u00e9d\u00e9s chimiques et a\u00e9rospatiaux et les proth\u00e8ses. alliages ASTM B 348 Gr5 ASTM B 381 Gr5 ASTM B 348 [&hellip;]<\/p>\n","protected":false},"author":2,"featured_media":29863,"parent":0,"menu_order":0,"comment_status":"closed","ping_status":"closed","template":"","meta":{"_acf_changed":false,"footnotes":""},"class_list":["post-29862","page","type-page","status-publish","has-post-thumbnail","hentry"],"acf":[],"_links":{"self":[{"href":"https:\/\/www.masperotech.it\/fr\/wp-json\/wp\/v2\/pages\/29862","targetHints":{"allow":["GET"]}}],"collection":[{"href":"https:\/\/www.masperotech.it\/fr\/wp-json\/wp\/v2\/pages"}],"about":[{"href":"https:\/\/www.masperotech.it\/fr\/wp-json\/wp\/v2\/types\/page"}],"author":[{"embeddable":true,"href":"https:\/\/www.masperotech.it\/fr\/wp-json\/wp\/v2\/users\/2"}],"replies":[{"embeddable":true,"href":"https:\/\/www.masperotech.it\/fr\/wp-json\/wp\/v2\/comments?post=29862"}],"version-history":[{"count":3,"href":"https:\/\/www.masperotech.it\/fr\/wp-json\/wp\/v2\/pages\/29862\/revisions"}],"predecessor-version":[{"id":36280,"href":"https:\/\/www.masperotech.it\/fr\/wp-json\/wp\/v2\/pages\/29862\/revisions\/36280"}],"wp:featuredmedia":[{"embeddable":true,"href":"https:\/\/www.masperotech.it\/fr\/wp-json\/wp\/v2\/media\/29863"}],"wp:attachment":[{"href":"https:\/\/www.masperotech.it\/fr\/wp-json\/wp\/v2\/media?parent=29862"}],"curies":[{"name":"wp","href":"https:\/\/api.w.org\/{rel}","templated":true}]}}