{"id":29859,"date":"2023-03-16T15:20:07","date_gmt":"2023-03-16T13:20:07","guid":{"rendered":"https:\/\/www.masperotech.it\/cuivre\/"},"modified":"2025-09-03T16:39:05","modified_gmt":"2025-09-03T14:39:05","slug":"cuivre","status":"publish","type":"page","link":"https:\/\/www.masperotech.it\/fr\/cuivre\/","title":{"rendered":"Cuivre"},"content":{"rendered":"\t\t<div data-elementor-type=\"wp-page\" data-elementor-id=\"29859\" class=\"elementor elementor-29859 elementor-5674\" data-elementor-post-type=\"page\">\n\t\t\t\t\t\t<section class=\"elementor-section elementor-top-section elementor-element elementor-element-a09103e blacktxt elementor-section-boxed elementor-section-height-default elementor-section-height-default\" data-id=\"a09103e\" data-element_type=\"section\">\n\t\t\t\t\t\t<div class=\"elementor-container elementor-column-gap-default\">\n\t\t\t\t\t<div class=\"elementor-column elementor-col-100 elementor-top-column elementor-element elementor-element-e2dc8a9\" data-id=\"e2dc8a9\" data-element_type=\"column\">\n\t\t\t<div class=\"elementor-widget-wrap elementor-element-populated\">\n\t\t\t\t\t\t<div class=\"elementor-element elementor-element-43314fd elementor-widget elementor-widget-text-editor\" data-id=\"43314fd\" data-element_type=\"widget\" data-widget_type=\"text-editor.default\">\n\t\t\t\t<div class=\"elementor-widget-container\">\n\t\t\t\t\t\t\t<p>Il existe 400 diff\u00e9rents alliages de cuivre. Chacun se distingue par un certain nombre de propri\u00e9t\u00e9s qui peuvent \u00eatre adapt\u00e9es \u00e0 une application ou \u00e0 un processus de production sp\u00e9cifique.<\/p>\n<p>Le <strong>cuivre \u00ab\u00a0pur\u00a0\u00bb<\/strong> est l&rsquo;alliage qui poss\u00e8de la plus grande capacit\u00e9 \u00e0 conduire l&rsquo;\u00e9lectricit\u00e9 et \u00e0 \u00e9changer de la chaleur entre diff\u00e9rents m\u00e9taux, ainsi qu&rsquo;\u00e0 r\u00e9sister \u00e0 la corrosion.<\/p>\n\t\t\t\t\t\t<\/div>\n\t\t\t\t<\/div>\n\t\t\t\t<div class=\"elementor-element elementor-element-fd8b0de elementor-widget elementor-widget-heading\" data-id=\"fd8b0de\" data-element_type=\"widget\" data-widget_type=\"heading.default\">\n\t\t\t\t<div class=\"elementor-widget-container\">\n\t\t\t<h4 class=\"elementor-heading-title elementor-size-default\">alliages<\/h4>\t\t<\/div>\n\t\t\t\t<\/div>\n\t\t\t\t<section class=\"elementor-section elementor-inner-section elementor-element elementor-element-96f73c5 elementor-section-boxed elementor-section-height-default elementor-section-height-default\" data-id=\"96f73c5\" data-element_type=\"section\">\n\t\t\t\t\t\t<div class=\"elementor-container elementor-column-gap-default\">\n\t\t\t\t\t<div class=\"elementor-column elementor-col-100 elementor-inner-column elementor-element elementor-element-207de49\" data-id=\"207de49\" data-element_type=\"column\">\n\t\t\t<div class=\"elementor-widget-wrap elementor-element-populated\">\n\t\t\t\t\t\t<div class=\"elementor-element elementor-element-9b851c5 elementor-widget elementor-widget-text-editor\" data-id=\"9b851c5\" data-element_type=\"widget\" data-widget_type=\"text-editor.default\">\n\t\t\t\t<div class=\"elementor-widget-container\">\n\t\t\t\t\t\t\t<ul>\r\n<li>Cu ETP CW004A<\/li>\r\n<li>Cu Be2 CW101C<\/li>\r\n<li>Cu Cr1 Zr CW106C<\/li>\r\n<li>Cu Ni2 Si CW111C<\/li>\r\n<li>Cu-OF CW008A<\/li>\r\n<\/ul>\t\t\t\t\t\t<\/div>\n\t\t\t\t<\/div>\n\t\t\t\t\t<\/div>\n\t\t<\/div>\n\t\t\t\t\t<\/div>\n\t\t<\/section>\n\t\t\t\t\t<\/div>\n\t\t<\/div>\n\t\t\t\t\t<\/div>\n\t\t<\/section>\n\t\t\t\t<section class=\"elementor-section elementor-top-section elementor-element elementor-element-cc4b3c1 icon-box1 elementor-section-boxed elementor-section-height-default elementor-section-height-default\" data-id=\"cc4b3c1\" data-element_type=\"section\" data-settings=\"{&quot;background_background&quot;:&quot;classic&quot;}\">\n\t\t\t\t\t\t<div class=\"elementor-container elementor-column-gap-default\">\n\t\t\t\t\t<div class=\"elementor-column elementor-col-100 elementor-top-column elementor-element elementor-element-3731b0d\" data-id=\"3731b0d\" data-element_type=\"column\">\n\t\t\t<div class=\"elementor-widget-wrap elementor-element-populated\">\n\t\t\t\t\t\t<div class=\"elementor-element elementor-element-41c3837 blacktxt elementor-widget elementor-widget-heading\" data-id=\"41c3837\" data-element_type=\"widget\" data-widget_type=\"heading.default\">\n\t\t\t\t<div class=\"elementor-widget-container\">\n\t\t\t<h4 class=\"elementor-heading-title elementor-size-default\">Caract\u00e9ristiques<\/h4>\t\t<\/div>\n\t\t\t\t<\/div>\n\t\t\t\t<div class=\"elementor-element elementor-element-a648cfa elementor-widget elementor-widget-text-editor\" data-id=\"a648cfa\" data-element_type=\"widget\" data-widget_type=\"text-editor.default\">\n\t\t\t\t<div class=\"elementor-widget-container\">\n\t\t\t\t\t\t\t<p>Les principales caract\u00e9ristiques des pi\u00e8ces forg\u00e9es en cuivre sont les suivantes:<\/p>\t\t\t\t\t\t<\/div>\n\t\t\t\t<\/div>\n\t\t\t\t<section class=\"elementor-section elementor-inner-section elementor-element elementor-element-37a25da pad icon-box2 elementor-section-boxed elementor-section-height-default elementor-section-height-default\" data-id=\"37a25da\" data-element_type=\"section\">\n\t\t\t\t\t\t<div class=\"elementor-container elementor-column-gap-default\">\n\t\t\t\t\t<div class=\"elementor-column elementor-col-50 elementor-inner-column elementor-element elementor-element-fbfa4ad\" data-id=\"fbfa4ad\" data-element_type=\"column\">\n\t\t\t<div class=\"elementor-widget-wrap elementor-element-populated\">\n\t\t\t\t\t\t<div class=\"elementor-element elementor-element-5e15d32 elementor-position-left elementor-vertical-align-top elementor-widget elementor-widget-image-box\" data-id=\"5e15d32\" data-element_type=\"widget\" data-widget_type=\"image-box.default\">\n\t\t\t\t<div class=\"elementor-widget-container\">\n\t\t\t<div class=\"elementor-image-box-wrapper\"><figure class=\"elementor-image-box-img\"><img decoding=\"async\" width=\"115\" height=\"172\" src=\"https:\/\/www.masperotech.it\/wp-content\/uploads\/2025\/09\/conductivity-1.png\" class=\"attachment-full size-full wp-image-35118\" alt=\"\" \/><\/figure><div class=\"elementor-image-box-content\"><h6 class=\"elementor-image-box-title\">CONDUCTIVIT\u00c9<\/h6><p class=\"elementor-image-box-description\">Le cuivre \u00ab\u00a0pur\u00a0\u00bb est l'alliage qui poss\u00e8de la plus grande capacit\u00e9 \u00e0 conduire l'\u00e9lectricit\u00e9 et \u00e0 \u00e9changer de la chaleur entre diff\u00e9rents m\u00e9taux.<\/p><\/div><\/div>\t\t<\/div>\n\t\t\t\t<\/div>\n\t\t\t\t<div class=\"elementor-element elementor-element-334e872 elementor-position-left elementor-vertical-align-top elementor-widget elementor-widget-image-box\" data-id=\"334e872\" data-element_type=\"widget\" data-widget_type=\"image-box.default\">\n\t\t\t\t<div class=\"elementor-widget-container\">\n\t\t\t<div class=\"elementor-image-box-wrapper\"><figure class=\"elementor-image-box-img\"><img decoding=\"async\" width=\"63\" height=\"53\" src=\"https:\/\/www.masperotech.it\/wp-content\/uploads\/2025\/09\/weight-2.png\" class=\"attachment-full size-full wp-image-35059\" alt=\"\" \/><\/figure><div class=\"elementor-image-box-content\"><h6 class=\"elementor-image-box-title\">POIDS SP\u00c9CIFIQUE<\/h6><p class=\"elementor-image-box-description\">Le poids sp\u00e9cifique est d\u2019environ 8.94 kg\/dm3.<\/p><\/div><\/div>\t\t<\/div>\n\t\t\t\t<\/div>\n\t\t\t\t\t<\/div>\n\t\t<\/div>\n\t\t\t\t<div class=\"elementor-column elementor-col-50 elementor-inner-column elementor-element elementor-element-636cb61\" data-id=\"636cb61\" data-element_type=\"column\">\n\t\t\t<div class=\"elementor-widget-wrap elementor-element-populated\">\n\t\t\t\t\t\t<div class=\"elementor-element elementor-element-f66fd94 elementor-position-left elementor-vertical-align-top elementor-widget elementor-widget-image-box\" data-id=\"f66fd94\" data-element_type=\"widget\" data-widget_type=\"image-box.default\">\n\t\t\t\t<div class=\"elementor-widget-container\">\n\t\t\t<div class=\"elementor-image-box-wrapper\"><figure class=\"elementor-image-box-img\"><img decoding=\"async\" width=\"71\" height=\"65\" src=\"https:\/\/www.masperotech.it\/wp-content\/uploads\/2025\/09\/resistence-2.png\" class=\"attachment-full size-full wp-image-35122\" alt=\"\" \/><\/figure><div class=\"elementor-image-box-content\"><h6 class=\"elementor-image-box-title\">R\u00c9SISTANCE \u00c0 LA CORROSION<\/h6><\/div><\/div>\t\t<\/div>\n\t\t\t\t<\/div>\n\t\t\t\t\t<\/div>\n\t\t<\/div>\n\t\t\t\t\t<\/div>\n\t\t<\/section>\n\t\t\t\t\t<\/div>\n\t\t<\/div>\n\t\t\t\t\t<\/div>\n\t\t<\/section>\n\t\t\t\t<section class=\"elementor-section elementor-top-section elementor-element elementor-element-c9fee46 elementor-section-boxed elementor-section-height-default elementor-section-height-default\" data-id=\"c9fee46\" data-element_type=\"section\">\n\t\t\t\t\t\t<div class=\"elementor-container elementor-column-gap-default\">\n\t\t\t\t\t<div class=\"elementor-column elementor-col-100 elementor-top-column elementor-element elementor-element-0a7ea19\" data-id=\"0a7ea19\" data-element_type=\"column\">\n\t\t\t<div class=\"elementor-widget-wrap elementor-element-populated\">\n\t\t\t\t\t\t<div class=\"elementor-element elementor-element-03b9998 blacktxt txt4 elementor-widget elementor-widget-heading\" data-id=\"03b9998\" data-element_type=\"widget\" data-widget_type=\"heading.default\">\n\t\t\t\t<div class=\"elementor-widget-container\">\n\t\t\t<h4 class=\"elementor-heading-title elementor-size-default\">SECTEURS D'APPLICATION<\/h4>\t\t<\/div>\n\t\t\t\t<\/div>\n\t\t\t\t<div class=\"elementor-element elementor-element-b1469b7 elementor-widget elementor-widget-text-editor\" data-id=\"b1469b7\" data-element_type=\"widget\" data-widget_type=\"text-editor.default\">\n\t\t\t\t<div class=\"elementor-widget-container\">\n\t\t\t\t\t\t\t<ul><li>BASSE ET MOYENNE TENSION<\/li><li>HAUTE TENSION<\/li><li>VOITURES \u00c9LECTRIQUES<\/li><\/ul>\t\t\t\t\t\t<\/div>\n\t\t\t\t<\/div>\n\t\t\t\t\t<\/div>\n\t\t<\/div>\n\t\t\t\t\t<\/div>\n\t\t<\/section>\n\t\t\t\t<\/div>\n\t\t","protected":false},"excerpt":{"rendered":"<p>Il existe 400 diff\u00e9rents alliages de cuivre. Chacun se distingue par un certain nombre de propri\u00e9t\u00e9s qui peuvent \u00eatre adapt\u00e9es \u00e0 une application ou \u00e0 un processus de production sp\u00e9cifique. Le cuivre \u00ab\u00a0pur\u00a0\u00bb est l&rsquo;alliage qui poss\u00e8de la plus grande capacit\u00e9 \u00e0 conduire l&rsquo;\u00e9lectricit\u00e9 et \u00e0 \u00e9changer de la chaleur entre diff\u00e9rents m\u00e9taux, ainsi qu&rsquo;\u00e0 [&hellip;]<\/p>\n","protected":false},"author":2,"featured_media":29860,"parent":0,"menu_order":0,"comment_status":"closed","ping_status":"closed","template":"","meta":{"_acf_changed":false,"footnotes":""},"class_list":["post-29859","page","type-page","status-publish","has-post-thumbnail","hentry"],"acf":[],"_links":{"self":[{"href":"https:\/\/www.masperotech.it\/fr\/wp-json\/wp\/v2\/pages\/29859","targetHints":{"allow":["GET"]}}],"collection":[{"href":"https:\/\/www.masperotech.it\/fr\/wp-json\/wp\/v2\/pages"}],"about":[{"href":"https:\/\/www.masperotech.it\/fr\/wp-json\/wp\/v2\/types\/page"}],"author":[{"embeddable":true,"href":"https:\/\/www.masperotech.it\/fr\/wp-json\/wp\/v2\/users\/2"}],"replies":[{"embeddable":true,"href":"https:\/\/www.masperotech.it\/fr\/wp-json\/wp\/v2\/comments?post=29859"}],"version-history":[{"count":3,"href":"https:\/\/www.masperotech.it\/fr\/wp-json\/wp\/v2\/pages\/29859\/revisions"}],"predecessor-version":[{"id":36273,"href":"https:\/\/www.masperotech.it\/fr\/wp-json\/wp\/v2\/pages\/29859\/revisions\/36273"}],"wp:featuredmedia":[{"embeddable":true,"href":"https:\/\/www.masperotech.it\/fr\/wp-json\/wp\/v2\/media\/29860"}],"wp:attachment":[{"href":"https:\/\/www.masperotech.it\/fr\/wp-json\/wp\/v2\/media?parent=29859"}],"curies":[{"name":"wp","href":"https:\/\/api.w.org\/{rel}","templated":true}]}}