{"id":29815,"date":"2023-03-10T16:18:09","date_gmt":"2023-03-10T14:18:09","guid":{"rendered":"https:\/\/www.masperotech.it\/aluminium\/"},"modified":"2025-09-03T16:21:03","modified_gmt":"2025-09-03T14:21:03","slug":"aluminium","status":"publish","type":"page","link":"https:\/\/www.masperotech.it\/fr\/aluminium\/","title":{"rendered":"Aluminium"},"content":{"rendered":"\t\t<div data-elementor-type=\"wp-page\" data-elementor-id=\"29815\" class=\"elementor elementor-29815 elementor-5130\" data-elementor-post-type=\"page\">\n\t\t\t\t\t\t<section class=\"elementor-section elementor-top-section elementor-element elementor-element-55fb2a4 blacktxt elementor-section-boxed elementor-section-height-default elementor-section-height-default\" data-id=\"55fb2a4\" data-element_type=\"section\">\n\t\t\t\t\t\t<div class=\"elementor-container elementor-column-gap-default\">\n\t\t\t\t\t<div class=\"elementor-column elementor-col-100 elementor-top-column elementor-element elementor-element-7fb4f1f\" data-id=\"7fb4f1f\" data-element_type=\"column\">\n\t\t\t<div class=\"elementor-widget-wrap elementor-element-populated\">\n\t\t\t\t\t\t<div class=\"elementor-element elementor-element-7fa77b7 elementor-widget elementor-widget-text-editor\" data-id=\"7fa77b7\" data-element_type=\"widget\" data-widget_type=\"text-editor.default\">\n\t\t\t\t<div class=\"elementor-widget-container\">\n\t\t\t\t\t\t\t<p>Les alliages d&rsquo;aluminium se caract\u00e9risent par des propri\u00e9t\u00e9s avantageuses qui leur permettent d&rsquo;\u00eatre utilis\u00e9s dans un large \u00e9ventail d&rsquo;applications.<\/p>\n<p>De plus, l&rsquo;aluminium est recyclable \u00e0 100\u00a0%. Notre objectif est de contribuer \u00e0 r\u00e9duire l&rsquo;impact sur le climat en exploitant tout le potentiel de l&rsquo;aluminium comme solution \u00e0 faible \u00e9mission de carbone<\/p>\n\t\t\t\t\t\t<\/div>\n\t\t\t\t<\/div>\n\t\t\t\t<div class=\"elementor-element elementor-element-2c9ecbd elementor-widget elementor-widget-heading\" data-id=\"2c9ecbd\" data-element_type=\"widget\" data-widget_type=\"heading.default\">\n\t\t\t\t<div class=\"elementor-widget-container\">\n\t\t\t<h4 class=\"elementor-heading-title elementor-size-default\">alliages<\/h4>\t\t<\/div>\n\t\t\t\t<\/div>\n\t\t\t\t<section class=\"elementor-section elementor-inner-section elementor-element elementor-element-4e81f63 elementor-section-boxed elementor-section-height-default elementor-section-height-default\" data-id=\"4e81f63\" data-element_type=\"section\">\n\t\t\t\t\t\t<div class=\"elementor-container elementor-column-gap-default\">\n\t\t\t\t\t<div class=\"elementor-column elementor-col-100 elementor-inner-column elementor-element elementor-element-ffa5b53\" data-id=\"ffa5b53\" data-element_type=\"column\">\n\t\t\t<div class=\"elementor-widget-wrap elementor-element-populated\">\n\t\t\t\t\t\t<div class=\"elementor-element elementor-element-ebd9d0b elementor-widget elementor-widget-text-editor\" data-id=\"ebd9d0b\" data-element_type=\"widget\" data-widget_type=\"text-editor.default\">\n\t\t\t\t<div class=\"elementor-widget-container\">\n\t\t\t\t\t\t\t<ul>\r\n<li>EN AW &#8211; AI Cu4 Si Mg ENAW2014<\/li>\r\n<li>EN AW \u2013 AI Cu4 Mg Si ENAW2017<\/li>\r\n<li>EN AW \u2013 AI Cu4 Mg1 ENAW2024<\/li>\r\n<li>EN AW \u2013 AI Mg3 ENAW5754<\/li>\r\n<li>EN AW \u2013 AI Mg Si ENAW6060<\/li>\r\n<li>EN AW \u2013 AI Mg1 Si Cu ENAW6061<\/li>\r\n<li>EN AW \u2013 AI Si1 Mg Mn ENAW6082<\/li>\r\n<li>EN AW \u2013 AI Zn6 Mg0,8 Zr ENAW7003<\/li>\r\n<li>EN AW \u2013 AI Zn4,5 Mg1 ENAW7020<\/li>\r\n<li>EN AW &#8211; AI Zn5.5 Mg Cu ENAW7075<\/li>\t\t\t\t\t\t<\/div>\n\t\t\t\t<\/div>\n\t\t\t\t\t<\/div>\n\t\t<\/div>\n\t\t\t\t\t<\/div>\n\t\t<\/section>\n\t\t\t\t\t<\/div>\n\t\t<\/div>\n\t\t\t\t\t<\/div>\n\t\t<\/section>\n\t\t\t\t<section class=\"elementor-section elementor-top-section elementor-element elementor-element-3f1ee07 blacktxt icon-box2 elementor-section-boxed elementor-section-height-default elementor-section-height-default\" data-id=\"3f1ee07\" data-element_type=\"section\" data-settings=\"{&quot;background_background&quot;:&quot;classic&quot;}\">\n\t\t\t\t\t\t<div class=\"elementor-container elementor-column-gap-default\">\n\t\t\t\t\t<div class=\"elementor-column elementor-col-100 elementor-top-column elementor-element elementor-element-3a3b032\" data-id=\"3a3b032\" data-element_type=\"column\">\n\t\t\t<div class=\"elementor-widget-wrap elementor-element-populated\">\n\t\t\t\t\t\t<div class=\"elementor-element elementor-element-17fa502 txt4 elementor-widget elementor-widget-heading\" data-id=\"17fa502\" data-element_type=\"widget\" data-settings=\"{&quot;motion_fx_motion_fx_scrolling&quot;:&quot;yes&quot;,&quot;motion_fx_translateX_effect&quot;:&quot;yes&quot;,&quot;motion_fx_translateX_speed&quot;:{&quot;unit&quot;:&quot;px&quot;,&quot;size&quot;:2,&quot;sizes&quot;:[]},&quot;motion_fx_devices&quot;:[&quot;desktop&quot;],&quot;motion_fx_translateX_affectedRange&quot;:{&quot;unit&quot;:&quot;%&quot;,&quot;size&quot;:&quot;&quot;,&quot;sizes&quot;:{&quot;start&quot;:0,&quot;end&quot;:100}}}\" data-widget_type=\"heading.default\">\n\t\t\t\t<div class=\"elementor-widget-container\">\n\t\t\t<h2 class=\"elementor-heading-title elementor-size-default\">Caract\u00e9ristiques<\/h2>\t\t<\/div>\n\t\t\t\t<\/div>\n\t\t\t\t<div class=\"elementor-element elementor-element-71907cb elementor-widget elementor-widget-text-editor\" data-id=\"71907cb\" data-element_type=\"widget\" data-widget_type=\"text-editor.default\">\n\t\t\t\t<div class=\"elementor-widget-container\">\n\t\t\t\t\t\t\t<p>Les principales caract\u00e9ristiques des pi\u00e8ces forg\u00e9es en aluminium sont indiqu\u00e9es ci-dessous\u00a0:<\/p>\t\t\t\t\t\t<\/div>\n\t\t\t\t<\/div>\n\t\t\t\t<section class=\"elementor-section elementor-inner-section elementor-element elementor-element-a4a3b58 pad  elementor-section-boxed elementor-section-height-default elementor-section-height-default\" data-id=\"a4a3b58\" data-element_type=\"section\">\n\t\t\t\t\t\t<div class=\"elementor-container elementor-column-gap-default\">\n\t\t\t\t\t<div class=\"elementor-column elementor-col-50 elementor-inner-column elementor-element elementor-element-4441652\" data-id=\"4441652\" data-element_type=\"column\">\n\t\t\t<div class=\"elementor-widget-wrap elementor-element-populated\">\n\t\t\t\t\t\t<div class=\"elementor-element elementor-element-78efd13 elementor-position-left elementor-vertical-align-top elementor-widget elementor-widget-image-box\" data-id=\"78efd13\" data-element_type=\"widget\" data-widget_type=\"image-box.default\">\n\t\t\t\t<div class=\"elementor-widget-container\">\n\t\t\t<div class=\"elementor-image-box-wrapper\"><figure class=\"elementor-image-box-img\"><img decoding=\"async\" width=\"77\" height=\"58\" src=\"https:\/\/www.masperotech.it\/wp-content\/uploads\/2025\/09\/light-2.png\" class=\"attachment-full size-full wp-image-35039\" alt=\"\" \/><\/figure><div class=\"elementor-image-box-content\"><h6 class=\"elementor-image-box-title\">L\u00c9G\u00c8RET\u00c9<\/h6><p class=\"elementor-image-box-description\">L'aluminium ne p\u00e8se qu'un tiers de l'acier<\/p><\/div><\/div>\t\t<\/div>\n\t\t\t\t<\/div>\n\t\t\t\t<div class=\"elementor-element elementor-element-dc51f1c elementor-position-left elementor-vertical-align-top elementor-widget elementor-widget-image-box\" data-id=\"dc51f1c\" data-element_type=\"widget\" data-widget_type=\"image-box.default\">\n\t\t\t\t<div class=\"elementor-widget-container\">\n\t\t\t<div class=\"elementor-image-box-wrapper\"><figure class=\"elementor-image-box-img\"><img decoding=\"async\" width=\"65\" height=\"66\" src=\"https:\/\/www.masperotech.it\/wp-content\/uploads\/2025\/09\/Group-1-2.png\" class=\"attachment-full size-full wp-image-35043\" alt=\"\" \/><\/figure><div class=\"elementor-image-box-content\"><h6 class=\"elementor-image-box-title\">VERSATILIT\u00c9<\/h6><p class=\"elementor-image-box-description\">Compte tenu des diff\u00e9rents traitements thermiques qui peuvent leur \u00eatre appliqu\u00e9s et des diff\u00e9rentes possibilit\u00e9s d'alliage, les alliages peuvent \u00eatre adapt\u00e9s \u00e0 un large \u00e9ventail d'exigences.<\/p><\/div><\/div>\t\t<\/div>\n\t\t\t\t<\/div>\n\t\t\t\t<div class=\"elementor-element elementor-element-fbc800b elementor-position-left elementor-vertical-align-top elementor-widget elementor-widget-image-box\" data-id=\"fbc800b\" data-element_type=\"widget\" data-widget_type=\"image-box.default\">\n\t\t\t\t<div class=\"elementor-widget-container\">\n\t\t\t<div class=\"elementor-image-box-wrapper\"><figure class=\"elementor-image-box-img\"><img decoding=\"async\" width=\"66\" height=\"66\" src=\"https:\/\/www.masperotech.it\/wp-content\/uploads\/2025\/09\/workability-2.png\" class=\"attachment-full size-full wp-image-35047\" alt=\"\" \/><\/figure><div class=\"elementor-image-box-content\"><h6 class=\"elementor-image-box-title\">USINABILIT\u00c9<\/h6><p class=\"elementor-image-box-description\">La haute usinabilit\u00e9 permet d'usiner facilement le m\u00eame m\u00e9tal<\/p><\/div><\/div>\t\t<\/div>\n\t\t\t\t<\/div>\n\t\t\t\t<div class=\"elementor-element elementor-element-1678686 elementor-position-left elementor-vertical-align-top elementor-widget elementor-widget-image-box\" data-id=\"1678686\" data-element_type=\"widget\" data-widget_type=\"image-box.default\">\n\t\t\t\t<div class=\"elementor-widget-container\">\n\t\t\t<div class=\"elementor-image-box-wrapper\"><figure class=\"elementor-image-box-img\"><img decoding=\"async\" width=\"77\" height=\"58\" src=\"https:\/\/www.masperotech.it\/wp-content\/uploads\/2025\/09\/light-2.png\" class=\"attachment-full size-full wp-image-35039\" alt=\"\" \/><\/figure><div class=\"elementor-image-box-content\"><h6 class=\"elementor-image-box-title\">EXCELLENTE CONDUCTIVIT\u00c9 \u00c9LECTRIQUE<\/h6><p class=\"elementor-image-box-description\">\u00c0 co\u00fbt et poids \u00e9gaux, l'aluminium conduit beaucoup plus la chaleur que n'importe quel autre m\u00e9tal et sa conductivit\u00e9 \u00e9lectrique est environ deux fois sup\u00e9rieure \u00e0 celle du cuivre<\/p><\/div><\/div>\t\t<\/div>\n\t\t\t\t<\/div>\n\t\t\t\t\t<\/div>\n\t\t<\/div>\n\t\t\t\t<div class=\"elementor-column elementor-col-50 elementor-inner-column elementor-element elementor-element-18f5ebe\" data-id=\"18f5ebe\" data-element_type=\"column\">\n\t\t\t<div class=\"elementor-widget-wrap elementor-element-populated\">\n\t\t\t\t\t\t<div class=\"elementor-element elementor-element-607174d elementor-position-left elementor-vertical-align-top elementor-widget elementor-widget-image-box\" data-id=\"607174d\" data-element_type=\"widget\" data-widget_type=\"image-box.default\">\n\t\t\t\t<div class=\"elementor-widget-container\">\n\t\t\t<div class=\"elementor-image-box-wrapper\"><figure class=\"elementor-image-box-img\"><img loading=\"lazy\" decoding=\"async\" width=\"71\" height=\"65\" src=\"https:\/\/www.masperotech.it\/wp-content\/uploads\/2025\/09\/resistence-1-1.png\" class=\"attachment-full size-full wp-image-35051\" alt=\"\" \/><\/figure><div class=\"elementor-image-box-content\"><h6 class=\"elementor-image-box-title\">DURABILIT\u00c9<\/h6><p class=\"elementor-image-box-description\">R\u00e9sistance \u00e0 la corrosion atmosph\u00e9rique<\/p><\/div><\/div>\t\t<\/div>\n\t\t\t\t<\/div>\n\t\t\t\t<div class=\"elementor-element elementor-element-db05534 elementor-position-left elementor-vertical-align-top elementor-widget elementor-widget-image-box\" data-id=\"db05534\" data-element_type=\"widget\" data-widget_type=\"image-box.default\">\n\t\t\t\t<div class=\"elementor-widget-container\">\n\t\t\t<div class=\"elementor-image-box-wrapper\"><figure class=\"elementor-image-box-img\"><img loading=\"lazy\" decoding=\"async\" width=\"69\" height=\"66\" src=\"https:\/\/www.masperotech.it\/wp-content\/uploads\/2025\/09\/mechan-2.png\" class=\"attachment-full size-full wp-image-35055\" alt=\"\" \/><\/figure><div class=\"elementor-image-box-content\"><h6 class=\"elementor-image-box-title\">PROPRI\u00c9T\u00c9S M\u00c9CANIQUES MOYENNES \u00c0 \u00c9LEV\u00c9ES<\/h6><p class=\"elementor-image-box-description\">Les alliages d'aluminium peuvent atteindre des r\u00e9sistances m\u00e9caniques de plus de 560\u00a0MPa\u00a0; la limite d'\u00e9lasticit\u00e9 des alliages les plus r\u00e9sistants est d'environ 85\u00a0% de la r\u00e9sistance \u00e0 la rupture.<\/p><\/div><\/div>\t\t<\/div>\n\t\t\t\t<\/div>\n\t\t\t\t<div class=\"elementor-element elementor-element-5bf595c elementor-position-left elementor-vertical-align-top elementor-widget elementor-widget-image-box\" data-id=\"5bf595c\" data-element_type=\"widget\" data-widget_type=\"image-box.default\">\n\t\t\t\t<div class=\"elementor-widget-container\">\n\t\t\t<div class=\"elementor-image-box-wrapper\"><figure class=\"elementor-image-box-img\"><img loading=\"lazy\" decoding=\"async\" width=\"63\" height=\"53\" src=\"https:\/\/www.masperotech.it\/wp-content\/uploads\/2025\/09\/weight-2.png\" class=\"attachment-full size-full wp-image-35059\" alt=\"\" \/><\/figure><div class=\"elementor-image-box-content\"><h6 class=\"elementor-image-box-title\">POIDS SP\u00c9CIFIQUES<\/h6><p class=\"elementor-image-box-description\">Le poids sp\u00e9cifique est d\u2019environ 2,7\u00a0kg\/dm3<\/p><\/div><\/div>\t\t<\/div>\n\t\t\t\t<\/div>\n\t\t\t\t<div class=\"elementor-element elementor-element-41e6918 elementor-position-left elementor-vertical-align-top elementor-widget elementor-widget-image-box\" data-id=\"41e6918\" data-element_type=\"widget\" data-widget_type=\"image-box.default\">\n\t\t\t\t<div class=\"elementor-widget-container\">\n\t\t\t<div class=\"elementor-image-box-wrapper\"><figure class=\"elementor-image-box-img\"><img loading=\"lazy\" decoding=\"async\" width=\"86\" height=\"62\" src=\"https:\/\/www.masperotech.it\/wp-content\/uploads\/2025\/09\/braze-2.png\" class=\"attachment-full size-full wp-image-35063\" alt=\"\" \/><\/figure><div class=\"elementor-image-box-content\"><h6 class=\"elementor-image-box-title\">FACILIT\u00c9 D\u2019ASSEMBLAGE<\/h6><p class=\"elementor-image-box-description\">Les diff\u00e9rents alliages d'aluminium peuvent \u00eatre assembl\u00e9s avec des clavettes, des vis, etc. et des assemblages structurels peuvent \u00e9galement \u00eatre r\u00e9alis\u00e9s.\nIl existe aussi des alliages soudables et brasables<\/p><\/div><\/div>\t\t<\/div>\n\t\t\t\t<\/div>\n\t\t\t\t\t<\/div>\n\t\t<\/div>\n\t\t\t\t\t<\/div>\n\t\t<\/section>\n\t\t\t\t\t<\/div>\n\t\t<\/div>\n\t\t\t\t\t<\/div>\n\t\t<\/section>\n\t\t\t\t<section class=\"elementor-section elementor-top-section elementor-element elementor-element-3fde43a elementor-section-boxed elementor-section-height-default elementor-section-height-default\" data-id=\"3fde43a\" data-element_type=\"section\">\n\t\t\t\t\t\t<div class=\"elementor-container elementor-column-gap-default\">\n\t\t\t\t\t<div class=\"elementor-column elementor-col-100 elementor-top-column elementor-element elementor-element-3c60a95\" data-id=\"3c60a95\" data-element_type=\"column\">\n\t\t\t<div class=\"elementor-widget-wrap elementor-element-populated\">\n\t\t\t\t\t\t<div class=\"elementor-element elementor-element-9aebb33 blacktxt txt4 elementor-widget elementor-widget-heading\" data-id=\"9aebb33\" data-element_type=\"widget\" data-widget_type=\"heading.default\">\n\t\t\t\t<div class=\"elementor-widget-container\">\n\t\t\t<h4 class=\"elementor-heading-title elementor-size-default\">Secteurs d'application<\/h4>\t\t<\/div>\n\t\t\t\t<\/div>\n\t\t\t\t<div class=\"elementor-element elementor-element-fcffb2b elementor-widget elementor-widget-text-editor\" data-id=\"fcffb2b\" data-element_type=\"widget\" data-widget_type=\"text-editor.default\">\n\t\t\t\t<div class=\"elementor-widget-container\">\n\t\t\t\t\t\t\t<ul><li>MOBILIT\u00c9<\/li><li>S\u00c9CURIT\u00c9<\/li><li>NAUTISME<\/li><li>VANNES \u00c0 HYDROG\u00c8NE<\/li><li>VOITURES \u00c9LECTRIQUES<\/li><li>VANNES<\/li><li>M\u00c9DECINE<\/li><li>P\u00c9TROLE ET GAZ<\/li><li>CHIMIE<\/li><li>SPORT<\/li><li>BASSE ET MOYENNE TENSION<\/li><li>HAUTE TENSION<\/li><\/ul>\t\t\t\t\t\t<\/div>\n\t\t\t\t<\/div>\n\t\t\t\t\t<\/div>\n\t\t<\/div>\n\t\t\t\t\t<\/div>\n\t\t<\/section>\n\t\t\t\t<\/div>\n\t\t","protected":false},"excerpt":{"rendered":"<p>Les alliages d&rsquo;aluminium se caract\u00e9risent par des propri\u00e9t\u00e9s avantageuses qui leur permettent d&rsquo;\u00eatre utilis\u00e9s dans un large \u00e9ventail d&rsquo;applications. De plus, l&rsquo;aluminium est recyclable \u00e0 100\u00a0%. Notre objectif est de contribuer \u00e0 r\u00e9duire l&rsquo;impact sur le climat en exploitant tout le potentiel de l&rsquo;aluminium comme solution \u00e0 faible \u00e9mission de carbone alliages EN AW &#8211; [&hellip;]<\/p>\n","protected":false},"author":2,"featured_media":29816,"parent":0,"menu_order":0,"comment_status":"closed","ping_status":"closed","template":"","meta":{"_acf_changed":false,"footnotes":""},"class_list":["post-29815","page","type-page","status-publish","has-post-thumbnail","hentry"],"acf":[],"_links":{"self":[{"href":"https:\/\/www.masperotech.it\/fr\/wp-json\/wp\/v2\/pages\/29815","targetHints":{"allow":["GET"]}}],"collection":[{"href":"https:\/\/www.masperotech.it\/fr\/wp-json\/wp\/v2\/pages"}],"about":[{"href":"https:\/\/www.masperotech.it\/fr\/wp-json\/wp\/v2\/types\/page"}],"author":[{"embeddable":true,"href":"https:\/\/www.masperotech.it\/fr\/wp-json\/wp\/v2\/users\/2"}],"replies":[{"embeddable":true,"href":"https:\/\/www.masperotech.it\/fr\/wp-json\/wp\/v2\/comments?post=29815"}],"version-history":[{"count":3,"href":"https:\/\/www.masperotech.it\/fr\/wp-json\/wp\/v2\/pages\/29815\/revisions"}],"predecessor-version":[{"id":36250,"href":"https:\/\/www.masperotech.it\/fr\/wp-json\/wp\/v2\/pages\/29815\/revisions\/36250"}],"wp:featuredmedia":[{"embeddable":true,"href":"https:\/\/www.masperotech.it\/fr\/wp-json\/wp\/v2\/media\/29816"}],"wp:attachment":[{"href":"https:\/\/www.masperotech.it\/fr\/wp-json\/wp\/v2\/media?parent=29815"}],"curies":[{"name":"wp","href":"https:\/\/api.w.org\/{rel}","templated":true}]}}