{"id":29728,"date":"2023-07-19T08:30:02","date_gmt":"2023-07-19T06:30:02","guid":{"rendered":"https:\/\/www.masperotech.it\/usinage-mecanique\/"},"modified":"2025-09-03T12:11:44","modified_gmt":"2025-09-03T10:11:44","slug":"usinage-mecanique","status":"publish","type":"page","link":"https:\/\/www.masperotech.it\/fr\/usinage-mecanique\/","title":{"rendered":"Usinage m\u00e9canique"},"content":{"rendered":"\t\t<div data-elementor-type=\"wp-page\" data-elementor-id=\"29728\" class=\"elementor elementor-29728 elementor-24965\" data-elementor-post-type=\"page\">\n\t\t\t\t\t\t<section class=\"elementor-section elementor-top-section elementor-element elementor-element-9ae1ea0 elementor-section-boxed elementor-section-height-default elementor-section-height-default\" data-id=\"9ae1ea0\" data-element_type=\"section\">\n\t\t\t\t\t\t<div class=\"elementor-container elementor-column-gap-default\">\n\t\t\t\t\t<div class=\"elementor-column elementor-col-100 elementor-top-column elementor-element elementor-element-4f06af6\" data-id=\"4f06af6\" data-element_type=\"column\">\n\t\t\t<div class=\"elementor-widget-wrap elementor-element-populated\">\n\t\t\t\t\t\t<div class=\"elementor-element elementor-element-fa29fa7 elementor-widget elementor-widget-heading\" data-id=\"fa29fa7\" data-element_type=\"widget\" data-widget_type=\"heading.default\">\n\t\t\t\t<div class=\"elementor-widget-container\">\n\t\t\t<h3 class=\"elementor-heading-title elementor-size-default\"> <\/h3>\t\t<\/div>\n\t\t\t\t<\/div>\n\t\t\t\t<div class=\"elementor-element elementor-element-a925905 elementor-widget elementor-widget-text-editor\" data-id=\"a925905\" data-element_type=\"widget\" data-widget_type=\"text-editor.default\">\n\t\t\t\t<div class=\"elementor-widget-container\">\n\t\t\t\t\t\t\tGr\u00e2ce \u00e0 l&rsquo;expertise et \u00e0 la longue exp\u00e9rience du Groupe CMO, Masperotech a r\u00e9cemment mis en place son propre service d&rsquo;usinage pour le fraisage de pi\u00e8ces de moyennes et grandes dimensions, tant sur des pi\u00e8ces forg\u00e9es que sur des barres et des t\u00f4les, notamment pour les pi\u00e8ces forg\u00e9es de grandes dimensions.\r\n\r\n\u00c0 ce jour, MasperoTech dispose d&rsquo;un vaste parc de machines destin\u00e9 \u00e0 l&rsquo;usinage de pi\u00e8ces forg\u00e9es mais aussi de billettes de dimensions allant jusqu&rsquo;\u00e0 4 m\u00e8tres et plusieurs centaines de kilogrammes pour des applications dans les secteurs du Rail, de l&rsquo;A\u00e9rospatiale, des Courses et de la D\u00e9fense :\t\t\t\t\t\t<\/div>\n\t\t\t\t<\/div>\n\t\t\t\t\t<\/div>\n\t\t<\/div>\n\t\t\t\t\t<\/div>\n\t\t<\/section>\n\t\t\t\t<section data-dce-background-color=\"#051C2C\" class=\"elementor-section elementor-top-section elementor-element elementor-element-645c038 elementor-section-full_width elementor-section-height-default elementor-section-height-default\" data-id=\"645c038\" data-element_type=\"section\" data-settings=\"{&quot;background_background&quot;:&quot;classic&quot;}\">\n\t\t\t\t\t\t<div class=\"elementor-container elementor-column-gap-default\">\n\t\t\t\t\t<div class=\"elementor-column elementor-col-50 elementor-top-column elementor-element elementor-element-867dda1\" data-id=\"867dda1\" data-element_type=\"column\">\n\t\t\t<div class=\"elementor-widget-wrap elementor-element-populated\">\n\t\t\t\t\t\t<section class=\"elementor-section elementor-inner-section elementor-element elementor-element-2310dd8 elementor-section-boxed elementor-section-height-default elementor-section-height-default\" data-id=\"2310dd8\" data-element_type=\"section\">\n\t\t\t\t\t\t<div class=\"elementor-container elementor-column-gap-default\">\n\t\t\t\t\t<div class=\"elementor-column elementor-col-100 elementor-inner-column elementor-element elementor-element-e9f6929\" data-id=\"e9f6929\" data-element_type=\"column\">\n\t\t\t<div class=\"elementor-widget-wrap elementor-element-populated\">\n\t\t\t\t\t\t<div class=\"elementor-element elementor-element-dd85cde animated-slow txt3 elementor-invisible elementor-widget elementor-widget-heading\" data-id=\"dd85cde\" data-element_type=\"widget\" data-settings=\"{&quot;motion_fx_motion_fx_scrolling&quot;:&quot;yes&quot;,&quot;motion_fx_translateX_effect&quot;:&quot;yes&quot;,&quot;motion_fx_translateX_direction&quot;:&quot;negative&quot;,&quot;motion_fx_translateX_speed&quot;:{&quot;unit&quot;:&quot;px&quot;,&quot;size&quot;:1,&quot;sizes&quot;:[]},&quot;_animation&quot;:&quot;fadeIn&quot;,&quot;motion_fx_devices&quot;:[&quot;desktop&quot;],&quot;motion_fx_translateX_affectedRange&quot;:{&quot;unit&quot;:&quot;%&quot;,&quot;size&quot;:&quot;&quot;,&quot;sizes&quot;:{&quot;start&quot;:0,&quot;end&quot;:100}}}\" data-widget_type=\"heading.default\">\n\t\t\t\t<div class=\"elementor-widget-container\">\n\t\t\t<h2 class=\"elementor-heading-title elementor-size-default\">Parc de machines<\/h2>\t\t<\/div>\n\t\t\t\t<\/div>\n\t\t\t\t<div class=\"elementor-element elementor-element-811da15 elementor-widget elementor-widget-text-editor\" data-id=\"811da15\" data-element_type=\"widget\" data-widget_type=\"text-editor.default\">\n\t\t\t\t<div class=\"elementor-widget-container\">\n\t\t\t\t\t\t\tLe parc de machines comprend :\r\n<ul>\r\n \t<li>Machines CNC horizontales avec palettes de 1250\u00d71250 et une zone de travail de 2100x1650x1400<\/li>\r\n \t<li>Machines CNC \u00e0 portique avec table 5000x3000x1500 et t\u00eate basculante \u00e0 5 axes<\/li>\r\n \t<li>Machines CNC verticales avec une table de 2500x950x850.<\/li>\r\n<\/ul>\t\t\t\t\t\t<\/div>\n\t\t\t\t<\/div>\n\t\t\t\t\t<\/div>\n\t\t<\/div>\n\t\t\t\t\t<\/div>\n\t\t<\/section>\n\t\t\t\t\t<\/div>\n\t\t<\/div>\n\t\t\t\t<div class=\"elementor-column elementor-col-50 elementor-top-column elementor-element elementor-element-f3110ca\" data-id=\"f3110ca\" data-element_type=\"column\">\n\t\t\t<div class=\"elementor-widget-wrap elementor-element-populated\">\n\t\t\t\t\t\t<section class=\"elementor-section elementor-inner-section elementor-element elementor-element-65db176 elementor-section-height-min-height elementor-section-boxed elementor-section-height-default\" data-id=\"65db176\" data-element_type=\"section\">\n\t\t\t\t\t\t<div class=\"elementor-container elementor-column-gap-default\">\n\t\t\t\t\t<div data-dce-background-image-url=\"https:\/\/www.masperotech.it\/wp-content\/uploads\/2025\/04\/machining-1.jpeg\" class=\"elementor-column elementor-col-100 elementor-inner-column elementor-element elementor-element-9feef94\" data-id=\"9feef94\" data-element_type=\"column\" data-settings=\"{&quot;background_background&quot;:&quot;classic&quot;}\">\n\t\t\t<div class=\"elementor-widget-wrap elementor-element-populated\">\n\t\t\t\t\t<div class=\"elementor-background-overlay\"><\/div>\n\t\t\t\t\t\t<div class=\"elementor-element elementor-element-3aa6c63 elementor-widget elementor-widget-heading\" data-id=\"3aa6c63\" data-element_type=\"widget\" data-widget_type=\"heading.default\">\n\t\t\t\t<div class=\"elementor-widget-container\">\n\t\t\t<h5 class=\"elementor-heading-title elementor-size-default\">Service d'usinage m\u00e9canique \u00e0 MasperoTech Monza<\/h5>\t\t<\/div>\n\t\t\t\t<\/div>\n\t\t\t\t\t<\/div>\n\t\t<\/div>\n\t\t\t\t\t<\/div>\n\t\t<\/section>\n\t\t\t\t\t<\/div>\n\t\t<\/div>\n\t\t\t\t\t<\/div>\n\t\t<\/section>\n\t\t\t\t<section class=\"elementor-section elementor-top-section elementor-element elementor-element-60a03d6 elementor-section-full_width elementor-reverse-tablet grad1 elementor-section-height-default elementor-section-height-default\" data-id=\"60a03d6\" data-element_type=\"section\" data-settings=\"{&quot;background_background&quot;:&quot;classic&quot;}\">\n\t\t\t\t\t\t<div class=\"elementor-container elementor-column-gap-default\">\n\t\t\t\t\t<div class=\"elementor-column elementor-col-50 elementor-top-column elementor-element elementor-element-f6addaf\" data-id=\"f6addaf\" data-element_type=\"column\">\n\t\t\t<div class=\"elementor-widget-wrap elementor-element-populated\">\n\t\t\t\t\t\t<section class=\"elementor-section elementor-inner-section elementor-element elementor-element-6de3dc1 elementor-section-height-min-height elementor-section-boxed elementor-section-height-default\" data-id=\"6de3dc1\" data-element_type=\"section\">\n\t\t\t\t\t\t<div class=\"elementor-container elementor-column-gap-default\">\n\t\t\t\t\t<div data-dce-background-image-url=\"https:\/\/www.masperotech.it\/wp-content\/uploads\/2023\/07\/lavorazioni-meccaniche-masperotech-4-1.jpg\" class=\"elementor-column elementor-col-100 elementor-inner-column elementor-element elementor-element-99d8fa8\" data-id=\"99d8fa8\" data-element_type=\"column\" data-settings=\"{&quot;background_background&quot;:&quot;classic&quot;}\">\n\t\t\t<div class=\"elementor-widget-wrap elementor-element-populated\">\n\t\t\t\t\t<div class=\"elementor-background-overlay\"><\/div>\n\t\t\t\t\t\t<div class=\"elementor-element elementor-element-033a129 elementor-widget elementor-widget-heading\" data-id=\"033a129\" data-element_type=\"widget\" data-widget_type=\"heading.default\">\n\t\t\t\t<div class=\"elementor-widget-container\">\n\t\t\t<h5 class=\"elementor-heading-title elementor-size-default\">Service d'usinage m\u00e9canique \u00e0 MasperoTech Monza<\/h5>\t\t<\/div>\n\t\t\t\t<\/div>\n\t\t\t\t\t<\/div>\n\t\t<\/div>\n\t\t\t\t\t<\/div>\n\t\t<\/section>\n\t\t\t\t\t<\/div>\n\t\t<\/div>\n\t\t\t\t<div class=\"elementor-column elementor-col-50 elementor-top-column elementor-element elementor-element-0b5f477 blacktxt\" data-id=\"0b5f477\" data-element_type=\"column\">\n\t\t\t<div class=\"elementor-widget-wrap elementor-element-populated\">\n\t\t\t\t\t\t<section class=\"elementor-section elementor-inner-section elementor-element elementor-element-d160bf7 elementor-section-boxed elementor-section-height-default elementor-section-height-default\" data-id=\"d160bf7\" data-element_type=\"section\">\n\t\t\t\t\t\t<div class=\"elementor-container elementor-column-gap-default\">\n\t\t\t\t\t<div class=\"elementor-column elementor-col-100 elementor-inner-column elementor-element elementor-element-6c507d6\" data-id=\"6c507d6\" data-element_type=\"column\">\n\t\t\t<div class=\"elementor-widget-wrap elementor-element-populated\">\n\t\t\t\t\t\t<div class=\"elementor-element elementor-element-1c2ced4 animated-slow txt3 elementor-invisible elementor-widget elementor-widget-heading\" data-id=\"1c2ced4\" data-element_type=\"widget\" data-settings=\"{&quot;motion_fx_motion_fx_scrolling&quot;:&quot;yes&quot;,&quot;motion_fx_translateX_effect&quot;:&quot;yes&quot;,&quot;motion_fx_translateX_direction&quot;:&quot;negative&quot;,&quot;motion_fx_translateX_speed&quot;:{&quot;unit&quot;:&quot;px&quot;,&quot;size&quot;:1,&quot;sizes&quot;:[]},&quot;_animation&quot;:&quot;fadeIn&quot;,&quot;motion_fx_devices&quot;:[&quot;desktop&quot;],&quot;motion_fx_translateX_affectedRange&quot;:{&quot;unit&quot;:&quot;%&quot;,&quot;size&quot;:&quot;&quot;,&quot;sizes&quot;:{&quot;start&quot;:0,&quot;end&quot;:100}}}\" data-widget_type=\"heading.default\">\n\t\t\t\t<div class=\"elementor-widget-container\">\n\t\t\t<h2 class=\"elementor-heading-title elementor-size-default\">Production<\/h2>\t\t<\/div>\n\t\t\t\t<\/div>\n\t\t\t\t<div class=\"elementor-element elementor-element-974969c elementor-widget elementor-widget-text-editor\" data-id=\"974969c\" data-element_type=\"widget\" data-widget_type=\"text-editor.default\">\n\t\t\t\t<div class=\"elementor-widget-container\">\n\t\t\t\t\t\t\t<p>Gr\u00e2ce \u00e0 nos centres d&rsquo;usinage \u00e0 5 axes et 4\u00d73 m avec une capacit\u00e9 de charge allant jusqu&rsquo;\u00e0 25 tonnes et \u00e0 nos centres d&rsquo;usinage \u00e0 axe horizontal avec une charge maximale sur palette allant jusqu&rsquo;\u00e0 4000 kg, nous sommes en mesure d&rsquo;usiner des pi\u00e8ces de quelques centaines de grammes jusqu&rsquo;\u00e0 des pi\u00e8ces de 4 m\u00e8tres de long.<br \/>Les \u00e9quipements destin\u00e9s \u00e0 usiner les diff\u00e9rentes pi\u00e8ces sont \u00e9galement con\u00e7us et r\u00e9alis\u00e9s en interne.<\/p>\t\t\t\t\t\t<\/div>\n\t\t\t\t<\/div>\n\t\t\t\t\t<\/div>\n\t\t<\/div>\n\t\t\t\t\t<\/div>\n\t\t<\/section>\n\t\t\t\t\t<\/div>\n\t\t<\/div>\n\t\t\t\t\t<\/div>\n\t\t<\/section>\n\t\t\t\t<\/div>\n\t\t","protected":false},"excerpt":{"rendered":"<p>Gr\u00e2ce \u00e0 l&rsquo;expertise et \u00e0 la longue exp\u00e9rience du Groupe CMO, Masperotech a r\u00e9cemment mis en place son propre service d&rsquo;usinage pour le fraisage de pi\u00e8ces de moyennes et grandes dimensions, tant sur des pi\u00e8ces forg\u00e9es que sur des barres et des t\u00f4les, notamment pour les pi\u00e8ces forg\u00e9es de grandes dimensions. \u00c0 ce jour, MasperoTech [&hellip;]<\/p>\n","protected":false},"author":2,"featured_media":29732,"parent":0,"menu_order":0,"comment_status":"closed","ping_status":"closed","template":"","meta":{"_acf_changed":false,"footnotes":""},"class_list":["post-29728","page","type-page","status-publish","has-post-thumbnail","hentry"],"acf":[],"_links":{"self":[{"href":"https:\/\/www.masperotech.it\/fr\/wp-json\/wp\/v2\/pages\/29728","targetHints":{"allow":["GET"]}}],"collection":[{"href":"https:\/\/www.masperotech.it\/fr\/wp-json\/wp\/v2\/pages"}],"about":[{"href":"https:\/\/www.masperotech.it\/fr\/wp-json\/wp\/v2\/types\/page"}],"author":[{"embeddable":true,"href":"https:\/\/www.masperotech.it\/fr\/wp-json\/wp\/v2\/users\/2"}],"replies":[{"embeddable":true,"href":"https:\/\/www.masperotech.it\/fr\/wp-json\/wp\/v2\/comments?post=29728"}],"version-history":[{"count":3,"href":"https:\/\/www.masperotech.it\/fr\/wp-json\/wp\/v2\/pages\/29728\/revisions"}],"predecessor-version":[{"id":35816,"href":"https:\/\/www.masperotech.it\/fr\/wp-json\/wp\/v2\/pages\/29728\/revisions\/35816"}],"wp:featuredmedia":[{"embeddable":true,"href":"https:\/\/www.masperotech.it\/fr\/wp-json\/wp\/v2\/media\/29732"}],"wp:attachment":[{"href":"https:\/\/www.masperotech.it\/fr\/wp-json\/wp\/v2\/media?parent=29728"}],"curies":[{"name":"wp","href":"https:\/\/api.w.org\/{rel}","templated":true}]}}