{"id":29632,"date":"2023-03-01T09:58:23","date_gmt":"2023-03-01T07:58:23","guid":{"rendered":"https:\/\/www.masperotech.it\/recherche-et-developpement\/"},"modified":"2025-09-03T10:22:36","modified_gmt":"2025-09-03T08:22:36","slug":"recherche-et-developpement","status":"publish","type":"page","link":"https:\/\/www.masperotech.it\/fr\/recherche-et-developpement\/","title":{"rendered":"Recherche et d\u00e9veloppement"},"content":{"rendered":"\t\t<div data-elementor-type=\"wp-page\" data-elementor-id=\"29632\" class=\"elementor elementor-29632 elementor-4090\" data-elementor-post-type=\"page\">\n\t\t\t\t\t\t<section class=\"elementor-section elementor-top-section elementor-element elementor-element-53539f5 blacktxt elementor-section-boxed elementor-section-height-default elementor-section-height-default\" data-id=\"53539f5\" data-element_type=\"section\">\n\t\t\t\t\t\t<div class=\"elementor-container elementor-column-gap-default\">\n\t\t\t\t\t<div class=\"elementor-column elementor-col-100 elementor-top-column elementor-element elementor-element-3247650\" data-id=\"3247650\" data-element_type=\"column\">\n\t\t\t<div class=\"elementor-widget-wrap elementor-element-populated\">\n\t\t\t\t\t\t<div class=\"elementor-element elementor-element-8a39d1d txt2 elementor-widget elementor-widget-heading\" data-id=\"8a39d1d\" data-element_type=\"widget\" data-widget_type=\"heading.default\">\n\t\t\t\t<div class=\"elementor-widget-container\">\n\t\t\t<h3 class=\"elementor-heading-title elementor-size-default\">De la conception <\/h3>\t\t<\/div>\n\t\t\t\t<\/div>\n\t\t\t\t<div class=\"elementor-element elementor-element-3c73e90 txt2 btxt elementor-widget elementor-widget-heading\" data-id=\"3c73e90\" data-element_type=\"widget\" data-settings=\"{&quot;motion_fx_motion_fx_scrolling&quot;:&quot;yes&quot;,&quot;motion_fx_translateX_effect&quot;:&quot;yes&quot;,&quot;motion_fx_translateX_speed&quot;:{&quot;unit&quot;:&quot;px&quot;,&quot;size&quot;:2,&quot;sizes&quot;:[]},&quot;motion_fx_devices&quot;:[&quot;desktop&quot;],&quot;motion_fx_translateX_affectedRange&quot;:{&quot;unit&quot;:&quot;%&quot;,&quot;size&quot;:&quot;&quot;,&quot;sizes&quot;:{&quot;start&quot;:0,&quot;end&quot;:100}}}\" data-widget_type=\"heading.default\">\n\t\t\t\t<div class=\"elementor-widget-container\">\n\t\t\t<h2 class=\"elementor-heading-title elementor-size-default\">\u00e0 l'assemblage<\/h2>\t\t<\/div>\n\t\t\t\t<\/div>\n\t\t\t\t<div class=\"elementor-element elementor-element-32de790 elementor-widget elementor-widget-text-editor\" data-id=\"32de790\" data-element_type=\"widget\" data-widget_type=\"text-editor.default\">\n\t\t\t\t<div class=\"elementor-widget-container\">\n\t\t\t\t\t\t\t<p>Nous sommes conscients que la capacit\u00e9 \u00e0 fournir une gamme de services compl\u00e8te est une condition essentielle pour r\u00e9ussir dans le monde d&rsquo;aujourd&rsquo;hui.<\/p>\n<p>C&rsquo;est pourquoi nous sommes fiers de pouvoir agir en tant qu&rsquo;<strong>entrepreneur principal<\/strong> et de superviser tous les processus ult\u00e9rieurs, de la finition des surfaces (peinture, anodisation, argenture, \u00e9tamage) \u00e0 l&rsquo;assemblage, afin de fournir au client le produit fini.<\/p>\n\t\t\t\t\t\t<\/div>\n\t\t\t\t<\/div>\n\t\t\t\t\t<\/div>\n\t\t<\/div>\n\t\t\t\t\t<\/div>\n\t\t<\/section>\n\t\t\t\t<section class=\"elementor-section elementor-top-section elementor-element elementor-element-bf95949 elementor-reverse-tablet elementor-reverse-mobile elementor-section-full_width grad3 elementor-section-height-default elementor-section-height-default\" data-id=\"bf95949\" data-element_type=\"section\" data-settings=\"{&quot;background_background&quot;:&quot;classic&quot;}\">\n\t\t\t\t\t\t<div class=\"elementor-container elementor-column-gap-default\">\n\t\t\t\t\t<div class=\"elementor-column elementor-col-50 elementor-top-column elementor-element elementor-element-7a568e0\" data-id=\"7a568e0\" data-element_type=\"column\">\n\t\t\t<div class=\"elementor-widget-wrap elementor-element-populated\">\n\t\t\t\t\t\t<section class=\"elementor-section elementor-inner-section elementor-element elementor-element-0cfc439 elementor-reverse-tablet elementor-reverse-mobile elementor-section-height-min-height elementor-section-boxed elementor-section-height-default\" data-id=\"0cfc439\" data-element_type=\"section\">\n\t\t\t\t\t\t<div class=\"elementor-container elementor-column-gap-default\">\n\t\t\t\t\t<div data-dce-background-image-url=\"https:\/\/www.masperotech.it\/wp-content\/uploads\/2023\/11\/engineering-department-2-1536x1152-1.jpg\" class=\"elementor-column elementor-col-100 elementor-inner-column elementor-element elementor-element-5544c64\" data-id=\"5544c64\" data-element_type=\"column\" data-settings=\"{&quot;background_background&quot;:&quot;classic&quot;}\">\n\t\t\t<div class=\"elementor-widget-wrap elementor-element-populated\">\n\t\t\t\t\t\t<div class=\"elementor-element elementor-element-98ba7d8 elementor-widget elementor-widget-heading\" data-id=\"98ba7d8\" data-element_type=\"widget\" data-widget_type=\"heading.default\">\n\t\t\t\t<div class=\"elementor-widget-container\">\n\t\t\t<h5 class=\"elementor-heading-title elementor-size-default\">Bureau d\u2019\u00e9tude de Masperotech<\/h5>\t\t<\/div>\n\t\t\t\t<\/div>\n\t\t\t\t\t<\/div>\n\t\t<\/div>\n\t\t\t\t\t<\/div>\n\t\t<\/section>\n\t\t\t\t\t<\/div>\n\t\t<\/div>\n\t\t\t\t<div class=\"elementor-column elementor-col-50 elementor-top-column elementor-element elementor-element-8005dd5 blacktxt\" data-id=\"8005dd5\" data-element_type=\"column\">\n\t\t\t<div class=\"elementor-widget-wrap elementor-element-populated\">\n\t\t\t\t\t\t<div class=\"elementor-element elementor-element-1870af6 txt3 elementor-widget elementor-widget-heading\" data-id=\"1870af6\" data-element_type=\"widget\" data-widget_type=\"heading.default\">\n\t\t\t\t<div class=\"elementor-widget-container\">\n\t\t\t<h3 class=\"elementor-heading-title elementor-size-default\">D\u00e9veloppement et analyse <\/h3>\t\t<\/div>\n\t\t\t\t<\/div>\n\t\t\t\t<div class=\"elementor-element elementor-element-8f4db62 animated-slow txt3 elementor-invisible elementor-widget elementor-widget-heading\" data-id=\"8f4db62\" data-element_type=\"widget\" data-settings=\"{&quot;motion_fx_motion_fx_scrolling&quot;:&quot;yes&quot;,&quot;motion_fx_translateX_effect&quot;:&quot;yes&quot;,&quot;motion_fx_translateX_speed&quot;:{&quot;unit&quot;:&quot;px&quot;,&quot;size&quot;:1,&quot;sizes&quot;:[]},&quot;_animation&quot;:&quot;fadeIn&quot;,&quot;motion_fx_devices&quot;:[&quot;desktop&quot;],&quot;motion_fx_translateX_affectedRange&quot;:{&quot;unit&quot;:&quot;%&quot;,&quot;size&quot;:&quot;&quot;,&quot;sizes&quot;:{&quot;start&quot;:0,&quot;end&quot;:100}}}\" data-widget_type=\"heading.default\">\n\t\t\t\t<div class=\"elementor-widget-container\">\n\t\t\t<h2 class=\"elementor-heading-title elementor-size-default\">aux c\u00f4t\u00e9s de nos clients<\/h2>\t\t<\/div>\n\t\t\t\t<\/div>\n\t\t\t\t<div class=\"elementor-element elementor-element-5ea0819 elementor-widget elementor-widget-text-editor\" data-id=\"5ea0819\" data-element_type=\"widget\" data-widget_type=\"text-editor.default\">\n\t\t\t\t<div class=\"elementor-widget-container\">\n\t\t\t\t\t\t\t<p>MasperoTech offre \u00e0 ses clients son savoir-faire, renforc\u00e9 par la pr\u00e9sence d&rsquo;un laboratoire m\u00e9tallographique interne, pour la s\u00e9lection de l&rsquo;alliage optimal pour leurs besoins, l&rsquo;ing\u00e9nierie des produits, la co-conception pour l&rsquo;optimisation des co\u00fbts et l&rsquo;analyse de tous les points critiques. Depuis vingt ans, MasperoTech utilise les technologies de simulation les plus avanc\u00e9es pour l&rsquo;\u00e9tude des \u00e9quipements et la r\u00e9alisation du produit.<\/p>\n\t\t\t\t\t\t<\/div>\n\t\t\t\t<\/div>\n\t\t\t\t\t<\/div>\n\t\t<\/div>\n\t\t\t\t\t<\/div>\n\t\t<\/section>\n\t\t\t\t<section class=\"elementor-section elementor-top-section elementor-element elementor-element-df9ff79 elementor-section-full_width grad3 elementor-section-height-default elementor-section-height-default\" data-id=\"df9ff79\" data-element_type=\"section\">\n\t\t\t\t\t\t<div class=\"elementor-container elementor-column-gap-default\">\n\t\t\t\t\t<div class=\"elementor-column elementor-col-50 elementor-top-column elementor-element elementor-element-b246a44 blacktxt\" data-id=\"b246a44\" data-element_type=\"column\">\n\t\t\t<div class=\"elementor-widget-wrap elementor-element-populated\">\n\t\t\t\t\t\t<section class=\"elementor-section elementor-inner-section elementor-element elementor-element-2b9e128 elementor-section-boxed elementor-section-height-default elementor-section-height-default\" data-id=\"2b9e128\" data-element_type=\"section\">\n\t\t\t\t\t\t<div class=\"elementor-container elementor-column-gap-default\">\n\t\t\t\t\t<div class=\"elementor-column elementor-col-100 elementor-inner-column elementor-element elementor-element-d6ad5c9\" data-id=\"d6ad5c9\" data-element_type=\"column\">\n\t\t\t<div class=\"elementor-widget-wrap elementor-element-populated\">\n\t\t\t\t\t\t<div class=\"elementor-element elementor-element-3973d5b animated-slow txt3 elementor-invisible elementor-widget elementor-widget-heading\" data-id=\"3973d5b\" data-element_type=\"widget\" data-settings=\"{&quot;motion_fx_motion_fx_scrolling&quot;:&quot;yes&quot;,&quot;motion_fx_translateX_effect&quot;:&quot;yes&quot;,&quot;motion_fx_translateX_direction&quot;:&quot;negative&quot;,&quot;motion_fx_translateX_speed&quot;:{&quot;unit&quot;:&quot;px&quot;,&quot;size&quot;:1,&quot;sizes&quot;:[]},&quot;_animation&quot;:&quot;fadeIn&quot;,&quot;motion_fx_devices&quot;:[&quot;desktop&quot;],&quot;motion_fx_translateX_affectedRange&quot;:{&quot;unit&quot;:&quot;%&quot;,&quot;size&quot;:&quot;&quot;,&quot;sizes&quot;:{&quot;start&quot;:0,&quot;end&quot;:100}}}\" data-widget_type=\"heading.default\">\n\t\t\t\t<div class=\"elementor-widget-container\">\n\t\t\t<h2 class=\"elementor-heading-title elementor-size-default\">Pour la gestion des<\/h2>\t\t<\/div>\n\t\t\t\t<\/div>\n\t\t\t\t<div class=\"elementor-element elementor-element-36b9659 txt3 elementor-widget elementor-widget-heading\" data-id=\"36b9659\" data-element_type=\"widget\" data-widget_type=\"heading.default\">\n\t\t\t\t<div class=\"elementor-widget-container\">\n\t\t\t<h3 class=\"elementor-heading-title elementor-size-default\">logiciels techniques<\/h3>\t\t<\/div>\n\t\t\t\t<\/div>\n\t\t\t\t<div class=\"elementor-element elementor-element-a2e4375 elementor-widget elementor-widget-text-editor\" data-id=\"a2e4375\" data-element_type=\"widget\" data-widget_type=\"text-editor.default\">\n\t\t\t\t<div class=\"elementor-widget-container\">\n\t\t\t\t\t\t\t<p>Notre bureau d\u2019\u00e9tude utilise les logiciels suivants pour la r\u00e9alisation des moules et la d\u00e9finition optimale du processus de production\u00a0:<\/p>\n\t\t\t\t\t\t<\/div>\n\t\t\t\t<\/div>\n\t\t\t\t<div class=\"elementor-element elementor-element-0047f73 elementor-icon-list--layout-traditional elementor-list-item-link-full_width elementor-widget elementor-widget-icon-list\" data-id=\"0047f73\" data-element_type=\"widget\" data-widget_type=\"icon-list.default\">\n\t\t\t\t<div class=\"elementor-widget-container\">\n\t\t\t\t\t<ul class=\"elementor-icon-list-items\">\n\t\t\t\t\t\t\t<li class=\"elementor-icon-list-item\">\n\t\t\t\t\t\t\t\t\t\t\t<span class=\"elementor-icon-list-icon\">\n\t\t\t\t\t\t\t<i aria-hidden=\"true\" class=\"fas fa-cog\"><\/i>\t\t\t\t\t\t<\/span>\n\t\t\t\t\t\t\t\t\t\t<span class=\"elementor-icon-list-text\">Cad: PTC Creo Parametric (Pro Engineering)<\/span>\n\t\t\t\t\t\t\t\t\t<\/li>\n\t\t\t\t\t\t\t\t<li class=\"elementor-icon-list-item\">\n\t\t\t\t\t\t\t\t\t\t\t<span class=\"elementor-icon-list-icon\">\n\t\t\t\t\t\t\t<i aria-hidden=\"true\" class=\"fas fa-cog\"><\/i>\t\t\t\t\t\t<\/span>\n\t\t\t\t\t\t\t\t\t\t<span class=\"elementor-icon-list-text\">Fao - WorkNC<\/span>\n\t\t\t\t\t\t\t\t\t<\/li>\n\t\t\t\t\t\t\t\t<li class=\"elementor-icon-list-item\">\n\t\t\t\t\t\t\t\t\t\t\t<span class=\"elementor-icon-list-icon\">\n\t\t\t\t\t\t\t<i aria-hidden=\"true\" class=\"fas fa-cog\"><\/i>\t\t\t\t\t\t<\/span>\n\t\t\t\t\t\t\t\t\t\t<span class=\"elementor-icon-list-text\">Logiciel de simulation de forgeage - Forge NxT 4 SP1<\/span>\n\t\t\t\t\t\t\t\t\t<\/li>\n\t\t\t\t\t\t<\/ul>\n\t\t\t\t<\/div>\n\t\t\t\t<\/div>\n\t\t\t\t\t<\/div>\n\t\t<\/div>\n\t\t\t\t\t<\/div>\n\t\t<\/section>\n\t\t\t\t\t<\/div>\n\t\t<\/div>\n\t\t\t\t<div class=\"elementor-column elementor-col-50 elementor-top-column elementor-element elementor-element-9f3f787\" data-id=\"9f3f787\" data-element_type=\"column\">\n\t\t\t<div class=\"elementor-widget-wrap elementor-element-populated\">\n\t\t\t\t\t\t<section class=\"elementor-section elementor-inner-section elementor-element elementor-element-282a6b6 elementor-section-height-min-height elementor-section-boxed elementor-section-height-default\" data-id=\"282a6b6\" data-element_type=\"section\">\n\t\t\t\t\t\t<div class=\"elementor-container elementor-column-gap-default\">\n\t\t\t\t\t<div data-dce-background-color=\"#112230\" class=\"elementor-column elementor-col-100 elementor-inner-column elementor-element elementor-element-926be24\" data-id=\"926be24\" data-element_type=\"column\" data-settings=\"{&quot;background_background&quot;:&quot;classic&quot;}\">\n\t\t\t<div class=\"elementor-widget-wrap elementor-element-populated\">\n\t\t\t\t\t\t<div class=\"elementor-element elementor-element-38c9610 elementor-widget elementor-widget-video\" data-id=\"38c9610\" data-element_type=\"widget\" data-settings=\"{&quot;video_type&quot;:&quot;hosted&quot;,&quot;autoplay&quot;:&quot;yes&quot;,&quot;mute&quot;:&quot;yes&quot;,&quot;controls&quot;:&quot;yes&quot;}\" data-widget_type=\"video.default\">\n\t\t\t\t<div class=\"elementor-widget-container\">\n\t\t\t\t\t<div class=\"e-hosted-video elementor-wrapper elementor-open-inline\">\n\t\t\t\t\t<video class=\"elementor-video\" src=\"https:\/\/www.masperotech.it\/wp-content\/uploads\/2023\/11\/Video-Post_V2.mp4\" autoplay=\"\" controls=\"\" muted=\"muted\" controlsList=\"nodownload\"><\/video>\n\t\t\t\t<\/div>\n\t\t\t\t<\/div>\n\t\t\t\t<\/div>\n\t\t\t\t\t<\/div>\n\t\t<\/div>\n\t\t\t\t\t<\/div>\n\t\t<\/section>\n\t\t\t\t\t<\/div>\n\t\t<\/div>\n\t\t\t\t\t<\/div>\n\t\t<\/section>\n\t\t\t\t<\/div>\n\t\t","protected":false},"excerpt":{"rendered":"<p>De la conception \u00e0 l&rsquo;assemblage Nous sommes conscients que la capacit\u00e9 \u00e0 fournir une gamme de services compl\u00e8te est une condition essentielle pour r\u00e9ussir dans le monde d&rsquo;aujourd&rsquo;hui. C&rsquo;est pourquoi nous sommes fiers de pouvoir agir en tant qu&rsquo;entrepreneur principal et de superviser tous les processus ult\u00e9rieurs, de la finition des surfaces (peinture, anodisation, argenture, [&hellip;]<\/p>\n","protected":false},"author":2,"featured_media":29642,"parent":0,"menu_order":0,"comment_status":"closed","ping_status":"closed","template":"","meta":{"_acf_changed":false,"footnotes":""},"class_list":["post-29632","page","type-page","status-publish","has-post-thumbnail","hentry"],"acf":[],"_links":{"self":[{"href":"https:\/\/www.masperotech.it\/fr\/wp-json\/wp\/v2\/pages\/29632","targetHints":{"allow":["GET"]}}],"collection":[{"href":"https:\/\/www.masperotech.it\/fr\/wp-json\/wp\/v2\/pages"}],"about":[{"href":"https:\/\/www.masperotech.it\/fr\/wp-json\/wp\/v2\/types\/page"}],"author":[{"embeddable":true,"href":"https:\/\/www.masperotech.it\/fr\/wp-json\/wp\/v2\/users\/2"}],"replies":[{"embeddable":true,"href":"https:\/\/www.masperotech.it\/fr\/wp-json\/wp\/v2\/comments?post=29632"}],"version-history":[{"count":3,"href":"https:\/\/www.masperotech.it\/fr\/wp-json\/wp\/v2\/pages\/29632\/revisions"}],"predecessor-version":[{"id":35550,"href":"https:\/\/www.masperotech.it\/fr\/wp-json\/wp\/v2\/pages\/29632\/revisions\/35550"}],"wp:featuredmedia":[{"embeddable":true,"href":"https:\/\/www.masperotech.it\/fr\/wp-json\/wp\/v2\/media\/29642"}],"wp:attachment":[{"href":"https:\/\/www.masperotech.it\/fr\/wp-json\/wp\/v2\/media?parent=29632"}],"curies":[{"name":"wp","href":"https:\/\/api.w.org\/{rel}","templated":true}]}}