{"id":30308,"date":"2023-03-16T15:20:07","date_gmt":"2023-03-16T13:20:07","guid":{"rendered":"https:\/\/www.masperotech.it\/kupfer\/"},"modified":"2025-09-03T16:41:03","modified_gmt":"2025-09-03T14:41:03","slug":"kupfer","status":"publish","type":"page","link":"https:\/\/www.masperotech.it\/de\/kupfer\/","title":{"rendered":"Kupfer"},"content":{"rendered":"\t\t<div data-elementor-type=\"wp-page\" data-elementor-id=\"30308\" class=\"elementor elementor-30308 elementor-5674\" data-elementor-post-type=\"page\">\n\t\t\t\t\t\t<section class=\"elementor-section elementor-top-section elementor-element elementor-element-a09103e blacktxt elementor-section-boxed elementor-section-height-default elementor-section-height-default\" data-id=\"a09103e\" data-element_type=\"section\">\n\t\t\t\t\t\t<div class=\"elementor-container elementor-column-gap-default\">\n\t\t\t\t\t<div class=\"elementor-column elementor-col-100 elementor-top-column elementor-element elementor-element-e2dc8a9\" data-id=\"e2dc8a9\" data-element_type=\"column\">\n\t\t\t<div class=\"elementor-widget-wrap elementor-element-populated\">\n\t\t\t\t\t\t<div class=\"elementor-element elementor-element-43314fd elementor-widget elementor-widget-text-editor\" data-id=\"43314fd\" data-element_type=\"widget\" data-widget_type=\"text-editor.default\">\n\t\t\t\t<div class=\"elementor-widget-container\">\n\t\t\t\t\t\t\t<p>Es gibt 400 verschiedene Kupferlegierungen. Jede zeichnet sich durch eine Reihe von Eigenschaften aus, die sich f\u00fcr eine spezifische Anwendung oder einen Produktionsprozess eignen.<\/p>\n<p><strong>\u201eReines\u201c Kupfer<\/strong> ist die Legierung mit der gr\u00f6\u00dften F\u00e4higkeit, Elektrizit\u00e4t zu leiten und W\u00e4rme zwischen verschiedenen Metallen auszutauschen, und es ist zudem korrosionsbest\u00e4ndig.<\/p>\n\t\t\t\t\t\t<\/div>\n\t\t\t\t<\/div>\n\t\t\t\t<div class=\"elementor-element elementor-element-fd8b0de elementor-widget elementor-widget-heading\" data-id=\"fd8b0de\" data-element_type=\"widget\" data-widget_type=\"heading.default\">\n\t\t\t\t<div class=\"elementor-widget-container\">\n\t\t\t<h4 class=\"elementor-heading-title elementor-size-default\">Legierungen<\/h4>\t\t<\/div>\n\t\t\t\t<\/div>\n\t\t\t\t<section class=\"elementor-section elementor-inner-section elementor-element elementor-element-96f73c5 elementor-section-boxed elementor-section-height-default elementor-section-height-default\" data-id=\"96f73c5\" data-element_type=\"section\">\n\t\t\t\t\t\t<div class=\"elementor-container elementor-column-gap-default\">\n\t\t\t\t\t<div class=\"elementor-column elementor-col-100 elementor-inner-column elementor-element elementor-element-207de49\" data-id=\"207de49\" data-element_type=\"column\">\n\t\t\t<div class=\"elementor-widget-wrap elementor-element-populated\">\n\t\t\t\t\t\t<div class=\"elementor-element elementor-element-9b851c5 elementor-widget elementor-widget-text-editor\" data-id=\"9b851c5\" data-element_type=\"widget\" data-widget_type=\"text-editor.default\">\n\t\t\t\t<div class=\"elementor-widget-container\">\n\t\t\t\t\t\t\t<ul>\r\n<li>Cu ETP CW004A<\/li>\r\n<li>Cu Be2 CW101C<\/li>\r\n<li>Cu Cr1 Zr CW106C<\/li>\r\n<li>Cu Ni2 Si CW111C<\/li>\r\n<li>Cu-OF CW008A<\/li>\r\n<ul>\t\t\t\t\t\t<\/div>\n\t\t\t\t<\/div>\n\t\t\t\t\t<\/div>\n\t\t<\/div>\n\t\t\t\t\t<\/div>\n\t\t<\/section>\n\t\t\t\t\t<\/div>\n\t\t<\/div>\n\t\t\t\t\t<\/div>\n\t\t<\/section>\n\t\t\t\t<section class=\"elementor-section elementor-top-section elementor-element elementor-element-eb635d3 icon-box1 elementor-section-boxed elementor-section-height-default elementor-section-height-default\" data-id=\"eb635d3\" data-element_type=\"section\" data-settings=\"{&quot;background_background&quot;:&quot;classic&quot;}\">\n\t\t\t\t\t\t<div class=\"elementor-container elementor-column-gap-default\">\n\t\t\t\t\t<div class=\"elementor-column elementor-col-100 elementor-top-column elementor-element elementor-element-7efb046\" data-id=\"7efb046\" data-element_type=\"column\">\n\t\t\t<div class=\"elementor-widget-wrap elementor-element-populated\">\n\t\t\t\t\t\t<div class=\"elementor-element elementor-element-cce5bab blacktxt elementor-widget elementor-widget-heading\" data-id=\"cce5bab\" data-element_type=\"widget\" data-widget_type=\"heading.default\">\n\t\t\t\t<div class=\"elementor-widget-container\">\n\t\t\t<h4 class=\"elementor-heading-title elementor-size-default\">Eigenschaften<\/h4>\t\t<\/div>\n\t\t\t\t<\/div>\n\t\t\t\t<div class=\"elementor-element elementor-element-4c0361f elementor-widget elementor-widget-text-editor\" data-id=\"4c0361f\" data-element_type=\"widget\" data-widget_type=\"text-editor.default\">\n\t\t\t\t<div class=\"elementor-widget-container\">\n\t\t\t\t\t\t\t<p>Hier sind die wichtigsten Eigenschaften von Schmiedeteilen aus Kupfer:<\/p>\t\t\t\t\t\t<\/div>\n\t\t\t\t<\/div>\n\t\t\t\t<section class=\"elementor-section elementor-inner-section elementor-element elementor-element-4b77139 pad icon-box2 elementor-section-boxed elementor-section-height-default elementor-section-height-default\" data-id=\"4b77139\" data-element_type=\"section\">\n\t\t\t\t\t\t<div class=\"elementor-container elementor-column-gap-default\">\n\t\t\t\t\t<div class=\"elementor-column elementor-col-50 elementor-inner-column elementor-element elementor-element-f0922de\" data-id=\"f0922de\" data-element_type=\"column\">\n\t\t\t<div class=\"elementor-widget-wrap elementor-element-populated\">\n\t\t\t\t\t\t<div class=\"elementor-element elementor-element-3bb41f0 elementor-position-left elementor-vertical-align-top elementor-widget elementor-widget-image-box\" data-id=\"3bb41f0\" data-element_type=\"widget\" data-widget_type=\"image-box.default\">\n\t\t\t\t<div class=\"elementor-widget-container\">\n\t\t\t<div class=\"elementor-image-box-wrapper\"><figure class=\"elementor-image-box-img\"><img decoding=\"async\" width=\"115\" height=\"172\" src=\"https:\/\/www.masperotech.it\/wp-content\/uploads\/2025\/09\/conductivity-1.png\" class=\"attachment-full size-full wp-image-35118\" alt=\"\" \/><\/figure><div class=\"elementor-image-box-content\"><h6 class=\"elementor-image-box-title\">LEITF\u00c4HIGKEIT<\/h6><p class=\"elementor-image-box-description\">\u201eReines\u201c Kupfer ist die Legierung mit der gr\u00f6\u00dften F\u00e4higkeit, Elektrizit\u00e4t zu leiten und W\u00e4rme zwischen verschiedenen Metallen auszutauschen.<\/p><\/div><\/div>\t\t<\/div>\n\t\t\t\t<\/div>\n\t\t\t\t<div class=\"elementor-element elementor-element-9a1328a elementor-position-left elementor-vertical-align-top elementor-widget elementor-widget-image-box\" data-id=\"9a1328a\" data-element_type=\"widget\" data-widget_type=\"image-box.default\">\n\t\t\t\t<div class=\"elementor-widget-container\">\n\t\t\t<div class=\"elementor-image-box-wrapper\"><figure class=\"elementor-image-box-img\"><img decoding=\"async\" width=\"63\" height=\"53\" src=\"https:\/\/www.masperotech.it\/wp-content\/uploads\/2025\/09\/weight-2.png\" class=\"attachment-full size-full wp-image-35059\" alt=\"\" \/><\/figure><div class=\"elementor-image-box-content\"><h6 class=\"elementor-image-box-title\">SPEZIFISCHES GEWICHT<\/h6><p class=\"elementor-image-box-description\">Das spezifische Gewicht betr\u00e4gt ungef\u00e4hr 8,94 kg \/ dm3<\/p><\/div><\/div>\t\t<\/div>\n\t\t\t\t<\/div>\n\t\t\t\t\t<\/div>\n\t\t<\/div>\n\t\t\t\t<div class=\"elementor-column elementor-col-50 elementor-inner-column elementor-element elementor-element-cc9f94d\" data-id=\"cc9f94d\" data-element_type=\"column\">\n\t\t\t<div class=\"elementor-widget-wrap elementor-element-populated\">\n\t\t\t\t\t\t<div class=\"elementor-element elementor-element-1dd92a9 elementor-position-left elementor-vertical-align-top elementor-widget elementor-widget-image-box\" data-id=\"1dd92a9\" data-element_type=\"widget\" data-widget_type=\"image-box.default\">\n\t\t\t\t<div class=\"elementor-widget-container\">\n\t\t\t<div class=\"elementor-image-box-wrapper\"><figure class=\"elementor-image-box-img\"><img decoding=\"async\" width=\"71\" height=\"65\" src=\"https:\/\/www.masperotech.it\/wp-content\/uploads\/2025\/09\/resistence-2.png\" class=\"attachment-full size-full wp-image-35122\" alt=\"\" \/><\/figure><div class=\"elementor-image-box-content\"><h6 class=\"elementor-image-box-title\">KORROSIONSBEST\u00c4NDIGKEIT<\/h6><\/div><\/div>\t\t<\/div>\n\t\t\t\t<\/div>\n\t\t\t\t\t<\/div>\n\t\t<\/div>\n\t\t\t\t\t<\/div>\n\t\t<\/section>\n\t\t\t\t\t<\/div>\n\t\t<\/div>\n\t\t\t\t\t<\/div>\n\t\t<\/section>\n\t\t\t\t<section class=\"elementor-section elementor-top-section elementor-element elementor-element-3e7d9a7 elementor-section-boxed elementor-section-height-default elementor-section-height-default\" data-id=\"3e7d9a7\" data-element_type=\"section\">\n\t\t\t\t\t\t<div class=\"elementor-container elementor-column-gap-default\">\n\t\t\t\t\t<div class=\"elementor-column elementor-col-100 elementor-top-column elementor-element elementor-element-213a9e0\" data-id=\"213a9e0\" data-element_type=\"column\">\n\t\t\t<div class=\"elementor-widget-wrap elementor-element-populated\">\n\t\t\t\t\t\t<div class=\"elementor-element elementor-element-f14e89d blacktxt txt4 elementor-widget elementor-widget-heading\" data-id=\"f14e89d\" data-element_type=\"widget\" data-widget_type=\"heading.default\">\n\t\t\t\t<div class=\"elementor-widget-container\">\n\t\t\t<h4 class=\"elementor-heading-title elementor-size-default\">Anwendungsbereiche<\/h4>\t\t<\/div>\n\t\t\t\t<\/div>\n\t\t\t\t<div class=\"elementor-element elementor-element-53e6490 elementor-widget elementor-widget-text-editor\" data-id=\"53e6490\" data-element_type=\"widget\" data-widget_type=\"text-editor.default\">\n\t\t\t\t<div class=\"elementor-widget-container\">\n\t\t\t\t\t\t\t<ul><li>NIEDER- UND MITTELSPANNUNG<\/li><li>HOCHSPANNUNG<\/li><li>ELEKTROAUTOS<\/li><\/ul>\t\t\t\t\t\t<\/div>\n\t\t\t\t<\/div>\n\t\t\t\t\t<\/div>\n\t\t<\/div>\n\t\t\t\t\t<\/div>\n\t\t<\/section>\n\t\t\t\t<\/div>\n\t\t","protected":false},"excerpt":{"rendered":"<p>Es gibt 400 verschiedene Kupferlegierungen. Jede zeichnet sich durch eine Reihe von Eigenschaften aus, die sich f\u00fcr eine spezifische Anwendung oder einen Produktionsprozess eignen. \u201eReines\u201c Kupfer ist die Legierung mit der gr\u00f6\u00dften F\u00e4higkeit, Elektrizit\u00e4t zu leiten und W\u00e4rme zwischen verschiedenen Metallen auszutauschen, und es ist zudem korrosionsbest\u00e4ndig. Legierungen Cu ETP CW004A Cu Be2 CW101C Cu [&hellip;]<\/p>\n","protected":false},"author":2,"featured_media":30309,"parent":0,"menu_order":0,"comment_status":"closed","ping_status":"closed","template":"","meta":{"_acf_changed":false,"footnotes":""},"class_list":["post-30308","page","type-page","status-publish","has-post-thumbnail","hentry"],"acf":[],"_links":{"self":[{"href":"https:\/\/www.masperotech.it\/de\/wp-json\/wp\/v2\/pages\/30308","targetHints":{"allow":["GET"]}}],"collection":[{"href":"https:\/\/www.masperotech.it\/de\/wp-json\/wp\/v2\/pages"}],"about":[{"href":"https:\/\/www.masperotech.it\/de\/wp-json\/wp\/v2\/types\/page"}],"author":[{"embeddable":true,"href":"https:\/\/www.masperotech.it\/de\/wp-json\/wp\/v2\/users\/2"}],"replies":[{"embeddable":true,"href":"https:\/\/www.masperotech.it\/de\/wp-json\/wp\/v2\/comments?post=30308"}],"version-history":[{"count":3,"href":"https:\/\/www.masperotech.it\/de\/wp-json\/wp\/v2\/pages\/30308\/revisions"}],"predecessor-version":[{"id":36276,"href":"https:\/\/www.masperotech.it\/de\/wp-json\/wp\/v2\/pages\/30308\/revisions\/36276"}],"wp:featuredmedia":[{"embeddable":true,"href":"https:\/\/www.masperotech.it\/de\/wp-json\/wp\/v2\/media\/30309"}],"wp:attachment":[{"href":"https:\/\/www.masperotech.it\/de\/wp-json\/wp\/v2\/media?parent=30308"}],"curies":[{"name":"wp","href":"https:\/\/api.w.org\/{rel}","templated":true}]}}