{"id":30264,"date":"2023-03-10T16:18:09","date_gmt":"2023-03-10T14:18:09","guid":{"rendered":"https:\/\/www.masperotech.it\/aluminium\/"},"modified":"2025-09-03T16:26:50","modified_gmt":"2025-09-03T14:26:50","slug":"aluminium","status":"publish","type":"page","link":"https:\/\/www.masperotech.it\/de\/aluminium\/","title":{"rendered":"Aluminium"},"content":{"rendered":"\t\t<div data-elementor-type=\"wp-page\" data-elementor-id=\"30264\" class=\"elementor elementor-30264 elementor-5130\" data-elementor-post-type=\"page\">\n\t\t\t\t\t\t<section class=\"elementor-section elementor-top-section elementor-element elementor-element-55fb2a4 blacktxt elementor-section-boxed elementor-section-height-default elementor-section-height-default\" data-id=\"55fb2a4\" data-element_type=\"section\">\n\t\t\t\t\t\t<div class=\"elementor-container elementor-column-gap-default\">\n\t\t\t\t\t<div class=\"elementor-column elementor-col-100 elementor-top-column elementor-element elementor-element-7fb4f1f\" data-id=\"7fb4f1f\" data-element_type=\"column\">\n\t\t\t<div class=\"elementor-widget-wrap elementor-element-populated\">\n\t\t\t\t\t\t<div class=\"elementor-element elementor-element-7fa77b7 elementor-widget elementor-widget-text-editor\" data-id=\"7fa77b7\" data-element_type=\"widget\" data-widget_type=\"text-editor.default\">\n\t\t\t\t<div class=\"elementor-widget-container\">\n\t\t\t\t\t\t\t<p>Aluminiumlegierungen zeichnen sich durch eine Reihe von vorteilhaften Eigenschaften aus, die ihre Verwendung f\u00fcr eine Vielzahl von Anwendungen erm\u00f6glichen.<\/p>\n<p>Dar\u00fcber hinaus ist Aluminium 100 % recycelbar. Unser Ziel besteht darin, die Auswirkungen auf das Klima zu verringern, indem wir das volle Potenzial von Aluminium als kohlenstoffarme L\u00f6sung nutzen.<\/p>\n\t\t\t\t\t\t<\/div>\n\t\t\t\t<\/div>\n\t\t\t\t<div class=\"elementor-element elementor-element-2c9ecbd elementor-widget elementor-widget-heading\" data-id=\"2c9ecbd\" data-element_type=\"widget\" data-widget_type=\"heading.default\">\n\t\t\t\t<div class=\"elementor-widget-container\">\n\t\t\t<h4 class=\"elementor-heading-title elementor-size-default\">Legierungen<\/h4>\t\t<\/div>\n\t\t\t\t<\/div>\n\t\t\t\t<section class=\"elementor-section elementor-inner-section elementor-element elementor-element-4e81f63 elementor-section-boxed elementor-section-height-default elementor-section-height-default\" data-id=\"4e81f63\" data-element_type=\"section\">\n\t\t\t\t\t\t<div class=\"elementor-container elementor-column-gap-default\">\n\t\t\t\t\t<div class=\"elementor-column elementor-col-100 elementor-inner-column elementor-element elementor-element-ffa5b53\" data-id=\"ffa5b53\" data-element_type=\"column\">\n\t\t\t<div class=\"elementor-widget-wrap elementor-element-populated\">\n\t\t\t\t\t\t<div class=\"elementor-element elementor-element-ebd9d0b elementor-widget elementor-widget-text-editor\" data-id=\"ebd9d0b\" data-element_type=\"widget\" data-widget_type=\"text-editor.default\">\n\t\t\t\t<div class=\"elementor-widget-container\">\n\t\t\t\t\t\t\t<ul>\r\n<li>EN AW \u2013 AI Cu4 Si Mg ENAW2014<\/li>\r\n<li>EN AW \u2013 Al Cu4 Mg Si ENAW2017<\/li>\r\n<li>EN AW \u2013 Al Cu4 Mg1 ENAW2024<\/li>\r\n<li>EN AW \u2013 Al Mg3 ENAW5754<\/li>\r\n<li>EN AW \u2013 Al Mg Si ENAW6060<\/li>\r\n<li>EN AW \u2013 Al Mg1 Si Cu ENAW6061<\/li>\r\n<li>EN AW \u2013 Al Si1 Mg Mn ENAW6082<\/li>\r\n<li>EN AW \u2013 Al Zn6 Mg0,8 Zr ENAW7003<\/li>\r\n<li>EN AW \u2013 Al Zn4,5 Mg1 ENAW7020<\/li>\r\n<li>EN AW \u2013 Al Zn5,5 Mg Cu ENAW7075<\/li>\r\n<\/ul>\t\t\t\t\t\t<\/div>\n\t\t\t\t<\/div>\n\t\t\t\t\t<\/div>\n\t\t<\/div>\n\t\t\t\t\t<\/div>\n\t\t<\/section>\n\t\t\t\t\t<\/div>\n\t\t<\/div>\n\t\t\t\t\t<\/div>\n\t\t<\/section>\n\t\t\t\t<section class=\"elementor-section elementor-top-section elementor-element elementor-element-3b8e385 blacktxt icon-box2 elementor-section-boxed elementor-section-height-default elementor-section-height-default\" data-id=\"3b8e385\" data-element_type=\"section\" data-settings=\"{&quot;background_background&quot;:&quot;classic&quot;}\">\n\t\t\t\t\t\t<div class=\"elementor-container elementor-column-gap-default\">\n\t\t\t\t\t<div class=\"elementor-column elementor-col-100 elementor-top-column elementor-element elementor-element-56416c5\" data-id=\"56416c5\" data-element_type=\"column\">\n\t\t\t<div class=\"elementor-widget-wrap elementor-element-populated\">\n\t\t\t\t\t\t<div class=\"elementor-element elementor-element-91efa9f txt4 elementor-widget elementor-widget-heading\" data-id=\"91efa9f\" data-element_type=\"widget\" data-settings=\"{&quot;motion_fx_motion_fx_scrolling&quot;:&quot;yes&quot;,&quot;motion_fx_translateX_effect&quot;:&quot;yes&quot;,&quot;motion_fx_translateX_speed&quot;:{&quot;unit&quot;:&quot;px&quot;,&quot;size&quot;:2,&quot;sizes&quot;:[]},&quot;motion_fx_devices&quot;:[&quot;desktop&quot;],&quot;motion_fx_translateX_affectedRange&quot;:{&quot;unit&quot;:&quot;%&quot;,&quot;size&quot;:&quot;&quot;,&quot;sizes&quot;:{&quot;start&quot;:0,&quot;end&quot;:100}}}\" data-widget_type=\"heading.default\">\n\t\t\t\t<div class=\"elementor-widget-container\">\n\t\t\t<h2 class=\"elementor-heading-title elementor-size-default\">Eigenschaften<\/h2>\t\t<\/div>\n\t\t\t\t<\/div>\n\t\t\t\t<div class=\"elementor-element elementor-element-15d87da elementor-widget elementor-widget-text-editor\" data-id=\"15d87da\" data-element_type=\"widget\" data-widget_type=\"text-editor.default\">\n\t\t\t\t<div class=\"elementor-widget-container\">\n\t\t\t\t\t\t\t<p>Hier sind die wichtigsten Eigenschaften von Schmiedeteilen aus Aluminium:<\/p>\t\t\t\t\t\t<\/div>\n\t\t\t\t<\/div>\n\t\t\t\t<section class=\"elementor-section elementor-inner-section elementor-element elementor-element-45b5998 pad  elementor-section-boxed elementor-section-height-default elementor-section-height-default\" data-id=\"45b5998\" data-element_type=\"section\">\n\t\t\t\t\t\t<div class=\"elementor-container elementor-column-gap-default\">\n\t\t\t\t\t<div class=\"elementor-column elementor-col-50 elementor-inner-column elementor-element elementor-element-dfaf2b1\" data-id=\"dfaf2b1\" data-element_type=\"column\">\n\t\t\t<div class=\"elementor-widget-wrap elementor-element-populated\">\n\t\t\t\t\t\t<div class=\"elementor-element elementor-element-55285b9 elementor-position-left elementor-vertical-align-top elementor-widget elementor-widget-image-box\" data-id=\"55285b9\" data-element_type=\"widget\" data-widget_type=\"image-box.default\">\n\t\t\t\t<div class=\"elementor-widget-container\">\n\t\t\t<div class=\"elementor-image-box-wrapper\"><figure class=\"elementor-image-box-img\"><img decoding=\"async\" width=\"77\" height=\"58\" src=\"https:\/\/www.masperotech.it\/wp-content\/uploads\/2025\/09\/light-2.png\" class=\"attachment-full size-full wp-image-35039\" alt=\"\" \/><\/figure><div class=\"elementor-image-box-content\"><h6 class=\"elementor-image-box-title\">LEICHTIGKEIT<\/h6><p class=\"elementor-image-box-description\">Aluminium wiegt nur ein Drittel von Stahl<\/p><\/div><\/div>\t\t<\/div>\n\t\t\t\t<\/div>\n\t\t\t\t<div class=\"elementor-element elementor-element-ad3dc84 elementor-position-left elementor-vertical-align-top elementor-widget elementor-widget-image-box\" data-id=\"ad3dc84\" data-element_type=\"widget\" data-widget_type=\"image-box.default\">\n\t\t\t\t<div class=\"elementor-widget-container\">\n\t\t\t<div class=\"elementor-image-box-wrapper\"><figure class=\"elementor-image-box-img\"><img decoding=\"async\" width=\"65\" height=\"66\" src=\"https:\/\/www.masperotech.it\/wp-content\/uploads\/2025\/09\/Group-1-2.png\" class=\"attachment-full size-full wp-image-35043\" alt=\"\" \/><\/figure><div class=\"elementor-image-box-content\"><h6 class=\"elementor-image-box-title\">VIELSEITIGKEIT<\/h6><p class=\"elementor-image-box-description\">Durch die verschiedenen W\u00e4rmebehandlungen und die unterschiedlichen Legierungsm\u00f6glichkeiten k\u00f6nnen die Legierungen an eine Vielzahl von Anforderungen angepasst werden<\/p><\/div><\/div>\t\t<\/div>\n\t\t\t\t<\/div>\n\t\t\t\t<div class=\"elementor-element elementor-element-41ab337 elementor-position-left elementor-vertical-align-top elementor-widget elementor-widget-image-box\" data-id=\"41ab337\" data-element_type=\"widget\" data-widget_type=\"image-box.default\">\n\t\t\t\t<div class=\"elementor-widget-container\">\n\t\t\t<div class=\"elementor-image-box-wrapper\"><figure class=\"elementor-image-box-img\"><img decoding=\"async\" width=\"66\" height=\"66\" src=\"https:\/\/www.masperotech.it\/wp-content\/uploads\/2025\/09\/workability-2.png\" class=\"attachment-full size-full wp-image-35047\" alt=\"\" \/><\/figure><div class=\"elementor-image-box-content\"><h6 class=\"elementor-image-box-title\">BEARBEITBARKEIT<\/h6><p class=\"elementor-image-box-description\">Die hohe Zerspanbarkeit erm\u00f6glicht eine einfache Bearbeitung desselben Metalls<\/p><\/div><\/div>\t\t<\/div>\n\t\t\t\t<\/div>\n\t\t\t\t<div class=\"elementor-element elementor-element-017cd3d elementor-position-left elementor-vertical-align-top elementor-widget elementor-widget-image-box\" data-id=\"017cd3d\" data-element_type=\"widget\" data-widget_type=\"image-box.default\">\n\t\t\t\t<div class=\"elementor-widget-container\">\n\t\t\t<div class=\"elementor-image-box-wrapper\"><figure class=\"elementor-image-box-img\"><img decoding=\"async\" width=\"77\" height=\"58\" src=\"https:\/\/www.masperotech.it\/wp-content\/uploads\/2025\/09\/light-2.png\" class=\"attachment-full size-full wp-image-35039\" alt=\"\" \/><\/figure><div class=\"elementor-image-box-content\"><h6 class=\"elementor-image-box-title\">HERVORRAGENDE ELEKTRISCHE LEITF\u00c4HIGKEIT<\/h6><p class=\"elementor-image-box-description\">Bei gleichen Kosten und gleichem Gewicht leitet Aluminium viel mehr W\u00e4rme als jedes andere Metall und seine elektrische Leitf\u00e4higkeit ist etwa doppelt so hoch wie die von Kupfer.<\/p><\/div><\/div>\t\t<\/div>\n\t\t\t\t<\/div>\n\t\t\t\t\t<\/div>\n\t\t<\/div>\n\t\t\t\t<div class=\"elementor-column elementor-col-50 elementor-inner-column elementor-element elementor-element-61b9284\" data-id=\"61b9284\" data-element_type=\"column\">\n\t\t\t<div class=\"elementor-widget-wrap elementor-element-populated\">\n\t\t\t\t\t\t<div class=\"elementor-element elementor-element-7bee203 elementor-position-left elementor-vertical-align-top elementor-widget elementor-widget-image-box\" data-id=\"7bee203\" data-element_type=\"widget\" data-widget_type=\"image-box.default\">\n\t\t\t\t<div class=\"elementor-widget-container\">\n\t\t\t<div class=\"elementor-image-box-wrapper\"><figure class=\"elementor-image-box-img\"><img loading=\"lazy\" decoding=\"async\" width=\"71\" height=\"65\" src=\"https:\/\/www.masperotech.it\/wp-content\/uploads\/2025\/09\/resistence-1-1.png\" class=\"attachment-full size-full wp-image-35051\" alt=\"\" \/><\/figure><div class=\"elementor-image-box-content\"><h6 class=\"elementor-image-box-title\">HALTBARKEIT<\/h6><p class=\"elementor-image-box-description\">Widerstandsf\u00e4hig gegen atmosph\u00e4rische Korrosion<\/p><\/div><\/div>\t\t<\/div>\n\t\t\t\t<\/div>\n\t\t\t\t<div class=\"elementor-element elementor-element-2da1526 elementor-position-left elementor-vertical-align-top elementor-widget elementor-widget-image-box\" data-id=\"2da1526\" data-element_type=\"widget\" data-widget_type=\"image-box.default\">\n\t\t\t\t<div class=\"elementor-widget-container\">\n\t\t\t<div class=\"elementor-image-box-wrapper\"><figure class=\"elementor-image-box-img\"><img loading=\"lazy\" decoding=\"async\" width=\"69\" height=\"66\" src=\"https:\/\/www.masperotech.it\/wp-content\/uploads\/2025\/09\/mechan-2.png\" class=\"attachment-full size-full wp-image-35055\" alt=\"\" \/><\/figure><div class=\"elementor-image-box-content\"><h6 class=\"elementor-image-box-title\">MITTELHOHE MECHANISCHE EIGENSCHAFTEN<\/h6><p class=\"elementor-image-box-description\">Aluminiumlegierungen k\u00f6nnen mechanische Festigkeiten von mehr als 560 Mpa erreichen; die Streckgrenze f\u00fcr Legierungen mit h\u00f6herer Festigkeit betr\u00e4gt in etwa 85 % der Bruchfestigkeit<\/p><\/div><\/div>\t\t<\/div>\n\t\t\t\t<\/div>\n\t\t\t\t<div class=\"elementor-element elementor-element-1819d29 elementor-position-left elementor-vertical-align-top elementor-widget elementor-widget-image-box\" data-id=\"1819d29\" data-element_type=\"widget\" data-widget_type=\"image-box.default\">\n\t\t\t\t<div class=\"elementor-widget-container\">\n\t\t\t<div class=\"elementor-image-box-wrapper\"><figure class=\"elementor-image-box-img\"><img loading=\"lazy\" decoding=\"async\" width=\"63\" height=\"53\" src=\"https:\/\/www.masperotech.it\/wp-content\/uploads\/2025\/09\/weight-2.png\" class=\"attachment-full size-full wp-image-35059\" alt=\"\" \/><\/figure><div class=\"elementor-image-box-content\"><h6 class=\"elementor-image-box-title\">SPEZIFISCHES GEWICHT<\/h6><p class=\"elementor-image-box-description\">Das spezifische Gewicht betr\u00e4gt ungef\u00e4hr 2,7 kg \/ dm3<\/p><\/div><\/div>\t\t<\/div>\n\t\t\t\t<\/div>\n\t\t\t\t<div class=\"elementor-element elementor-element-4a4ab6f elementor-position-left elementor-vertical-align-top elementor-widget elementor-widget-image-box\" data-id=\"4a4ab6f\" data-element_type=\"widget\" data-widget_type=\"image-box.default\">\n\t\t\t\t<div class=\"elementor-widget-container\">\n\t\t\t<div class=\"elementor-image-box-wrapper\"><figure class=\"elementor-image-box-img\"><img loading=\"lazy\" decoding=\"async\" width=\"86\" height=\"62\" src=\"https:\/\/www.masperotech.it\/wp-content\/uploads\/2025\/09\/braze-2.png\" class=\"attachment-full size-full wp-image-35063\" alt=\"\" \/><\/figure><div class=\"elementor-image-box-content\"><h6 class=\"elementor-image-box-title\">LEICHTE MONTAGE<\/h6><p class=\"elementor-image-box-description\">Die verschiedenen Aluminiumlegierungen k\u00f6nnen mit Keenserts, Schrauben, usw. montiert werden und es k\u00f6nnen strukturelle Baugruppen hergestellt werden. Es gibt auch schmelzschwei\u00dfbare und l\u00f6tbare Legierungen<\/p><\/div><\/div>\t\t<\/div>\n\t\t\t\t<\/div>\n\t\t\t\t\t<\/div>\n\t\t<\/div>\n\t\t\t\t\t<\/div>\n\t\t<\/section>\n\t\t\t\t\t<\/div>\n\t\t<\/div>\n\t\t\t\t\t<\/div>\n\t\t<\/section>\n\t\t\t\t<section class=\"elementor-section elementor-top-section elementor-element elementor-element-415a541 elementor-section-boxed elementor-section-height-default elementor-section-height-default\" data-id=\"415a541\" data-element_type=\"section\">\n\t\t\t\t\t\t<div class=\"elementor-container elementor-column-gap-default\">\n\t\t\t\t\t<div class=\"elementor-column elementor-col-100 elementor-top-column elementor-element elementor-element-f668e96\" data-id=\"f668e96\" data-element_type=\"column\">\n\t\t\t<div class=\"elementor-widget-wrap elementor-element-populated\">\n\t\t\t\t\t\t<div class=\"elementor-element elementor-element-df4816d blacktxt txt4 elementor-widget elementor-widget-heading\" data-id=\"df4816d\" data-element_type=\"widget\" data-widget_type=\"heading.default\">\n\t\t\t\t<div class=\"elementor-widget-container\">\n\t\t\t<h4 class=\"elementor-heading-title elementor-size-default\">Anwendungsbereiche<\/h4>\t\t<\/div>\n\t\t\t\t<\/div>\n\t\t\t\t<div class=\"elementor-element elementor-element-58b528e elementor-widget elementor-widget-text-editor\" data-id=\"58b528e\" data-element_type=\"widget\" data-widget_type=\"text-editor.default\">\n\t\t\t\t<div class=\"elementor-widget-container\">\n\t\t\t\t\t\t\t<ul><li>MOBILIT\u00c4T<\/li><li>SECURITY<\/li><li>NAUTIK<\/li><li>WASSERSTOFFVENTILE<\/li><li>ELEKTROAUTOS<\/li><li>VENTILE<\/li><li>MEDIZIN<\/li><li>ERD\u00d6L UND GAS<\/li><li>CHEMIE<\/li><li>SPORT<\/li><li>NIEDER- UND MITTELSPANNUNG<\/li><li>HOCHSPANNUNG<\/li><\/ul>\t\t\t\t\t\t<\/div>\n\t\t\t\t<\/div>\n\t\t\t\t\t<\/div>\n\t\t<\/div>\n\t\t\t\t\t<\/div>\n\t\t<\/section>\n\t\t\t\t<\/div>\n\t\t","protected":false},"excerpt":{"rendered":"<p>Aluminiumlegierungen zeichnen sich durch eine Reihe von vorteilhaften Eigenschaften aus, die ihre Verwendung f\u00fcr eine Vielzahl von Anwendungen erm\u00f6glichen. Dar\u00fcber hinaus ist Aluminium 100 % recycelbar. Unser Ziel besteht darin, die Auswirkungen auf das Klima zu verringern, indem wir das volle Potenzial von Aluminium als kohlenstoffarme L\u00f6sung nutzen. Legierungen EN AW \u2013 AI Cu4 Si [&hellip;]<\/p>\n","protected":false},"author":2,"featured_media":30265,"parent":0,"menu_order":0,"comment_status":"closed","ping_status":"closed","template":"","meta":{"_acf_changed":false,"footnotes":""},"class_list":["post-30264","page","type-page","status-publish","has-post-thumbnail","hentry"],"acf":[],"_links":{"self":[{"href":"https:\/\/www.masperotech.it\/de\/wp-json\/wp\/v2\/pages\/30264","targetHints":{"allow":["GET"]}}],"collection":[{"href":"https:\/\/www.masperotech.it\/de\/wp-json\/wp\/v2\/pages"}],"about":[{"href":"https:\/\/www.masperotech.it\/de\/wp-json\/wp\/v2\/types\/page"}],"author":[{"embeddable":true,"href":"https:\/\/www.masperotech.it\/de\/wp-json\/wp\/v2\/users\/2"}],"replies":[{"embeddable":true,"href":"https:\/\/www.masperotech.it\/de\/wp-json\/wp\/v2\/comments?post=30264"}],"version-history":[{"count":3,"href":"https:\/\/www.masperotech.it\/de\/wp-json\/wp\/v2\/pages\/30264\/revisions"}],"predecessor-version":[{"id":36269,"href":"https:\/\/www.masperotech.it\/de\/wp-json\/wp\/v2\/pages\/30264\/revisions\/36269"}],"wp:featuredmedia":[{"embeddable":true,"href":"https:\/\/www.masperotech.it\/de\/wp-json\/wp\/v2\/media\/30265"}],"wp:attachment":[{"href":"https:\/\/www.masperotech.it\/de\/wp-json\/wp\/v2\/media?parent=30264"}],"curies":[{"name":"wp","href":"https:\/\/api.w.org\/{rel}","templated":true}]}}