{"id":30177,"date":"2023-07-19T08:30:02","date_gmt":"2023-07-19T06:30:02","guid":{"rendered":"https:\/\/www.masperotech.it\/mechanische-bearbeitungen\/"},"modified":"2025-09-03T12:13:06","modified_gmt":"2025-09-03T10:13:06","slug":"mechanische-bearbeitungen","status":"publish","type":"page","link":"https:\/\/www.masperotech.it\/de\/mechanische-bearbeitungen\/","title":{"rendered":"Mechanische Bearbeitungen"},"content":{"rendered":"\t\t<div data-elementor-type=\"wp-page\" data-elementor-id=\"30177\" class=\"elementor elementor-30177 elementor-24965\" data-elementor-post-type=\"page\">\n\t\t\t\t\t\t<section class=\"elementor-section elementor-top-section elementor-element elementor-element-9ae1ea0 elementor-section-boxed elementor-section-height-default elementor-section-height-default\" data-id=\"9ae1ea0\" data-element_type=\"section\">\n\t\t\t\t\t\t<div class=\"elementor-container elementor-column-gap-default\">\n\t\t\t\t\t<div class=\"elementor-column elementor-col-100 elementor-top-column elementor-element elementor-element-4f06af6\" data-id=\"4f06af6\" data-element_type=\"column\">\n\t\t\t<div class=\"elementor-widget-wrap elementor-element-populated\">\n\t\t\t\t\t\t<div class=\"elementor-element elementor-element-fa29fa7 elementor-widget elementor-widget-heading\" data-id=\"fa29fa7\" data-element_type=\"widget\" data-widget_type=\"heading.default\">\n\t\t\t\t<div class=\"elementor-widget-container\">\n\t\t\t<h3 class=\"elementor-heading-title elementor-size-default\"> <\/h3>\t\t<\/div>\n\t\t\t\t<\/div>\n\t\t\t\t<div class=\"elementor-element elementor-element-a925905 elementor-widget elementor-widget-text-editor\" data-id=\"a925905\" data-element_type=\"widget\" data-widget_type=\"text-editor.default\">\n\t\t\t\t<div class=\"elementor-widget-container\">\n\t\t\t\t\t\t\tDank des Fachwissens und der langj\u00e4hrigen Erfahrung von CMO Group verf\u00fcgt Masperotech seit kurzem \u00fcber eine eigene Abteilung f\u00fcr mechanische Bearbeitungen f\u00fcr das Fr\u00e4sen von mittelgro\u00dfen und gro\u00dfen Teilen aus Schmiedest\u00fccken, Stangen und Platten, insbesondere f\u00fcr gro\u00dfe Stanzteile.\r\n\r\nHeute verf\u00fcgt MasperoTech \u00fcber einen sehr gro\u00dfen Maschinenpark f\u00fcr die Bearbeitung von Schmiede- und auch Massivteilen mit Abmessungen von bis zu 4 Metern und einigen hundert Kilogramm f\u00fcr Anwendungen in den Bereichen Eisenbahnindustrie, Luft- und Raumfahrt, Rennsport und Verteidigung:\r\n\t\t\t\t\t\t<\/div>\n\t\t\t\t<\/div>\n\t\t\t\t\t<\/div>\n\t\t<\/div>\n\t\t\t\t\t<\/div>\n\t\t<\/section>\n\t\t\t\t<section data-dce-background-color=\"#051C2C\" class=\"elementor-section elementor-top-section elementor-element elementor-element-645c038 elementor-section-full_width elementor-section-height-default elementor-section-height-default\" data-id=\"645c038\" data-element_type=\"section\" data-settings=\"{&quot;background_background&quot;:&quot;classic&quot;}\">\n\t\t\t\t\t\t<div class=\"elementor-container elementor-column-gap-default\">\n\t\t\t\t\t<div class=\"elementor-column elementor-col-50 elementor-top-column elementor-element elementor-element-867dda1\" data-id=\"867dda1\" data-element_type=\"column\">\n\t\t\t<div class=\"elementor-widget-wrap elementor-element-populated\">\n\t\t\t\t\t\t<section class=\"elementor-section elementor-inner-section elementor-element elementor-element-2310dd8 elementor-section-boxed elementor-section-height-default elementor-section-height-default\" data-id=\"2310dd8\" data-element_type=\"section\">\n\t\t\t\t\t\t<div class=\"elementor-container elementor-column-gap-default\">\n\t\t\t\t\t<div class=\"elementor-column elementor-col-100 elementor-inner-column elementor-element elementor-element-e9f6929\" data-id=\"e9f6929\" data-element_type=\"column\">\n\t\t\t<div class=\"elementor-widget-wrap elementor-element-populated\">\n\t\t\t\t\t\t<div class=\"elementor-element elementor-element-dd85cde animated-slow txt3 elementor-invisible elementor-widget elementor-widget-heading\" data-id=\"dd85cde\" data-element_type=\"widget\" data-settings=\"{&quot;motion_fx_motion_fx_scrolling&quot;:&quot;yes&quot;,&quot;motion_fx_translateX_effect&quot;:&quot;yes&quot;,&quot;motion_fx_translateX_direction&quot;:&quot;negative&quot;,&quot;motion_fx_translateX_speed&quot;:{&quot;unit&quot;:&quot;px&quot;,&quot;size&quot;:1,&quot;sizes&quot;:[]},&quot;_animation&quot;:&quot;fadeIn&quot;,&quot;motion_fx_devices&quot;:[&quot;desktop&quot;],&quot;motion_fx_translateX_affectedRange&quot;:{&quot;unit&quot;:&quot;%&quot;,&quot;size&quot;:&quot;&quot;,&quot;sizes&quot;:{&quot;start&quot;:0,&quot;end&quot;:100}}}\" data-widget_type=\"heading.default\">\n\t\t\t\t<div class=\"elementor-widget-container\">\n\t\t\t<h2 class=\"elementor-heading-title elementor-size-default\">Maschinenpark<\/h2>\t\t<\/div>\n\t\t\t\t<\/div>\n\t\t\t\t<div class=\"elementor-element elementor-element-811da15 elementor-widget elementor-widget-text-editor\" data-id=\"811da15\" data-element_type=\"widget\" data-widget_type=\"text-editor.default\">\n\t\t\t\t<div class=\"elementor-widget-container\">\n\t\t\t\t\t\t\tDer Maschinenpark umfasst:\r\n<ul>\r\n \t<li>Horizontale CNC-Maschinen mit Paletten 1250&#215;1250 mit Arbeitsfl\u00e4che von 2100x1650x1400<\/li>\r\n \t<li>CNC-Portalfr\u00e4se mit Tisch von 5000x3000x1500 und 5-Achs-Schwenkkopf<\/li>\r\n \t<li>Vertikale CNC-Maschine mit Tisch von 2500x950x850.<\/li>\r\n<\/ul>\t\t\t\t\t\t<\/div>\n\t\t\t\t<\/div>\n\t\t\t\t\t<\/div>\n\t\t<\/div>\n\t\t\t\t\t<\/div>\n\t\t<\/section>\n\t\t\t\t\t<\/div>\n\t\t<\/div>\n\t\t\t\t<div class=\"elementor-column elementor-col-50 elementor-top-column elementor-element elementor-element-f3110ca\" data-id=\"f3110ca\" data-element_type=\"column\">\n\t\t\t<div class=\"elementor-widget-wrap elementor-element-populated\">\n\t\t\t\t\t\t<section class=\"elementor-section elementor-inner-section elementor-element elementor-element-65db176 elementor-section-height-min-height elementor-section-boxed elementor-section-height-default\" data-id=\"65db176\" data-element_type=\"section\">\n\t\t\t\t\t\t<div class=\"elementor-container elementor-column-gap-default\">\n\t\t\t\t\t<div data-dce-background-image-url=\"https:\/\/www.masperotech.it\/wp-content\/uploads\/2025\/04\/machining-1.jpeg\" class=\"elementor-column elementor-col-100 elementor-inner-column elementor-element elementor-element-9feef94\" data-id=\"9feef94\" data-element_type=\"column\" data-settings=\"{&quot;background_background&quot;:&quot;classic&quot;}\">\n\t\t\t<div class=\"elementor-widget-wrap elementor-element-populated\">\n\t\t\t\t\t<div class=\"elementor-background-overlay\"><\/div>\n\t\t\t\t\t\t<div class=\"elementor-element elementor-element-3aa6c63 elementor-widget elementor-widget-heading\" data-id=\"3aa6c63\" data-element_type=\"widget\" data-widget_type=\"heading.default\">\n\t\t\t\t<div class=\"elementor-widget-container\">\n\t\t\t<h5 class=\"elementor-heading-title elementor-size-default\">Abteilung f\u00fcr mechanische Bearbeitungen bei MasperoTech Monza<\/h5>\t\t<\/div>\n\t\t\t\t<\/div>\n\t\t\t\t\t<\/div>\n\t\t<\/div>\n\t\t\t\t\t<\/div>\n\t\t<\/section>\n\t\t\t\t\t<\/div>\n\t\t<\/div>\n\t\t\t\t\t<\/div>\n\t\t<\/section>\n\t\t\t\t<section class=\"elementor-section elementor-top-section elementor-element elementor-element-60a03d6 elementor-section-full_width elementor-reverse-tablet grad1 elementor-section-height-default elementor-section-height-default\" data-id=\"60a03d6\" data-element_type=\"section\" data-settings=\"{&quot;background_background&quot;:&quot;classic&quot;}\">\n\t\t\t\t\t\t<div class=\"elementor-container elementor-column-gap-default\">\n\t\t\t\t\t<div class=\"elementor-column elementor-col-50 elementor-top-column elementor-element elementor-element-f6addaf\" data-id=\"f6addaf\" data-element_type=\"column\">\n\t\t\t<div class=\"elementor-widget-wrap elementor-element-populated\">\n\t\t\t\t\t\t<section class=\"elementor-section elementor-inner-section elementor-element elementor-element-6de3dc1 elementor-section-height-min-height elementor-section-boxed elementor-section-height-default\" data-id=\"6de3dc1\" data-element_type=\"section\">\n\t\t\t\t\t\t<div class=\"elementor-container elementor-column-gap-default\">\n\t\t\t\t\t<div data-dce-background-image-url=\"https:\/\/www.masperotech.it\/wp-content\/uploads\/2023\/07\/lavorazioni-meccaniche-masperotech-4-1.jpg\" class=\"elementor-column elementor-col-100 elementor-inner-column elementor-element elementor-element-99d8fa8\" data-id=\"99d8fa8\" data-element_type=\"column\" data-settings=\"{&quot;background_background&quot;:&quot;classic&quot;}\">\n\t\t\t<div class=\"elementor-widget-wrap elementor-element-populated\">\n\t\t\t\t\t<div class=\"elementor-background-overlay\"><\/div>\n\t\t\t\t\t\t<div class=\"elementor-element elementor-element-033a129 elementor-widget elementor-widget-heading\" data-id=\"033a129\" data-element_type=\"widget\" data-widget_type=\"heading.default\">\n\t\t\t\t<div class=\"elementor-widget-container\">\n\t\t\t<h5 class=\"elementor-heading-title elementor-size-default\">Abteilung f\u00fcr mechanische Bearbeitungen bei MasperoTech Monza<\/h5>\t\t<\/div>\n\t\t\t\t<\/div>\n\t\t\t\t\t<\/div>\n\t\t<\/div>\n\t\t\t\t\t<\/div>\n\t\t<\/section>\n\t\t\t\t\t<\/div>\n\t\t<\/div>\n\t\t\t\t<div class=\"elementor-column elementor-col-50 elementor-top-column elementor-element elementor-element-0b5f477 blacktxt\" data-id=\"0b5f477\" data-element_type=\"column\">\n\t\t\t<div class=\"elementor-widget-wrap elementor-element-populated\">\n\t\t\t\t\t\t<section class=\"elementor-section elementor-inner-section elementor-element elementor-element-d160bf7 elementor-section-boxed elementor-section-height-default elementor-section-height-default\" data-id=\"d160bf7\" data-element_type=\"section\">\n\t\t\t\t\t\t<div class=\"elementor-container elementor-column-gap-default\">\n\t\t\t\t\t<div class=\"elementor-column elementor-col-100 elementor-inner-column elementor-element elementor-element-6c507d6\" data-id=\"6c507d6\" data-element_type=\"column\">\n\t\t\t<div class=\"elementor-widget-wrap elementor-element-populated\">\n\t\t\t\t\t\t<div class=\"elementor-element elementor-element-1c2ced4 animated-slow txt3 elementor-invisible elementor-widget elementor-widget-heading\" data-id=\"1c2ced4\" data-element_type=\"widget\" data-settings=\"{&quot;motion_fx_motion_fx_scrolling&quot;:&quot;yes&quot;,&quot;motion_fx_translateX_effect&quot;:&quot;yes&quot;,&quot;motion_fx_translateX_direction&quot;:&quot;negative&quot;,&quot;motion_fx_translateX_speed&quot;:{&quot;unit&quot;:&quot;px&quot;,&quot;size&quot;:1,&quot;sizes&quot;:[]},&quot;_animation&quot;:&quot;fadeIn&quot;,&quot;motion_fx_devices&quot;:[&quot;desktop&quot;],&quot;motion_fx_translateX_affectedRange&quot;:{&quot;unit&quot;:&quot;%&quot;,&quot;size&quot;:&quot;&quot;,&quot;sizes&quot;:{&quot;start&quot;:0,&quot;end&quot;:100}}}\" data-widget_type=\"heading.default\">\n\t\t\t\t<div class=\"elementor-widget-container\">\n\t\t\t<h2 class=\"elementor-heading-title elementor-size-default\">Produktion<\/h2>\t\t<\/div>\n\t\t\t\t<\/div>\n\t\t\t\t<div class=\"elementor-element elementor-element-974969c elementor-widget elementor-widget-text-editor\" data-id=\"974969c\" data-element_type=\"widget\" data-widget_type=\"text-editor.default\">\n\t\t\t\t<div class=\"elementor-widget-container\">\n\t\t\t\t\t\t\t<p>Dank unserer Bearbeitungszentren mit 5 Achsen und einem Tisch von 4&#215;3 m mit einer Ladekapazit\u00e4t von bis zu 25 Tonnen und der Bearbeitungszentren mit horizontaler Achse mit einer maximalen Palettenlast von bis zu 4000 kg sind wir in der Lage, Einzelteile mit einem Gewicht von wenigen hundert Gramm bis Teile mit einer L\u00e4nge von 4 Metern zu bearbeiten.<\/p><p>Auch die Werkzeuge f\u00fcr die verschiedenen zu fr\u00e4senden Teile werden intern entwickelt und hergestellt.<\/p>\t\t\t\t\t\t<\/div>\n\t\t\t\t<\/div>\n\t\t\t\t\t<\/div>\n\t\t<\/div>\n\t\t\t\t\t<\/div>\n\t\t<\/section>\n\t\t\t\t\t<\/div>\n\t\t<\/div>\n\t\t\t\t\t<\/div>\n\t\t<\/section>\n\t\t\t\t<\/div>\n\t\t","protected":false},"excerpt":{"rendered":"<p>Dank des Fachwissens und der langj\u00e4hrigen Erfahrung von CMO Group verf\u00fcgt Masperotech seit kurzem \u00fcber eine eigene Abteilung f\u00fcr mechanische Bearbeitungen f\u00fcr das Fr\u00e4sen von mittelgro\u00dfen und gro\u00dfen Teilen aus Schmiedest\u00fccken, Stangen und Platten, insbesondere f\u00fcr gro\u00dfe Stanzteile. Heute verf\u00fcgt MasperoTech \u00fcber einen sehr gro\u00dfen Maschinenpark f\u00fcr die Bearbeitung von Schmiede- und auch Massivteilen mit [&hellip;]<\/p>\n","protected":false},"author":2,"featured_media":30181,"parent":0,"menu_order":0,"comment_status":"closed","ping_status":"closed","template":"","meta":{"_acf_changed":false,"footnotes":""},"class_list":["post-30177","page","type-page","status-publish","has-post-thumbnail","hentry"],"acf":[],"_links":{"self":[{"href":"https:\/\/www.masperotech.it\/de\/wp-json\/wp\/v2\/pages\/30177","targetHints":{"allow":["GET"]}}],"collection":[{"href":"https:\/\/www.masperotech.it\/de\/wp-json\/wp\/v2\/pages"}],"about":[{"href":"https:\/\/www.masperotech.it\/de\/wp-json\/wp\/v2\/types\/page"}],"author":[{"embeddable":true,"href":"https:\/\/www.masperotech.it\/de\/wp-json\/wp\/v2\/users\/2"}],"replies":[{"embeddable":true,"href":"https:\/\/www.masperotech.it\/de\/wp-json\/wp\/v2\/comments?post=30177"}],"version-history":[{"count":3,"href":"https:\/\/www.masperotech.it\/de\/wp-json\/wp\/v2\/pages\/30177\/revisions"}],"predecessor-version":[{"id":35819,"href":"https:\/\/www.masperotech.it\/de\/wp-json\/wp\/v2\/pages\/30177\/revisions\/35819"}],"wp:featuredmedia":[{"embeddable":true,"href":"https:\/\/www.masperotech.it\/de\/wp-json\/wp\/v2\/media\/30181"}],"wp:attachment":[{"href":"https:\/\/www.masperotech.it\/de\/wp-json\/wp\/v2\/media?parent=30177"}],"curies":[{"name":"wp","href":"https:\/\/api.w.org\/{rel}","templated":true}]}}